{"id":124,"date":"2025-06-25T15:54:34","date_gmt":"2025-06-25T13:54:34","guid":{"rendered":"https:\/\/asymmetriqa.com\/?page_id=124"},"modified":"2026-01-16T11:46:37","modified_gmt":"2026-01-16T10:46:37","slug":"contacto","status":"publish","type":"page","link":"https:\/\/asymmetriqa.com\/es\/contacto\/","title":{"rendered":"Contacto"},"content":{"rendered":"\n<div class=\"wp-block-group has-base-2-background-color has-background has-global-padding is-layout-constrained wp-container-core-group-is-layout-fb0f37f6 wp-block-group-is-layout-constrained\" style=\"margin-top:-25px;padding-top:100px;padding-right:0px;padding-bottom:116px;padding-left:0px\" data-block-type=\"core\">\n<div class=\"wp-block-group is-nowrap is-layout-flex wp-container-core-group-is-layout-a40fa4a2 wp-block-group-is-layout-flex\" style=\"padding-bottom:0px\" data-block-type=\"core\">\n<div class=\"wp-block-group is-layout-flex wp-block-group-is-layout-flex\" data-block-type=\"core\">\n<div class=\"wp-block-columns is-layout-flex wp-container-core-columns-is-layout-28f84493 wp-block-columns-is-layout-flex\" data-block-type=\"core\">\n<div class=\"wp-block-column is-layout-flow wp-block-column-is-layout-flow\" data-block-type=\"core\">\n<h1 class=\"wp-block-heading has-base-color has-base-2-background-color has-text-color has-background has-link-color wp-elements-ba235a4813e09aaa273bc98867acd21e\" style=\"margin-top:20px;margin-right:0px;margin-bottom:20px;margin-left:0px;padding-top:0px;padding-right:0px;padding-bottom:0px;padding-left:0px\" data-block-type=\"core\">Contacto<\/h1>\n<\/div>\n<\/div>\n<\/div>\n<\/div>\n\n\n\n<div class=\"wp-block-stackable-divider stk-block-divider stk-block stk-b7826e5\" data-block-id=\"b7826e5\"><style>.stk-b7826e5 hr.stk-block-divider__hr{background:#00000000 !important;height:100px !important;}@media screen and (max-width: 1023px){.stk-b7826e5 hr.stk-block-divider__hr{height:1px !important;}}@media screen and (max-width: 767px){.stk-b7826e5 hr.stk-block-divider__hr{height:1px !important;}}<\/style><hr class=\"stk-block-divider__hr\"\/><\/div>\n\n\n\n<div class=\"wp-block-group has-global-padding is-layout-constrained wp-container-core-group-is-layout-7a3688e9 wp-block-group-is-layout-constrained\" data-block-type=\"core\">\n<div class=\"wp-block-group is-content-justification-space-between is-nowrap is-layout-flex wp-container-core-group-is-layout-cb46ffcb wp-block-group-is-layout-flex\" data-block-type=\"core\">\n<div class=\"wp-block-columns is-layout-flex wp-container-core-columns-is-layout-28f84493 wp-block-columns-is-layout-flex\" data-block-type=\"core\">\n<div class=\"wp-block-column is-layout-flow wp-block-column-is-layout-flow\" style=\"flex-basis:100%\" data-block-type=\"core\">\n<p class=\"has-base-color has-text-color has-link-color wp-elements-469bd05924a97c4fff460a91f5d6e4ef\" style=\"font-size:clamp(0.875rem, 0.875rem + ((1vw - 0.2rem) * 0.469), 1.25rem);\" data-block-type=\"core\">A continuaci\u00f3n te dejamos varios canales con los que puedes contactar con nosotros.<\/p>\n<\/div>\n\n\n\n<div class=\"wp-block-column is-layout-flow wp-block-column-is-layout-flow\" style=\"padding-right:0px;padding-left:0px;flex-basis:100%\" data-block-type=\"core\">\n<div class=\"wp-block-stackable-text stk-block-text stk-block stk-b39af1d\" data-block-id=\"b39af1d\"><style>.stk-b39af1d {margin-left:200px !important;}.stk-b39af1d .stk-block-text__text{font-size:14px !important;color:#ea570e !important;}@media screen and (max-width: 1023px){.stk-b39af1d {margin-left:0px !important;}.stk-b39af1d .stk-block-text__text{font-size:14px !important;}}@media screen and (max-width: 767px){.stk-b39af1d {margin-left:0px !important;}}<\/style><p class=\"stk-block-text__text has-text-color\">Tel\u00e9fono<\/p><\/div>\n\n\n\n<div class=\"wp-block-stackable-text stk-block-text stk-block stk-6c338e1\" data-block-id=\"6c338e1\"><style>.stk-6c338e1 {margin-left:200px !important;}.stk-6c338e1 .stk-block-text__text{font-size:1.25rem !important;color:#e0d9ce !important;}@media screen and (max-width: 1023px){.stk-6c338e1 {margin-left:0px !important;}.stk-6c338e1 .stk-block-text__text{font-size:16px !important;}}@media screen and (max-width: 767px){.stk-6c338e1 {margin-left:0px !important;}.stk-6c338e1 .stk-block-text__text{font-size:14px !important;}}<\/style><p class=\"stk-block-text__text has-text-color\">931 627 987<\/p><\/div>\n\n\n\n<div class=\"wp-block-stackable-text stk-block-text stk-block stk-e482962\" data-block-id=\"e482962\"><style>.stk-e482962 {margin-left:12.6rem !important;}.stk-e482962 .stk-block-text__text{font-size:14px !important;color:#ea570e !important;}@media screen and (max-width: 1023px){.stk-e482962 {margin-left:0px !important;}.stk-e482962 .stk-block-text__text{font-size:14px !important;}}@media screen and (max-width: 767px){.stk-e482962 {margin-left:0px !important;}}<\/style><p class=\"stk-block-text__text has-text-color\">Correo electr\u00f3nico<\/p><\/div>\n\n\n\n<div class=\"wp-block-stackable-text stk-block-text stk-block stk-94aa0ac\" data-block-id=\"94aa0ac\"><style>.stk-94aa0ac {margin-left:200px !important;}.stk-94aa0ac .stk-block-text__text{font-size:1.25rem !important;color:#e0d9ce !important;}@media screen and (max-width: 1023px){.stk-94aa0ac {margin-left:0px !important;}.stk-94aa0ac .stk-block-text__text{font-size:16px !important;}}@media screen and (max-width: 767px){.stk-94aa0ac {margin-left:0px !important;}.stk-94aa0ac .stk-block-text__text{font-size:14px !important;}}<\/style><p class=\"stk-block-text__text has-text-color\">info@asymmetriqa.com<\/p><\/div>\n<\/div>\n<\/div>\n<\/div>\n\n\n\n<div class=\"wp-block-group is-nowrap is-layout-flex wp-container-core-group-is-layout-efc81aee wp-block-group-is-layout-flex\" style=\"padding-top:60px\" data-block-type=\"core\">\n<div class=\"wp-block-columns is-layout-flex wp-container-core-columns-is-layout-616b8f11 wp-block-columns-is-layout-flex\" style=\"padding-bottom:100px\" data-block-type=\"core\">\n<div class=\"wp-block-column is-layout-flow wp-block-column-is-layout-flow\" data-block-type=\"core\">\n<p class=\"has-base-color has-text-color has-link-color wp-elements-ac46544db1f233be6f6eb4afc27bf223\" style=\"font-size:clamp(0.875rem, 0.875rem + ((1vw - 0.2rem) * 0.469), 1.25rem);\" data-block-type=\"core\">Si lo prefieres, facil\u00edtanos tus datos rellenando el siguiente formulario, para que alguien de nuestro equipo pueda contactarte en la mayor brevedad posible<\/p>\n\n\n<style>.cfcf7-block .wpcf7-text, .cfcf7-block .wpcf7-textarea, .cfcf7-block input[type='number'], .cfcf7-block .wpcf7-select, .cfcf7-block .wpcf7-date { background-color: #1f3838; border-radius: 0;  line-height:1.4em!important; } .cfcf7-block .wpcf7-text, .cfcf7-block .wpcf7-textarea, .cfcf7-block input[type='number'], .cfcf7-block .wpcf7-select, .cfcf7-block .wpcf7-date { border-left: none; border-right: none; border-top: none; } .cfcf7-block .wpcf7-text, .cfcf7-block .wpcf7-textarea, .cfcf7-block input[type='number'], .cfcf7-block .wpcf7-select, .cfcf7-block .wpcf7-date { border-bottom-width: 1px; } .cfcf7-block .wpcf7-text, .cfcf7-block .wpcf7-textarea, .cfcf7-block input[type='number'], .cfcf7-block .wpcf7-select, .cfcf7-block .wpcf7-date { border-bottom-color: #e0d9ce; } .cfcf7-block .wpcf7-text, .cfcf7-block .wpcf7-textarea, .cfcf7-block input[type='number'], .cfcf7-block .wpcf7-select, .cfcf7-block .wpcf7-date { border-bottom-style: solid; } .cfcf7-block .wpcf7-text:focus, .cfcf7-block .wpcf7-textarea:focus, .cfcf7-block input[type='number']:focus, .cfcf7-block .wpcf7-select:focus, .cfcf7-block .wpcf7-date:focus { outline-width: 1px; } .cfcf7-block .wpcf7-text:focus, .cfcf7-block .wpcf7-textarea:focus, .cfcf7-block input[type='number']:focus, .cfcf7-block .wpcf7-select:focus, .cfcf7-block .wpcf7-date:focus { outline-offset: 1px; } .cfcf7-block .wpcf7-text:focus, .cfcf7-block .wpcf7-textarea:focus, .cfcf7-block input[type='number']:focus, .cfcf7-block .wpcf7-select:focus, .cfcf7-block .wpcf7-date:focus { outline-color: #ea570e; } .cfcf7-block .wpcf7-text, .cfcf7-block .wpcf7-textarea, .cfcf7-block input[type='number'], .cfcf7-block .wpcf7-select, .cfcf7-block .wpcf7-date{ box-shadow: 0em 0.1em 1em -0.9em #403b40 inset;} .wpcf7 label{ font-size:1em!important;}  .wpcf7 label{ font-weight:400!important;}  .wpcf7 label{ line-height:1.2em!important;}   .wpcf7 label, .wpcf7 form p a, .wpcf7 form p{ color: #e0d9ce!important; } .wpcf7 label{ line-height: 1.2em;} .cfcf7-block .wpcf7-text, .cfcf7-block .wpcf7-textarea, .cfcf7-block input[type='number'], .cfcf7-block .wpcf7-select, .cfcf7-block .wpcf7-date{font-size:1em!important;}  .cfcf7-block .wpcf7-text, .cfcf7-block .wpcf7-textarea, .cfcf7-block input[type='number'], .cfcf7-block .wpcf7-select, .cfcf7-block .wpcf7-date{ color: #e0d9ce;} .wpcf7 ::placeholder{ color: #e0d9ce} .cfcf7-block .wpcf7-text, .cfcf7-block .wpcf7-textarea, .cfcf7-block input[type='number'], .cfcf7-block .wpcf7-select, .cfcf7-block .wpcf7-date{ padding: 0.4em 0.7em; } .wpcf7-submit, .wpcf7-submit-wrapper{ background: #fbcca4!important; line-height:1.5em!important;} .cfcf7-block .wpcf7-submit{font-size:1em!important; }  .cfcf7-block .wpcf7-submit{ text-transform: capitalize!important; } .cfcf7-block .wpcf7-submit{ font-weight:400!important;}  .cfcf7-block .wpcf7-submit{color: #ea570e!important;}  .cfcf7-block .wpcf7-submit{padding-top:0.4em!important; padding-bottom:0.4em!important; }  .cfcf7-block .wpcf7-submit{padding-left:2.4em; padding-right:2.4em ; }  .cfcf7-block .wpcf7-submit{ width: auto; } .cfcf7-block .wpcf7-submit{ border-radius: 3em!important;} .cfcf7-block .wpcf7-submit{ border: none;} .cfcf7-block .wpcf7-submit{box-shadow:0em 0.3em 1em -0.6em grey;} .cfcf7-block .wpcf7-submit:hover{box-shadow:none!important;} \r\n        @media only screen and (min-width: 361px) and (max-width: 780px) {\r\n            .cfcf7-block\r\n            { \r\n                font-size: 16px!important; \r\n                margin-top: 0em!important; \r\n                margin-left: 0em!important; \r\n                margin-right: 0em!important; \r\n                margin-bottom: 0em!important;\r\n                padding-top: 1.6em!important; \r\n                padding-left: 0.5em!important; \r\n                padding-right: 0.5em!important; \r\n                padding-bottom: 1.6em!important; \r\n            } \r\n            .cfcf7-block .wpcf7-submit{ width: 100%!important; \r\n        }} \r\n@media only screen and (max-width: 360px) {\r\n    .cfcf7-block\r\n{ \r\n                font-size: 16px!important; \r\n                margin-top: 1em!important; \r\n                margin-left: -0.5em!important; \r\n                margin-right: -0.5em!important; \r\n                margin-bottom: 1em!important;\r\n                padding-top: 2em!important; \r\n                padding-left: 0.1em!important; \r\n                padding-right: 0.1em!important; \r\n                padding-bottom: 2em!important; \r\n            } \r\n            .cfcf7-block .wpcf7-submit{ width: 100%!important; \r\n        }}<\/style><div class=\"cfcf7-block-container\"><div style=\"background-color:#1f3838; line-height: 1.4em!important; font-size:16px;  padding-top:2em; padding-left:0.5em; padding-right:0.5em; padding-bottom:2em; margin-top:0em; margin-left:0em; margin-right:0em; margin-bottom:0em; border-radius: 0em; box-shadow:none!important; border-color:black; \" class=\"cfcf7-block wp-block-mofistudio-customizer-block-cf7\">\n<div class=\"wpcf7 no-js\" id=\"wpcf7-f912-o1\" lang=\"es-ES\" dir=\"ltr\" data-wpcf7-id=\"912\">\n<div class=\"screen-reader-response\"><p role=\"status\" aria-live=\"polite\" aria-atomic=\"true\"><\/p> <ul><\/ul><\/div>\n<form action=\"\/es\/wp-json\/wp\/v2\/pages\/124#wpcf7-f912-o1\" method=\"post\" class=\"wpcf7-form init\" aria-label=\"Formulario de contacto\" novalidate=\"novalidate\" data-status=\"init\">\n<fieldset class=\"hidden-fields-container\"><input type=\"hidden\" name=\"_wpcf7\" value=\"912\" \/><input type=\"hidden\" name=\"_wpcf7_version\" value=\"6.1.5\" \/><input type=\"hidden\" name=\"_wpcf7_locale\" value=\"es_ES\" \/><input type=\"hidden\" name=\"_wpcf7_unit_tag\" value=\"wpcf7-f912-o1\" \/><input type=\"hidden\" name=\"_wpcf7_container_post\" value=\"0\" \/><input type=\"hidden\" name=\"_wpcf7_posted_data_hash\" value=\"\" \/>\n<\/fieldset>\n<div>\n\t<p><span class=\"wpcf7-form-control-wrap\" data-name=\"your-name\"><input size=\"40\" maxlength=\"400\" class=\"wpcf7-form-control wpcf7-text wpcf7-validates-as-required\" autocomplete=\"name\" aria-required=\"true\" aria-invalid=\"false\" placeholder=\"Nombre\" value=\"\" type=\"text\" name=\"your-name\" \/><\/span>\n\t<\/p>\n<\/div>\n<div class=\"mail\">\n\t<p><span class=\"wpcf7-form-control-wrap\" data-name=\"your-email\"><input size=\"40\" maxlength=\"400\" class=\"wpcf7-form-control wpcf7-email wpcf7-validates-as-required wpcf7-text wpcf7-validates-as-email\" autocomplete=\"email\" aria-required=\"true\" aria-invalid=\"false\" placeholder=\"Correo electr\u00f3nico\" value=\"\" type=\"email\" name=\"your-email\" \/><\/span>\n\t<\/p>\n<\/div>\n<div class=\"telefono\">\n\t<p><span class=\"wpcf7-form-control-wrap\" data-name=\"your-subject\"><input size=\"40\" maxlength=\"400\" class=\"wpcf7-form-control wpcf7-text wpcf7-validates-as-required\" aria-required=\"true\" aria-invalid=\"false\" placeholder=\"Tel\u00e9fono\" value=\"\" type=\"text\" name=\"your-subject\" \/><\/span>\n\t<\/p>\n<\/div>\n<div>\n\t<p><span class=\"wpcf7-form-control-wrap\" data-name=\"your-message\"><textarea cols=\"40\" rows=\"10\" maxlength=\"2000\" class=\"wpcf7-form-control wpcf7-textarea\" aria-invalid=\"false\" placeholder=\"Mensaje\" name=\"your-message\"><\/textarea><\/span>\n\t<\/p>\n<\/div>\n<p><span class=\"wpcf7-form-control-wrap\" data-name=\"acceptance-927\"><span class=\"wpcf7-form-control wpcf7-acceptance optional\"><span class=\"wpcf7-list-item\"><label><input type=\"checkbox\" name=\"acceptance-927\" value=\"1\" aria-invalid=\"false\" \/><span class=\"wpcf7-list-item-label\">He le\u00eddo y acepto la Pol\u00edtica de Privacidad.<\/span><\/label><\/span><\/span><\/span>\n<\/p>\n<div class=\"boton\">\n\t<p><input class=\"wpcf7-form-control wpcf7-submit has-spinner\" type=\"submit\" value=\"Enviar mensaje\" \/>\n\t<\/p>\n<\/div><div class=\"wpcf7-response-output\" aria-hidden=\"true\"><\/div>\n<\/form>\n<\/div>\n<\/div><\/div><\/div>\n<\/div>\n<\/div>\n<\/div>\n<\/div>\n\n\n\n<div class=\"wp-block-group has-global-padding is-layout-constrained wp-container-core-group-is-layout-7e0646f1 wp-block-group-is-layout-constrained has-background\" style=\"margin-top:-25px;margin-bottom:-25px;background-image:url(&apos;https:\/\/asymmetriqa.com\/wp-content\/uploads\/2025\/07\/Image-Section-Jarron-scaled.jpg&apos;);background-position:33% 49%;background-size:cover;\" data-block-type=\"core\">\n<div class=\"wp-block-group is-nowrap is-layout-flex wp-container-core-group-is-layout-6c531013 wp-block-group-is-layout-flex\" style=\"min-height:450px\" data-block-type=\"core\">\n<div class=\"wp-block-columns is-layout-flex wp-container-core-columns-is-layout-28f84493 wp-block-columns-is-layout-flex\" data-block-type=\"core\">\n<div class=\"wp-block-column is-layout-flow wp-block-column-is-layout-flow\" data-block-type=\"core\"><\/div>\n<\/div>\n<\/div>\n<\/div>\n","protected":false},"excerpt":{"rendered":"<p>Contacto A continuaci\u00f3n te dejamos varios canales con los que puedes contactar con nosotros. Tel\u00e9fono 931 627 987 Correo electr\u00f3nico info@asymmetriqa.com Si lo prefieres, facil\u00edtanos tus datos rellenando el siguiente formulario, para que alguien de nuestro equipo pueda contactarte en la mayor brevedad posible<\/p>\n","protected":false},"author":1,"featured_media":0,"parent":0,"menu_order":0,"comment_status":"closed","ping_status":"closed","template":"","meta":{"footnotes":""},"class_list":["post-124","page","type-page","status-publish","hentry"],"_links":{"self":[{"href":"https:\/\/asymmetriqa.com\/es\/wp-json\/wp\/v2\/pages\/124","targetHints":{"allow":["GET"]}}],"collection":[{"href":"https:\/\/asymmetriqa.com\/es\/wp-json\/wp\/v2\/pages"}],"about":[{"href":"https:\/\/asymmetriqa.com\/es\/wp-json\/wp\/v2\/types\/page"}],"author":[{"embeddable":true,"href":"https:\/\/asymmetriqa.com\/es\/wp-json\/wp\/v2\/users\/1"}],"replies":[{"embeddable":true,"href":"https:\/\/asymmetriqa.com\/es\/wp-json\/wp\/v2\/comments?post=124"}],"version-history":[{"count":78,"href":"https:\/\/asymmetriqa.com\/es\/wp-json\/wp\/v2\/pages\/124\/revisions"}],"predecessor-version":[{"id":5536,"href":"https:\/\/asymmetriqa.com\/es\/wp-json\/wp\/v2\/pages\/124\/revisions\/5536"}],"wp:attachment":[{"href":"https:\/\/asymmetriqa.com\/es\/wp-json\/wp\/v2\/media?parent=124"}],"curies":[{"name":"wp","href":"https:\/\/api.w.org\/{rel}","templated":true}]}}