{"id":2720,"date":"2025-10-14T15:48:45","date_gmt":"2025-10-14T13:48:45","guid":{"rendered":"https:\/\/asymmetriqa.com\/?page_id=2720"},"modified":"2026-02-02T12:34:02","modified_gmt":"2026-02-02T11:34:02","slug":"servicios","status":"publish","type":"page","link":"https:\/\/asymmetriqa.com\/es\/servicios\/","title":{"rendered":"Servicios"},"content":{"rendered":"\n<div class=\"wp-block-group has-custom-color-1-background-color has-background has-global-padding is-layout-constrained wp-container-core-group-is-layout-0b27af4c wp-block-group-is-layout-constrained\" style=\"margin-top:-25px;margin-bottom:-25px;padding-top:100px;padding-bottom:100px\" data-block-type=\"core\">\n<div class=\"wp-block-group is-layout-flex wp-block-group-is-layout-flex\" data-block-type=\"core\">\n<div class=\"wp-block-columns is-layout-flex wp-container-core-columns-is-layout-28f84493 wp-block-columns-is-layout-flex\" data-block-type=\"core\">\n<div class=\"wp-block-column is-layout-flow wp-block-column-is-layout-flow\" data-block-type=\"core\">\n<h1 class=\"wp-block-heading has-base-2-color has-text-color has-link-color wp-elements-a9cede9ee5dd5cfaba7095576b919b5b\" style=\"margin-top:20px;margin-right:0px;margin-bottom:20px;margin-left:0px;padding-top:0px;padding-right:0px;padding-bottom:0px;padding-left:0px\" data-block-type=\"core\">Nuestros servicios<\/h1>\n<\/div>\n<\/div>\n<\/div>\n\n\n\n<div class=\"wp-block-group is-nowrap is-layout-flex wp-container-core-group-is-layout-6c531013 wp-block-group-is-layout-flex\" data-block-type=\"core\">\n<div class=\"wp-block-columns is-layout-flex wp-container-core-columns-is-layout-28f84493 wp-block-columns-is-layout-flex\" data-block-type=\"core\">\n<div class=\"wp-block-column is-layout-flow wp-block-column-is-layout-flow\" data-block-type=\"core\">\n<p class=\"has-base-2-color has-text-color has-link-color wp-elements-512a91ed8c6f3f1fc8bb76d305f99eb8\" style=\"font-size:clamp(0.875rem, 0.875rem + ((1vw - 0.2rem) * 0.469), 1.25rem);\" data-block-type=\"core\">Asymmetriqa presenta una propuesta de servicios personalizada para<br>clientes que cubre todas las fases del proceso de asesoramiento en inversiones.<\/p>\n<\/div>\n<\/div>\n<\/div>\n<\/div>\n\n\n\n<div class=\"wp-block-group has-custom-color-1-background-color has-background has-global-padding is-content-justification-center is-layout-constrained wp-container-core-group-is-layout-9338340b wp-block-group-is-layout-constrained\" style=\"margin-top:-10px;padding-top:var(--wp--preset--spacing--40)\" data-block-type=\"core\">\n<div class=\"wp-block-group is-vertical is-layout-flex wp-container-core-group-is-layout-3a19b9da wp-block-group-is-layout-flex\" style=\"margin-top:0;margin-bottom:0\" data-block-type=\"core\">\n<div class=\"wp-block-group is-nowrap is-layout-flex wp-container-core-group-is-layout-9f434d36 wp-block-group-is-layout-flex\" style=\"border-left-style:none;border-left-width:0px;margin-bottom:0px;padding-right:0px;padding-left:0px\" data-block-type=\"core\">\n<span class=\"gb-shape gb-shape-b1fb7149\"><svg xmlns=\"http:\/\/www.w3.org\/2000\/svg\" viewBox=\"0 0 512 512\" width=\"1em\" height=\"1em\" aria-hidden=\"true\"><path d=\"M256 8C119 8 8 119 8 256s111 248 248 248 248-111 248-248S393 8 256 8z\" fill=\"currentColor\"><\/path><\/svg><\/span>\n<\/div>\n\n\n\n<div class=\"wp-block-group is-nowrap is-layout-flex wp-container-core-group-is-layout-0b083578 wp-block-group-is-layout-flex\" style=\"margin-top:0;margin-bottom:0;padding-top:0;padding-left:6px\" data-block-type=\"core\">\n<div class=\"wp-block-group is-horizontal is-layout-flex wp-container-core-group-is-layout-9e8d954d wp-block-group-is-layout-flex\" style=\"border-left-width:2px;margin-top:-12px;margin-bottom:0px;padding-top:0px;padding-right:0px;padding-bottom:100px;padding-left:9vw\" data-block-type=\"core\">\n<h2 class=\"wp-block-heading has-base-2-color has-text-color has-link-color has-xx-large-font-size wp-elements-63250f687df8061dbea2084a18940873\" style=\"margin-top:-40px\" data-block-type=\"core\">01.<\/h2>\n\n\n\n<div class=\"wp-block-group is-vertical is-layout-flex wp-container-core-group-is-layout-e1300cac wp-block-group-is-layout-flex\" data-block-type=\"core\">\n<p class=\"has-base-2-color has-text-color has-link-color has-medium-font-size wp-elements-1ba53a354576200dce3f95ba3a4249b9\" style=\"margin-top:-6px\" data-block-type=\"core\">Diagn\u00f3stico de la situaci\u00f3n patrimonial inicial.<\/p>\n<\/div>\n<\/div>\n<\/div>\n<\/div>\n\n\n\n<div class=\"wp-block-group is-vertical is-layout-flex wp-container-core-group-is-layout-3a19b9da wp-block-group-is-layout-flex\" style=\"margin-top:0;margin-bottom:0\" data-block-type=\"core\">\n<div class=\"wp-block-group is-nowrap is-layout-flex wp-container-core-group-is-layout-9f434d36 wp-block-group-is-layout-flex\" style=\"border-left-style:none;border-left-width:0px;margin-bottom:0px;padding-right:0px;padding-left:0px\" data-block-type=\"core\">\n<span class=\"gb-shape gb-shape-c0c94f31\"><svg xmlns=\"http:\/\/www.w3.org\/2000\/svg\" viewBox=\"0 0 512 512\" width=\"1em\" height=\"1em\" aria-hidden=\"true\"><path d=\"M256 8C119 8 8 119 8 256s111 248 248 248 248-111 248-248S393 8 256 8z\" fill=\"currentColor\"><\/path><\/svg><\/span>\n<\/div>\n\n\n\n<div class=\"wp-block-group is-nowrap is-layout-flex wp-container-core-group-is-layout-0b083578 wp-block-group-is-layout-flex\" style=\"margin-top:0;margin-bottom:0;padding-top:0;padding-left:6px\" data-block-type=\"core\">\n<div class=\"wp-block-group is-horizontal is-layout-flex wp-container-core-group-is-layout-9e8d954d wp-block-group-is-layout-flex\" style=\"border-left-width:2px;margin-top:-12px;margin-bottom:0px;padding-top:0px;padding-right:0px;padding-bottom:100px;padding-left:9vw\" data-block-type=\"core\">\n<h2 class=\"wp-block-heading has-base-2-color has-text-color has-link-color has-xx-large-font-size wp-elements-bd92d3de9b4f3019560e36f85c93e1c1\" style=\"margin-top:-40px\" data-block-type=\"core\">02.<\/h2>\n\n\n\n<div class=\"wp-block-group is-vertical is-layout-flex wp-container-core-group-is-layout-e1300cac wp-block-group-is-layout-flex\" data-block-type=\"core\">\n<p class=\"has-base-2-color has-text-color has-link-color has-medium-font-size wp-elements-f92b21441993a37fb37cc920f9958d6a\" style=\"margin-top:-6px\" data-block-type=\"core\">Preparaci\u00f3n de un plan estrat\u00e9gico patrimonial en funci\u00f3n de los objetivos y planes del cliente.<\/p>\n<\/div>\n<\/div>\n<\/div>\n<\/div>\n\n\n\n<div class=\"wp-block-group is-vertical is-layout-flex wp-container-core-group-is-layout-3a19b9da wp-block-group-is-layout-flex\" style=\"margin-top:0;margin-bottom:0\" data-block-type=\"core\">\n<div class=\"wp-block-group is-nowrap is-layout-flex wp-container-core-group-is-layout-9f434d36 wp-block-group-is-layout-flex\" style=\"border-left-style:none;border-left-width:0px;margin-bottom:0px;padding-right:0px;padding-left:0px\" data-block-type=\"core\">\n<span class=\"gb-shape gb-shape-a1ebbf06\"><svg xmlns=\"http:\/\/www.w3.org\/2000\/svg\" viewBox=\"0 0 512 512\" width=\"1em\" height=\"1em\" aria-hidden=\"true\"><path d=\"M256 8C119 8 8 119 8 256s111 248 248 248 248-111 248-248S393 8 256 8z\" fill=\"currentColor\"><\/path><\/svg><\/span>\n<\/div>\n\n\n\n<div class=\"wp-block-group is-nowrap is-layout-flex wp-container-core-group-is-layout-0b083578 wp-block-group-is-layout-flex\" style=\"margin-top:0;margin-bottom:0;padding-top:0;padding-left:6px\" data-block-type=\"core\">\n<div class=\"wp-block-group is-horizontal is-layout-flex wp-container-core-group-is-layout-9e8d954d wp-block-group-is-layout-flex\" style=\"border-left-width:2px;margin-top:-12px;margin-bottom:0px;padding-top:0px;padding-right:0px;padding-bottom:100px;padding-left:9vw\" data-block-type=\"core\">\n<h2 class=\"wp-block-heading has-base-2-color has-text-color has-link-color has-xx-large-font-size wp-elements-9b7fc03ea904aff066835d69fcd63ebe\" style=\"margin-top:-40px\" data-block-type=\"core\">03.<\/h2>\n\n\n\n<div class=\"wp-block-group wp-container-content-006212af is-vertical is-layout-flex wp-container-core-group-is-layout-e1300cac wp-block-group-is-layout-flex\" data-block-type=\"core\">\n<p class=\"has-base-2-color has-text-color has-link-color has-medium-font-size wp-elements-b43b22203e0b8732a4167894601f32c8\" style=\"margin-top:-6px\" data-block-type=\"core\">Propuesta de una estructura eficiente, figura jur\u00eddica y jurisdicci\u00f3n, junto con los asesores legales y fiscales del cliente.<\/p>\n<\/div>\n<\/div>\n<\/div>\n<\/div>\n\n\n\n<div class=\"wp-block-group is-vertical is-layout-flex wp-container-core-group-is-layout-3a19b9da wp-block-group-is-layout-flex\" style=\"margin-top:0;margin-bottom:0\" data-block-type=\"core\">\n<div class=\"wp-block-group is-nowrap is-layout-flex wp-container-core-group-is-layout-9f434d36 wp-block-group-is-layout-flex\" style=\"border-left-style:none;border-left-width:0px;margin-bottom:0px;padding-right:0px;padding-left:0px\" data-block-type=\"core\">\n<span class=\"gb-shape gb-shape-f97e66ae\"><svg xmlns=\"http:\/\/www.w3.org\/2000\/svg\" viewBox=\"0 0 512 512\" width=\"1em\" height=\"1em\" aria-hidden=\"true\"><path d=\"M256 8C119 8 8 119 8 256s111 248 248 248 248-111 248-248S393 8 256 8z\" fill=\"currentColor\"><\/path><\/svg><\/span>\n<\/div>\n\n\n\n<div class=\"wp-block-group is-nowrap is-layout-flex wp-container-core-group-is-layout-0b083578 wp-block-group-is-layout-flex\" style=\"margin-top:0;margin-bottom:0;padding-top:0;padding-left:6px\" data-block-type=\"core\">\n<div class=\"wp-block-group is-horizontal is-layout-flex wp-container-core-group-is-layout-9e8d954d wp-block-group-is-layout-flex\" style=\"border-left-width:2px;margin-top:-12px;margin-bottom:0px;padding-top:0px;padding-right:0px;padding-bottom:100px;padding-left:9vw\" data-block-type=\"core\">\n<h2 class=\"wp-block-heading has-base-2-color has-text-color has-link-color has-xx-large-font-size wp-elements-6042bc8ae0c209b4fcdcb13dd203987f\" style=\"margin-top:-40px\" data-block-type=\"core\">04.<\/h2>\n\n\n\n<div class=\"wp-block-group wp-container-content-006212af is-vertical is-layout-flex wp-container-core-group-is-layout-e1300cac wp-block-group-is-layout-flex\" data-block-type=\"core\">\n<p class=\"has-base-2-color has-text-color has-link-color has-medium-font-size wp-elements-29f454dc7aebd447a2e1eac588e9e408\" style=\"margin-top:-6px\" data-block-type=\"core\">Selecci\u00f3n de bancos, bancos de custodia y de cualesquiera otros proveedores financieros, incluida la negociaci\u00f3n de las condiciones econ\u00f3micas y los t\u00e9rminos de servicio.<\/p>\n<\/div>\n<\/div>\n<\/div>\n<\/div>\n\n\n\n<div class=\"wp-block-group is-vertical is-layout-flex wp-container-core-group-is-layout-3a19b9da wp-block-group-is-layout-flex\" style=\"margin-top:0;margin-bottom:0\" data-block-type=\"core\">\n<div class=\"wp-block-group is-nowrap is-layout-flex wp-container-core-group-is-layout-9f434d36 wp-block-group-is-layout-flex\" style=\"border-left-style:none;border-left-width:0px;margin-bottom:0px;padding-right:0px;padding-left:0px\" data-block-type=\"core\">\n<span class=\"gb-shape gb-shape-e3b62f54\"><svg xmlns=\"http:\/\/www.w3.org\/2000\/svg\" viewBox=\"0 0 512 512\" width=\"1em\" height=\"1em\" aria-hidden=\"true\"><path d=\"M256 8C119 8 8 119 8 256s111 248 248 248 248-111 248-248S393 8 256 8z\" fill=\"currentColor\"><\/path><\/svg><\/span>\n<\/div>\n\n\n\n<div class=\"wp-block-group is-nowrap is-layout-flex wp-container-core-group-is-layout-0b083578 wp-block-group-is-layout-flex\" style=\"margin-top:0;margin-bottom:0;padding-top:0;padding-left:6px\" data-block-type=\"core\">\n<div class=\"wp-block-group is-horizontal is-layout-flex wp-container-core-group-is-layout-9e8d954d wp-block-group-is-layout-flex\" style=\"border-left-width:2px;margin-top:-12px;margin-bottom:0px;padding-top:0px;padding-right:0px;padding-bottom:100px;padding-left:9vw\" data-block-type=\"core\">\n<h2 class=\"wp-block-heading has-base-2-color has-text-color has-link-color has-xx-large-font-size wp-elements-67ecbc02c6e8861dab76a1722338b51e\" style=\"margin-top:-40px\" data-block-type=\"core\">05.<\/h2>\n\n\n\n<div class=\"wp-block-group is-vertical is-layout-flex wp-container-core-group-is-layout-e1300cac wp-block-group-is-layout-flex\" data-block-type=\"core\">\n<p class=\"has-base-2-color has-text-color has-link-color has-medium-font-size wp-elements-37a0698502719da6be5d7b5174df9d3f\" style=\"margin-top:-6px\" data-block-type=\"core\">Direcci\u00f3n de inversiones y supervisi\u00f3n activa del patrimonio.<\/p>\n<\/div>\n<\/div>\n<\/div>\n<\/div>\n\n\n\n<div class=\"wp-block-group is-vertical is-layout-flex wp-container-core-group-is-layout-3a19b9da wp-block-group-is-layout-flex\" style=\"margin-top:0;margin-bottom:0\" data-block-type=\"core\">\n<div class=\"wp-block-group is-nowrap is-layout-flex wp-container-core-group-is-layout-9f434d36 wp-block-group-is-layout-flex\" style=\"border-left-style:none;border-left-width:0px;margin-bottom:0px;padding-right:0px;padding-left:0px\" data-block-type=\"core\">\n<span class=\"gb-shape gb-shape-4c3db2ae\"><svg xmlns=\"http:\/\/www.w3.org\/2000\/svg\" viewBox=\"0 0 512 512\" width=\"1em\" height=\"1em\" aria-hidden=\"true\"><path d=\"M256 8C119 8 8 119 8 256s111 248 248 248 248-111 248-248S393 8 256 8z\" fill=\"currentColor\"><\/path><\/svg><\/span>\n<\/div>\n\n\n\n<div class=\"wp-block-group is-nowrap is-layout-flex wp-container-core-group-is-layout-0b083578 wp-block-group-is-layout-flex\" style=\"margin-top:0;margin-bottom:0;padding-top:0;padding-left:6px\" data-block-type=\"core\">\n<div class=\"wp-block-group is-horizontal is-layout-flex wp-container-core-group-is-layout-9e8d954d wp-block-group-is-layout-flex\" style=\"border-left-style:none;border-left-width:0px;margin-top:-12px;margin-bottom:0px;padding-top:0px;padding-right:0px;padding-bottom:100px;padding-left:9vw\" data-block-type=\"core\">\n<h2 class=\"wp-block-heading has-base-2-color has-text-color has-link-color has-xx-large-font-size wp-elements-86f6922cd6333168b19128fea479f9b6\" style=\"margin-top:-40px\" data-block-type=\"core\">06.<\/h2>\n\n\n\n<div class=\"wp-block-group wp-container-content-006212af is-vertical is-layout-flex wp-container-core-group-is-layout-e1300cac wp-block-group-is-layout-flex\" data-block-type=\"core\">\n<p class=\"has-base-2-color has-text-color has-link-color has-medium-font-size wp-elements-df8b4743d4489c37ca973fcc9d89264e\" style=\"margin-top:-6px\" data-block-type=\"core\">Informe agregado y detallado por cartera de todos los activos, l\u00edquidos e il\u00edquidos, incluyendo an\u00e1lisis de rentabilidades y riesgos. Reporte de toda la informaci\u00f3n en vistas multi-jurisdicci\u00f3n, multi-banco, multi-cartera y multiactivo, con todo detalle y completa consolidaci\u00f3n.<\/p>\n<\/div>\n<\/div>\n<\/div>\n<\/div>\n<\/div>\n","protected":false},"excerpt":{"rendered":"<p>Nuestros servicios Asymmetriqa presenta una propuesta de servicios personalizada paraclientes que cubre todas las fases del proceso de asesoramiento en inversiones. 01. Diagn\u00f3stico de la situaci\u00f3n patrimonial inicial. 02. Preparaci\u00f3n de un plan estrat\u00e9gico patrimonial en funci\u00f3n de los objetivos y planes del cliente. 03. Propuesta de una estructura eficiente, figura jur\u00eddica y jurisdicci\u00f3n, junto [&hellip;]<\/p>\n","protected":false},"author":1,"featured_media":0,"parent":0,"menu_order":0,"comment_status":"closed","ping_status":"closed","template":"","meta":{"footnotes":""},"class_list":["post-2720","page","type-page","status-publish","hentry"],"_links":{"self":[{"href":"https:\/\/asymmetriqa.com\/es\/wp-json\/wp\/v2\/pages\/2720","targetHints":{"allow":["GET"]}}],"collection":[{"href":"https:\/\/asymmetriqa.com\/es\/wp-json\/wp\/v2\/pages"}],"about":[{"href":"https:\/\/asymmetriqa.com\/es\/wp-json\/wp\/v2\/types\/page"}],"author":[{"embeddable":true,"href":"https:\/\/asymmetriqa.com\/es\/wp-json\/wp\/v2\/users\/1"}],"replies":[{"embeddable":true,"href":"https:\/\/asymmetriqa.com\/es\/wp-json\/wp\/v2\/comments?post=2720"}],"version-history":[{"count":41,"href":"https:\/\/asymmetriqa.com\/es\/wp-json\/wp\/v2\/pages\/2720\/revisions"}],"predecessor-version":[{"id":5311,"href":"https:\/\/asymmetriqa.com\/es\/wp-json\/wp\/v2\/pages\/2720\/revisions\/5311"}],"wp:attachment":[{"href":"https:\/\/asymmetriqa.com\/es\/wp-json\/wp\/v2\/media?parent=2720"}],"curies":[{"name":"wp","href":"https:\/\/api.w.org\/{rel}","templated":true}]}}