{"id":3334,"date":"2025-10-21T16:28:06","date_gmt":"2025-10-21T14:28:06","guid":{"rendered":"https:\/\/asymmetriqa.com\/?page_id=3334"},"modified":"2026-02-26T11:02:26","modified_gmt":"2026-02-26T10:02:26","slug":"prospectiva","status":"publish","type":"page","link":"https:\/\/asymmetriqa.com\/es\/prospectiva\/","title":{"rendered":"Prospectiva"},"content":{"rendered":"\n<div class=\"wp-block-group has-global-padding is-layout-constrained wp-block-group-is-layout-constrained\" data-block-type=\"core\">\n<div class=\"wp-block-group has-base-2-background-color has-background has-global-padding is-layout-constrained wp-container-core-group-is-layout-ef0b3a73 wp-block-group-is-layout-constrained\" style=\"margin-top:-25px;margin-bottom:var(--wp--preset--spacing--20);padding-top:60px;padding-right:0vh;padding-bottom:60px;padding-left:0vh\" data-block-type=\"core\">\n<div class=\"wp-block-group is-layout-flex wp-block-group-is-layout-flex\" data-block-type=\"core\">\n<div class=\"wp-block-columns is-layout-flex wp-container-core-columns-is-layout-28f84493 wp-block-columns-is-layout-flex\" data-block-type=\"core\">\n<div class=\"wp-block-column is-layout-flow wp-block-column-is-layout-flow\" data-block-type=\"core\">\n<h1 class=\"wp-block-heading has-base-color has-base-2-background-color has-text-color has-background has-link-color wp-elements-e1840fd732ab1c8e4b266b48f9a0dd51\" style=\"margin-top:20px;margin-right:0px;margin-bottom:20px;margin-left:0px;padding-top:0px;padding-right:0px;padding-bottom:0px;padding-left:0px\" data-block-type=\"core\">Prospectiva<\/h1>\n<\/div>\n<\/div>\n<\/div>\n\n\n\n<div class=\"wp-block-group is-horizontal is-content-justification-left is-nowrap is-layout-flex wp-container-core-group-is-layout-34b1da41 wp-block-group-is-layout-flex\" style=\"padding-right:0;padding-left:0\" data-block-type=\"core\">\n<div class=\"wp-block-columns are-vertically-aligned-top wp-container-content-9cfa9a5a is-layout-flex wp-container-core-columns-is-layout-aae02c2e wp-block-columns-is-layout-flex\" style=\"border-style:none;border-width:0px;border-radius:0px;margin-top:var(--wp--preset--spacing--10);margin-bottom:var(--wp--preset--spacing--10)\" data-block-type=\"core\">\n<div class=\"wp-block-column is-vertically-aligned-top is-layout-flow wp-block-column-is-layout-flow\" style=\"flex-basis:100%\" data-block-type=\"core\">\n<p class=\"has-base-color has-text-color has-link-color wp-elements-dc244d0c06278bb8364ef7a5c01bbabd\" style=\"margin-right:0px;margin-left:0px;font-size:clamp(0.875rem, 0.875rem + ((1vw - 0.2rem) * 0.469), 1.25rem);\" data-block-type=\"core\">A menudo nuestra opini\u00f3n resuena en medios especializados o de informaci\u00f3n generalista. En esta secci\u00f3n aglutinamos tanto los frutos de nuestras reflexiones como las semillas que las hacen brotar.<\/p>\n<\/div>\n<\/div>\n<\/div>\n<\/div>\n\n\n\n<div class=\"wp-block-group has-base-2-background-color has-background has-global-padding is-layout-constrained wp-container-core-group-is-layout-ef0b3a73 wp-block-group-is-layout-constrained\" style=\"margin-top:-25px;margin-bottom:var(--wp--preset--spacing--20);padding-top:60px;padding-right:0vh;padding-bottom:60px;padding-left:0vh\" data-block-type=\"core\">\n<div class=\"wp-block-group is-content-justification-left is-layout-flex wp-container-core-group-is-layout-bc8e6f51 wp-block-group-is-layout-flex\" data-block-type=\"core\">\n<div class=\"wp-block-columns wp-container-content-9cfa9a5a is-layout-flex wp-container-core-columns-is-layout-28f84493 wp-block-columns-is-layout-flex\" data-block-type=\"core\">\n<div class=\"wp-block-column is-layout-flow wp-block-column-is-layout-flow\" data-block-type=\"core\">\n<div class=\"wp-block-group is-nowrap is-layout-flex wp-container-core-group-is-layout-6c531013 wp-block-group-is-layout-flex\" data-block-type=\"core\">\n<div class=\"wp-block-stackable-button-group stk-block-button-group stk-block stk-54f2e6e\" data-block-id=\"54f2e6e\"><style>.stk-54f2e6e {z-index:0 !important;}<\/style><div class=\"stk-row stk-inner-blocks stk-block-content stk-button-group\">\n<div class=\"wp-block-stackable-button stk-block-button stk-block stk-c9117f0\" data-block-id=\"c9117f0\"><style>.stk-c9117f0 {padding-top:var(--stk--preset--spacing--none, 0px) !important;padding-right:var(--stk--preset--spacing--none, 0px) !important;padding-bottom:var(--stk--preset--spacing--none, 0px) !important;padding-left:var(--stk--preset--spacing--none, 0px) !important;margin-top:var(--stk--preset--spacing--none, 0px) !important;z-index:0 !important;}.stk-c9117f0 .stk-button{background:#00000000 !important;border-top-left-radius:var(--stk--preset--border-radius--full, 9999px) !important;border-top-right-radius:var(--stk--preset--border-radius--full, 9999px) !important;border-bottom-right-radius:var(--stk--preset--border-radius--full, 9999px) !important;border-bottom-left-radius:var(--stk--preset--border-radius--full, 9999px) !important;}.stk-c9117f0 .stk-button:before{border-style:solid !important;border-color:#ea570e !important;}.stk-c9117f0 .stk-button__inner-text{color:#e0d9ce !important;}<\/style><a class=\"stk-link stk-button\" href=\"\"><span class=\"has-text-color stk-button__inner-text\">Diario digital<\/span><\/a><\/div>\n<\/div><\/div>\n\n\n\n<div class=\"wp-block-stackable-button-group stk-block-button-group stk-block stk-c80a2e3\" data-block-id=\"c80a2e3\"><style>.stk-c80a2e3 {z-index:0 !important;}<\/style><div class=\"stk-row stk-inner-blocks stk-block-content stk-button-group\">\n<div class=\"wp-block-stackable-button stk-block-button stk-block stk-d562342\" data-block-id=\"d562342\"><style>.stk-d562342 {padding-top:var(--stk--preset--spacing--none, 0px) !important;padding-right:var(--stk--preset--spacing--none, 0px) !important;padding-bottom:var(--stk--preset--spacing--none, 0px) !important;padding-left:var(--stk--preset--spacing--none, 0px) !important;margin-top:var(--stk--preset--spacing--none, 0px) !important;}.stk-d562342 .stk-button{background:#00000000 !important;border-top-left-radius:var(--stk--preset--border-radius--full, 9999px) !important;border-top-right-radius:var(--stk--preset--border-radius--full, 9999px) !important;border-bottom-right-radius:var(--stk--preset--border-radius--full, 9999px) !important;border-bottom-left-radius:var(--stk--preset--border-radius--full, 9999px) !important;}.stk-d562342 .stk-button:before{border-style:solid !important;border-top-width:0px !important;border-right-width:0px !important;border-bottom-width:0px !important;border-left-width:0px !important;}.stk-d562342 .stk-button__inner-text{color:#e0d9ce !important;}<\/style><a class=\"stk-link stk-button\" href=\"\"><span class=\"has-text-color stk-button__inner-text\">22\/07\/22<\/span><\/a><\/div>\n<\/div><\/div>\n<\/div>\n<\/div>\n<\/div>\n\n\n\n<div class=\"wp-block-columns wp-container-content-9cfa9a5a is-layout-flex wp-container-core-columns-is-layout-28f84493 wp-block-columns-is-layout-flex\" data-block-type=\"core\">\n<div class=\"wp-block-column is-layout-flow wp-block-column-is-layout-flow\" style=\"flex-basis:80%\" data-block-type=\"core\">\n<h2 class=\"wp-block-heading has-base-color has-base-2-background-color has-text-color has-background has-link-color wp-elements-95b87748ee6f2f54f17ddc6fadaf3ff9\" style=\"margin-top:20px;margin-right:0px;margin-bottom:20px;margin-left:0px;padding-top:0px;padding-right:0px;padding-bottom:0px;padding-left:0px\" data-block-type=\"core\">El precio de los metales preciosos se dispara: el oro supera los 3.500 d\u00f3lares<\/h2>\n<\/div>\n\n\n\n<div class=\"wp-block-column is-layout-flow wp-block-column-is-layout-flow\" style=\"flex-basis:10%\" data-block-type=\"core\">\n<div class=\"wp-block-group is-vertical is-content-justification-left is-nowrap is-layout-flex wp-container-core-group-is-layout-e2f2b9e4 wp-block-group-is-layout-flex\" style=\"margin-top:0;margin-bottom:0\" data-block-type=\"core\">\n<div class=\"wp-block-stackable-image stk-block-image has-text-align-left has-text-align-left-mobile stk-block stk-336a740\" data-block-id=\"336a740\"><style>.stk-336a740 {z-index:0 !important;}.stk-336a740 .stk-img-wrapper{width:50% !important;}<\/style><figure><span class=\"stk-img-wrapper stk-image--shape-stretch\"><img loading=\"lazy\" decoding=\"async\" class=\"stk-img wp-image-2918\" src=\"https:\/\/asymmetriqa.com\/wp-content\/uploads\/2025\/07\/Diari.png\" width=\"90\" height=\"69\"\/><\/span><\/figure><\/div>\n\n\n\n<a class=\"gb-text gb-text-4453612d\" href=\"https:\/\/www.ara.cat\/economia\/mercats\/preu-dels-metalls-preciosos-dispara-l-or-supera-3-500-dolars_1_5484694.html\" target=\"_blank\" rel=\"noopener\">LEER +<\/a>\n<\/div>\n<\/div>\n<\/div>\n<\/div>\n\n\n\n<div class=\"wp-block-group is-horizontal is-content-justification-left is-nowrap is-layout-flex wp-container-core-group-is-layout-34b1da41 wp-block-group-is-layout-flex\" style=\"padding-right:0;padding-left:0\" data-block-type=\"core\">\n<div class=\"wp-block-columns are-vertically-aligned-top wp-container-content-9cfa9a5a is-layout-flex wp-container-core-columns-is-layout-aae02c2e wp-block-columns-is-layout-flex\" style=\"border-style:none;border-width:0px;border-radius:0px;margin-top:var(--wp--preset--spacing--10);margin-bottom:var(--wp--preset--spacing--10)\" data-block-type=\"core\">\n<div class=\"wp-block-column is-vertically-aligned-top is-layout-flow wp-block-column-is-layout-flow\" style=\"flex-basis:100%\" data-block-type=\"core\">\n<p class=\"has-base-color has-text-color has-link-color wp-elements-924a49299c498855d60d6c0ce5dd2ef1\" style=\"margin-right:0px;margin-left:0px;font-size:clamp(0.875rem, 0.875rem + ((1vw - 0.2rem) * 0.469), 1.25rem);\" data-block-type=\"core\">La plata tambi\u00e9n sube como la espuma y alcanza m\u00e1ximos de los \u00faltimos 14 a\u00f1os.<\/p>\n<\/div>\n<\/div>\n<\/div>\n\n\n\n<div class=\"wp-block-stackable-divider stk-block-divider stk-block stk-e14a95e\" data-block-id=\"e14a95e\"><style>.stk-e14a95e hr.stk-block-divider__hr{background:#e0dace00 !important;height:60px !important;width:100% !important;}.stk-e14a95e {min-height:0px !important;align-items:center !important;display:flex !important;}<\/style><hr class=\"stk-block-divider__hr\"\/><\/div>\n\n\n\n<div class=\"wp-block-stackable-divider stk-block-divider stk-block stk-856e347\" data-block-id=\"856e347\"><style>.stk-856e347 hr.stk-block-divider__hr{background:#e0d9ce !important;height:1px !important;width:100% !important;}.stk-856e347 {min-height:0px !important;align-items:center !important;display:flex !important;z-index:0 !important;}<\/style><hr class=\"stk-block-divider__hr\"\/><\/div>\n<\/div>\n\n\n\n<div class=\"wp-block-group has-base-2-background-color has-background has-global-padding is-layout-constrained wp-container-core-group-is-layout-1e0a830b wp-block-group-is-layout-constrained\" style=\"margin-top:-25px;margin-bottom:-25px;padding-top:60px;padding-right:0vh;padding-bottom:60px;padding-left:0vh\" data-block-type=\"core\">\n<div class=\"wp-block-group is-content-justification-left is-layout-flex wp-container-core-group-is-layout-bc8e6f51 wp-block-group-is-layout-flex\" data-block-type=\"core\">\n<div class=\"wp-block-columns is-layout-flex wp-container-core-columns-is-layout-28f84493 wp-block-columns-is-layout-flex\" data-block-type=\"core\">\n<div class=\"wp-block-column is-layout-flow wp-block-column-is-layout-flow\" data-block-type=\"core\">\n<div class=\"wp-block-stackable-button-group stk-block-button-group stk-block stk-8007419\" data-block-id=\"8007419\"><div class=\"stk-row stk-inner-blocks stk-block-content stk-button-group\">\n<div class=\"wp-block-stackable-button stk-block-button stk-block stk-a97ee44\" data-block-id=\"a97ee44\"><style>.stk-a97ee44 {padding-top:var(--stk--preset--spacing--none, 0px) !important;padding-right:var(--stk--preset--spacing--none, 0px) !important;padding-bottom:var(--stk--preset--spacing--none, 0px) !important;padding-left:var(--stk--preset--spacing--none, 0px) !important;margin-top:var(--stk--preset--spacing--none, 0px) !important;}.stk-a97ee44 .stk-button{background:#00000000 !important;border-top-left-radius:var(--stk--preset--border-radius--full, 9999px) !important;border-top-right-radius:var(--stk--preset--border-radius--full, 9999px) !important;border-bottom-right-radius:var(--stk--preset--border-radius--full, 9999px) !important;border-bottom-left-radius:var(--stk--preset--border-radius--full, 9999px) !important;}.stk-a97ee44 .stk-button:before{border-style:solid !important;border-color:#ea570e !important;}.stk-a97ee44 .stk-button__inner-text{color:#e0d9ce !important;}<\/style><a class=\"stk-link stk-button\" href=\"\"><span class=\"has-text-color stk-button__inner-text\">Publicaci\u00f3n<\/span><\/a><\/div>\n\n\n\n<div class=\"wp-block-stackable-button stk-block-button stk-block stk-c6aa77e\" data-block-id=\"c6aa77e\"><style>.stk-c6aa77e {padding-top:var(--stk--preset--spacing--none, 0px) !important;padding-right:var(--stk--preset--spacing--none, 0px) !important;padding-bottom:var(--stk--preset--spacing--none, 0px) !important;padding-left:var(--stk--preset--spacing--none, 0px) !important;margin-top:var(--stk--preset--spacing--none, 0px) !important;}.stk-c6aa77e .stk-button{background:#00000000 !important;border-top-left-radius:var(--stk--preset--border-radius--full, 9999px) !important;border-top-right-radius:var(--stk--preset--border-radius--full, 9999px) !important;border-bottom-right-radius:var(--stk--preset--border-radius--full, 9999px) !important;border-bottom-left-radius:var(--stk--preset--border-radius--full, 9999px) !important;}.stk-c6aa77e .stk-button:before{border-style:solid !important;border-top-width:0px !important;border-right-width:0px !important;border-bottom-width:0px !important;border-left-width:0px !important;}.stk-c6aa77e .stk-button__inner-text{color:#e0d9ce !important;}<\/style><a class=\"stk-link stk-button\" href=\"\"><span class=\"has-text-color stk-button__inner-text\">22\/07\/22<\/span><\/a><\/div>\n<\/div><\/div>\n<\/div>\n<\/div>\n\n\n\n<div class=\"wp-block-columns wp-container-content-9cfa9a5a is-layout-flex wp-container-core-columns-is-layout-28f84493 wp-block-columns-is-layout-flex\" data-block-type=\"core\">\n<div class=\"wp-block-column is-layout-flow wp-block-column-is-layout-flow\" style=\"flex-basis:80%\" data-block-type=\"core\">\n<h2 class=\"wp-block-heading has-base-color has-base-2-background-color has-text-color has-background has-link-color wp-elements-a707f426c846a9d8a9d1b9dd6d1ad171\" style=\"margin-top:20px;margin-right:0px;margin-bottom:20px;margin-left:0px;padding-top:0px;padding-right:0px;padding-bottom:0px;padding-left:0px\" data-block-type=\"core\">Las asimetr\u00edas globales contraatacan: una perspectiva econ\u00f3mica transversal.                                 <\/h2>\n<\/div>\n\n\n\n<div class=\"wp-block-column is-vertically-aligned-center is-layout-flow wp-block-column-is-layout-flow\" style=\"flex-basis:10%\" data-block-type=\"core\">\n<div class=\"wp-block-group is-vertical is-content-justification-left is-layout-flex wp-container-core-group-is-layout-cfd2f0e8 wp-block-group-is-layout-flex\" style=\"margin-top:0;margin-bottom:0\" data-block-type=\"core\">\n<div class=\"wp-block-stackable-image stk-block-image has-text-align-left has-text-align-left-tablet has-text-align-left-mobile stk-block stk-050b80a\" data-block-id=\"050b80a\"><style>.stk-050b80a {margin-bottom:nullpx !important;z-index:0 !important;}.stk-050b80a .stk-img-wrapper{width:50% !important;}<\/style><figure><span class=\"stk-img-wrapper stk-image--shape-stretch\"><img loading=\"lazy\" decoding=\"async\" class=\"stk-img wp-image-2932\" src=\"https:\/\/asymmetriqa.com\/wp-content\/uploads\/2025\/07\/pdf.png\" width=\"78\" height=\"90\"\/><\/span><\/figure><\/div>\n\n\n\n<a class=\"gb-text gb-text-797fbaa1\" href=\"https:\/\/asymmetriqa.com\/wp-content\/uploads\/2026\/02\/Asymmetries_essay-2508-online.pdf\" target=\"_blank\" rel=\"noopener\">LEER +<\/a>\n<\/div>\n<\/div>\n<\/div>\n<\/div>\n\n\n\n<div class=\"wp-block-group is-horizontal is-content-justification-left is-nowrap is-layout-flex wp-container-core-group-is-layout-34b1da41 wp-block-group-is-layout-flex\" style=\"padding-right:0;padding-left:0\" data-block-type=\"core\">\n<div class=\"wp-block-columns are-vertically-aligned-top wp-container-content-9cfa9a5a is-layout-flex wp-container-core-columns-is-layout-aae02c2e wp-block-columns-is-layout-flex\" style=\"border-style:none;border-width:0px;border-radius:0px;margin-top:var(--wp--preset--spacing--10);margin-bottom:var(--wp--preset--spacing--10)\" data-block-type=\"core\">\n<div class=\"wp-block-column is-vertically-aligned-top is-layout-flow wp-block-column-is-layout-flow\" style=\"flex-basis:100%\" data-block-type=\"core\">\n<p class=\"has-base-color has-text-color has-link-color wp-elements-a30a739cbe87dad5418ba750dfdea0e3\" style=\"margin-right:0px;margin-left:0px;font-size:clamp(0.875rem, 0.875rem + ((1vw - 0.2rem) * 0.469), 1.25rem);\" data-block-type=\"core\">Este ensayo ofrece una perspectiva econ\u00f3mica transversal sobre el an\u00e1lisis de las asimetr\u00edas globales en un momento de creciente \u00e9nfasis en la polarizaci\u00f3n y las relaciones de poder.<\/p>\n<\/div>\n<\/div>\n<\/div>\n\n\n\n<div class=\"wp-block-stackable-divider stk-block-divider stk-block stk-d409804\" data-block-id=\"d409804\"><style>.stk-d409804 hr.stk-block-divider__hr{background:#e0dace00 !important;height:60px !important;width:100% !important;}.stk-d409804 {min-height:0px !important;align-items:center !important;display:flex !important;}<\/style><hr class=\"stk-block-divider__hr\"\/><\/div>\n\n\n\n<div class=\"wp-block-stackable-divider stk-block-divider stk-block stk-18558f0\" data-block-id=\"18558f0\"><style>.stk-18558f0 hr.stk-block-divider__hr{background:#e0d9ce !important;height:1px !important;width:100% !important;}.stk-18558f0 {min-height:0px !important;align-items:center !important;display:flex !important;z-index:0 !important;}<\/style><hr class=\"stk-block-divider__hr\"\/><\/div>\n<\/div>\n<\/div>\n","protected":false},"excerpt":{"rendered":"<p>Prospectiva A menudo nuestra opini\u00f3n resuena en medios especializados o de informaci\u00f3n generalista. En esta secci\u00f3n aglutinamos tanto los frutos de nuestras reflexiones como las semillas que las hacen brotar. Diario digital 22\/07\/22 El precio de los metales preciosos se dispara: el oro supera los 3.500 d\u00f3lares LEER + La plata tambi\u00e9n sube como la [&hellip;]<\/p>\n","protected":false},"author":1,"featured_media":0,"parent":0,"menu_order":0,"comment_status":"closed","ping_status":"closed","template":"","meta":{"footnotes":""},"class_list":["post-3334","page","type-page","status-publish","hentry"],"_links":{"self":[{"href":"https:\/\/asymmetriqa.com\/es\/wp-json\/wp\/v2\/pages\/3334","targetHints":{"allow":["GET"]}}],"collection":[{"href":"https:\/\/asymmetriqa.com\/es\/wp-json\/wp\/v2\/pages"}],"about":[{"href":"https:\/\/asymmetriqa.com\/es\/wp-json\/wp\/v2\/types\/page"}],"author":[{"embeddable":true,"href":"https:\/\/asymmetriqa.com\/es\/wp-json\/wp\/v2\/users\/1"}],"replies":[{"embeddable":true,"href":"https:\/\/asymmetriqa.com\/es\/wp-json\/wp\/v2\/comments?post=3334"}],"version-history":[{"count":50,"href":"https:\/\/asymmetriqa.com\/es\/wp-json\/wp\/v2\/pages\/3334\/revisions"}],"predecessor-version":[{"id":5583,"href":"https:\/\/asymmetriqa.com\/es\/wp-json\/wp\/v2\/pages\/3334\/revisions\/5583"}],"wp:attachment":[{"href":"https:\/\/asymmetriqa.com\/es\/wp-json\/wp\/v2\/media?parent=3334"}],"curies":[{"name":"wp","href":"https:\/\/api.w.org\/{rel}","templated":true}]}}