{"id":3747,"date":"2025-10-31T11:49:23","date_gmt":"2025-10-31T10:49:23","guid":{"rendered":"https:\/\/asymmetriqa.com\/?page_id=3747"},"modified":"2026-02-02T14:01:00","modified_gmt":"2026-02-02T13:01:00","slug":"solucion-llave-en-mano","status":"publish","type":"page","link":"https:\/\/asymmetriqa.com\/es\/solucion-llave-en-mano\/","title":{"rendered":"Soluci\u00f3n llave en mano"},"content":{"rendered":"\n<div class=\"wp-block-group has-base-2-background-color has-background has-global-padding is-layout-constrained wp-container-core-group-is-layout-ef0b3a73 wp-block-group-is-layout-constrained\" style=\"margin-top:-25px;margin-bottom:var(--wp--preset--spacing--20);padding-top:60px;padding-right:0vh;padding-bottom:60px;padding-left:0vh\" data-block-type=\"core\">\n<div class=\"wp-block-group is-layout-flex wp-block-group-is-layout-flex\" data-block-type=\"core\">\n<div class=\"wp-block-columns is-layout-flex wp-container-core-columns-is-layout-28f84493 wp-block-columns-is-layout-flex\" data-block-type=\"core\">\n<div class=\"wp-block-column is-layout-flow wp-block-column-is-layout-flow\" data-block-type=\"core\">\n<h1 class=\"wp-block-heading has-base-color has-base-2-background-color has-text-color has-background has-link-color wp-elements-8b520762e213d6055c85257a03b3c1e7\" style=\"margin-top:20px;margin-right:0px;margin-bottom:20px;margin-left:0px;padding-top:0px;padding-right:0px;padding-bottom:0px;padding-left:0px\" data-block-type=\"core\">Soluci\u00f3n llave en mano<\/h1>\n<\/div>\n<\/div>\n<\/div>\n\n\n\n<div class=\"wp-block-group is-horizontal is-content-justification-left is-nowrap is-layout-flex wp-container-core-group-is-layout-34b1da41 wp-block-group-is-layout-flex\" style=\"padding-right:0;padding-left:0\" data-block-type=\"core\">\n<div class=\"wp-block-columns are-vertically-aligned-top wp-container-content-9cfa9a5a is-layout-flex wp-container-core-columns-is-layout-aae02c2e wp-block-columns-is-layout-flex\" style=\"border-style:none;border-width:0px;border-radius:0px;margin-top:var(--wp--preset--spacing--10);margin-bottom:var(--wp--preset--spacing--10)\" data-block-type=\"core\">\n<div class=\"wp-block-column is-vertically-aligned-top is-layout-flow wp-block-column-is-layout-flow\" style=\"flex-basis:100%\" data-block-type=\"core\">\n<p class=\"has-base-color has-text-color has-link-color wp-elements-85fc2dcb73493aa6d5c41e652f3e6944\" style=\"margin-right:0px;margin-left:0px;font-size:clamp(0.875rem, 0.875rem + ((1vw - 0.2rem) * 0.469), 1.25rem);\" data-block-type=\"core\">La suscripci\u00f3n de nuestros Fondos permite al inversor acceder a una cartera de inversi\u00f3n equilibrada y diversificada consistente con sus objetivos y perfil del riesgo por un importe a su medida.<\/p>\n<\/div>\n<\/div>\n<\/div>\n<\/div>\n\n\n\n<div class=\"wp-block-stackable-divider stk-block-divider stk-block stk-19facb9\" data-block-id=\"19facb9\"><style>.stk-19facb9 hr.stk-block-divider__hr{background:#e0dace00 !important;height:30px !important;}@media screen and (max-width: 1023px){.stk-19facb9 hr.stk-block-divider__hr{height:20px !important;}}@media screen and (max-width: 767px){.stk-19facb9 hr.stk-block-divider__hr{height:10px !important;}}<\/style><hr class=\"stk-block-divider__hr\"\/><\/div>\n\n\n\n<div class=\"wp-block-group has-global-padding is-layout-constrained wp-container-core-group-is-layout-08eaa1db wp-block-group-is-layout-constrained\" style=\"padding-top:0;padding-right:var(--wp--preset--spacing--10);padding-bottom:0;padding-left:var(--wp--preset--spacing--10)\" data-block-type=\"core\">\n<div class=\"wp-block-group has-custom-color-1-background-color has-background is-nowrap is-layout-flex wp-container-core-group-is-layout-de5fc3a3 wp-block-group-is-layout-flex\" style=\"border-top-left-radius:100px;min-height:244px;padding-top:var(--wp--preset--spacing--30);padding-right:var(--wp--preset--spacing--30);padding-bottom:var(--wp--preset--spacing--30);padding-left:var(--wp--preset--spacing--30)\" data-block-type=\"core\">\n<div class=\"wp-block-columns wp-container-content-9cfa9a5a is-layout-flex wp-container-core-columns-is-layout-4677c676 wp-block-columns-is-layout-flex\" style=\"margin-top:0;margin-bottom:0;padding-top:var(--wp--preset--spacing--10);padding-right:var(--wp--preset--spacing--10);padding-bottom:var(--wp--preset--spacing--10);padding-left:var(--wp--preset--spacing--10)\" data-block-type=\"core\">\n<div class=\"wp-block-column is-vertically-aligned-top is-layout-flow wp-block-column-is-layout-flow\" style=\"padding-top:0;padding-right:0;padding-bottom:0;padding-left:0;flex-basis:40%\" data-block-type=\"core\">\n<div class=\"wp-block-stackable-divider stk-block-divider stk-block stk-61f3e43\" data-block-id=\"61f3e43\"><style>.stk-61f3e43 hr.stk-block-divider__hr{background:#00000000 !important;height:1px !important;}@media screen and (max-width: 767px){.stk-61f3e43 hr.stk-block-divider__hr{height:25px !important;}}<\/style><hr class=\"stk-block-divider__hr\"\/><\/div>\n\n\n\n<div class=\"wp-block-stackable-heading stk-block-heading stk-block-heading--v2 stk-block stk-3f9069e\" id=\"conjunto-ampliado-de-oportunidades-de-inversion\" data-block-id=\"3f9069e\"><style>.stk-3f9069e {z-index:0 !important;}.stk-3f9069e .stk-block-heading__text{font-size:30px !important;color:#1f3838 !important;}@media screen and (max-width: 1023px){.stk-3f9069e .stk-block-heading__text{font-size:30px !important;}}<\/style><h2 class=\"stk-block-heading__text has-text-color\">Conjunto ampliado de oportunidades de inversi\u00f3n<\/h2><\/div>\n<\/div>\n\n\n\n<div class=\"wp-block-column is-layout-flow wp-block-column-is-layout-flow\" style=\"flex-basis:10%\" data-block-type=\"core\"><\/div>\n\n\n\n<div class=\"wp-block-column is-layout-flow wp-block-column-is-layout-flow\" style=\"flex-basis:100%\" data-block-type=\"core\">\n<p class=\"has-base-2-color has-text-color has-link-color wp-elements-91c5914fee3e43da23521cdc1fab5f86\" style=\"font-size:clamp(0.875rem, 0.875rem + ((1vw - 0.2rem) * 0.469), 1.25rem);\" data-block-type=\"core\">El objetivo es aprovechar las oportunidades disponibles en un universo de inversi\u00f3n enriquecido, que se extiende m\u00e1s all\u00e1 de las clases de activos tradicionales. El alcance de nuestros Fondos les permite movilizar m\u00faltiples motores de rentabilidad que incluyen bonos, acciones, divisas, activos inmobiliarios y materias primas.<\/p>\n<\/div>\n<\/div>\n<\/div>\n<\/div>\n\n\n\n<div class=\"wp-block-group has-global-padding is-layout-constrained wp-container-core-group-is-layout-08eaa1db wp-block-group-is-layout-constrained\" style=\"padding-top:0;padding-right:var(--wp--preset--spacing--10);padding-bottom:0;padding-left:var(--wp--preset--spacing--10)\" data-block-type=\"core\">\n<div class=\"wp-block-group has-custom-color-1-background-color has-background is-nowrap is-layout-flex wp-container-core-group-is-layout-de5fc3a3 wp-block-group-is-layout-flex\" style=\"border-top-left-radius:100px;min-height:244px;padding-top:var(--wp--preset--spacing--30);padding-right:var(--wp--preset--spacing--30);padding-bottom:var(--wp--preset--spacing--30);padding-left:var(--wp--preset--spacing--30)\" data-block-type=\"core\">\n<div class=\"wp-block-columns are-vertically-aligned-top wp-container-content-9cfa9a5a is-layout-flex wp-container-core-columns-is-layout-4677c676 wp-block-columns-is-layout-flex\" style=\"margin-top:0;margin-bottom:0;padding-top:var(--wp--preset--spacing--10);padding-right:var(--wp--preset--spacing--10);padding-bottom:var(--wp--preset--spacing--10);padding-left:var(--wp--preset--spacing--10)\" data-block-type=\"core\">\n<div class=\"wp-block-column is-vertically-aligned-top is-layout-flow wp-block-column-is-layout-flow\" style=\"padding-top:0;padding-right:0;padding-bottom:0;padding-left:0;flex-basis:40%\" data-block-type=\"core\">\n<div class=\"wp-block-stackable-divider stk-block-divider stk-block stk-cdbd763\" data-block-id=\"cdbd763\"><style>.stk-cdbd763 hr.stk-block-divider__hr{background:#00000000 !important;height:1px !important;}@media screen and (max-width: 767px){.stk-cdbd763 hr.stk-block-divider__hr{height:25px !important;}}<\/style><hr class=\"stk-block-divider__hr\"\/><\/div>\n\n\n\n<div class=\"wp-block-stackable-heading stk-block-heading stk-block-heading--v2 stk-block stk-051ab46\" id=\"gestion-dinamica-br-y-flexible\" data-block-id=\"051ab46\"><style>.stk-051ab46 {z-index:0 !important;}.stk-051ab46 .stk-block-heading__text{font-size:30px !important;color:#1f3838 !important;}@media screen and (max-width: 1023px){.stk-051ab46 .stk-block-heading__text{font-size:30px !important;}}<\/style><h2 class=\"stk-block-heading__text has-text-color\">Gesti\u00f3n din\u00e1mica<br>y flexible<\/h2><\/div>\n<\/div>\n\n\n\n<div class=\"wp-block-column is-layout-flow wp-block-column-is-layout-flow\" style=\"flex-basis:10%\" data-block-type=\"core\"><\/div>\n\n\n\n<div class=\"wp-block-column is-vertically-aligned-top is-layout-flow wp-block-column-is-layout-flow\" style=\"flex-basis:100%\" data-block-type=\"core\">\n<p class=\"has-base-2-color has-text-color has-link-color wp-elements-ac04fd8d3904105464102166aa788b1f\" style=\"font-size:clamp(0.875rem, 0.875rem + ((1vw - 0.2rem) * 0.469), 1.25rem);\" data-block-type=\"core\">Una gesti\u00f3n activa de las posiciones ofrece la flexibilidad necesaria para adaptar las decisiones de inversi\u00f3n a los diferentes contextos del mercado.<\/p>\n<\/div>\n<\/div>\n<\/div>\n<\/div>\n\n\n\n<div class=\"wp-block-group has-global-padding is-layout-constrained wp-container-core-group-is-layout-08eaa1db wp-block-group-is-layout-constrained\" style=\"padding-top:0;padding-right:var(--wp--preset--spacing--10);padding-bottom:0;padding-left:var(--wp--preset--spacing--10)\" data-block-type=\"core\">\n<div class=\"wp-block-group has-custom-color-1-background-color has-background is-nowrap is-layout-flex wp-container-core-group-is-layout-de5fc3a3 wp-block-group-is-layout-flex\" style=\"border-top-left-radius:100px;min-height:244px;padding-top:var(--wp--preset--spacing--30);padding-right:var(--wp--preset--spacing--30);padding-bottom:var(--wp--preset--spacing--30);padding-left:var(--wp--preset--spacing--30)\" data-block-type=\"core\">\n<div class=\"wp-block-columns are-vertically-aligned-top wp-container-content-9cfa9a5a is-layout-flex wp-container-core-columns-is-layout-4677c676 wp-block-columns-is-layout-flex\" style=\"margin-top:0;margin-bottom:0;padding-top:var(--wp--preset--spacing--10);padding-right:var(--wp--preset--spacing--10);padding-bottom:var(--wp--preset--spacing--10);padding-left:var(--wp--preset--spacing--10)\" data-block-type=\"core\">\n<div class=\"wp-block-column is-vertically-aligned-top is-layout-flow wp-block-column-is-layout-flow\" style=\"padding-top:0;padding-right:0;padding-bottom:0;padding-left:0;flex-basis:40%\" data-block-type=\"core\">\n<div class=\"wp-block-stackable-divider stk-block-divider stk-block stk-88e8b9e\" data-block-id=\"88e8b9e\"><style>.stk-88e8b9e hr.stk-block-divider__hr{background:#00000000 !important;height:1px !important;}@media screen and (max-width: 767px){.stk-88e8b9e hr.stk-block-divider__hr{height:25px !important;}}<\/style><hr class=\"stk-block-divider__hr\"\/><\/div>\n\n\n\n<div class=\"wp-block-stackable-heading stk-block-heading stk-block-heading--v2 stk-block stk-2c78161\" id=\"estrategia-de-inversion-br-equilibrada-y-diversificada\" data-block-id=\"2c78161\"><style>.stk-2c78161 {z-index:0 !important;}.stk-2c78161 .stk-block-heading__text{font-size:30px !important;color:#1f3838 !important;}@media screen and (max-width: 1023px){.stk-2c78161 .stk-block-heading__text{font-size:30px !important;}}<\/style><h2 class=\"stk-block-heading__text has-text-color\">Estrategia de inversi\u00f3n<br>equilibrada y diversificada<\/h2><\/div>\n<\/div>\n\n\n\n<div class=\"wp-block-column is-layout-flow wp-block-column-is-layout-flow\" style=\"flex-basis:10%\" data-block-type=\"core\"><\/div>\n\n\n\n<div class=\"wp-block-column is-vertically-aligned-top is-layout-flow wp-block-column-is-layout-flow\" style=\"flex-basis:100%\" data-block-type=\"core\">\n<p class=\"has-base-2-color has-text-color has-link-color wp-elements-b50048cdbe522ef9be01b490353fd43e\" style=\"font-size:clamp(0.875rem, 0.875rem + ((1vw - 0.2rem) * 0.469), 1.25rem);\" data-block-type=\"core\">Las estrategias tradicionales para gestionar una cartera equilibrada y diversificada presentan a menudo una distribuci\u00f3n de rentabilidades sesgada negativamente. De hecho, los principales mercados de acciones y bonos producen repetidamente modestas rentabilidades positivas, ocasionalmente interrumpidas por p\u00e9rdidas significativas. Esta volatilidad de la rentabilidad se ha manifestado durante varios eventos importantes, como la crisis del mercado de bonos de 1994, tambi\u00e9n conocida como la Gran Crisis de los Bonos, los ataques terroristas del 11 de septiembre de 2001 en Nueva York, el estallido de la burbuja inmobiliaria seguido de la crisis financiera y finalmente, cuando se retiraron las pol\u00edticas de expansi\u00f3n cuantitativa.<\/p>\n<\/div>\n<\/div>\n<\/div>\n<\/div>\n\n\n\n<div class=\"wp-block-group has-global-padding is-layout-constrained wp-container-core-group-is-layout-08eaa1db wp-block-group-is-layout-constrained\" style=\"padding-top:0;padding-right:var(--wp--preset--spacing--10);padding-bottom:0;padding-left:var(--wp--preset--spacing--10)\" data-block-type=\"core\">\n<div class=\"wp-block-group has-custom-color-1-background-color has-background is-nowrap is-layout-flex wp-container-core-group-is-layout-de5fc3a3 wp-block-group-is-layout-flex\" style=\"border-top-left-radius:100px;min-height:244px;padding-top:var(--wp--preset--spacing--30);padding-right:var(--wp--preset--spacing--30);padding-bottom:var(--wp--preset--spacing--30);padding-left:var(--wp--preset--spacing--30)\" data-block-type=\"core\">\n<div class=\"wp-block-columns are-vertically-aligned-top wp-container-content-9cfa9a5a is-layout-flex wp-container-core-columns-is-layout-4677c676 wp-block-columns-is-layout-flex\" style=\"margin-top:0;margin-bottom:0;padding-top:var(--wp--preset--spacing--10);padding-right:var(--wp--preset--spacing--10);padding-bottom:var(--wp--preset--spacing--10);padding-left:var(--wp--preset--spacing--10)\" data-block-type=\"core\">\n<div class=\"wp-block-column is-vertically-aligned-top is-layout-flow wp-block-column-is-layout-flow\" style=\"padding-top:0;padding-right:0;padding-bottom:0;padding-left:0;flex-basis:40%\" data-block-type=\"core\">\n<div class=\"wp-block-stackable-divider stk-block-divider stk-block stk-d45ca63\" data-block-id=\"d45ca63\"><style>.stk-d45ca63 hr.stk-block-divider__hr{background:#00000000 !important;height:1px !important;}@media screen and (max-width: 767px){.stk-d45ca63 hr.stk-block-divider__hr{height:25px !important;}}<\/style><hr class=\"stk-block-divider__hr\"\/><\/div>\n\n\n\n<div class=\"wp-block-stackable-heading stk-block-heading stk-block-heading--v2 stk-block stk-acc3c08\" id=\"integracion-explicita-br-de-la-asimetria-en-la-gestion-de-riesgos-br-y-el-analisis-de-la-rentabilidad-esperada\" data-block-id=\"acc3c08\"><style>.stk-acc3c08 {z-index:0 !important;}.stk-acc3c08 .stk-block-heading__text{font-size:30px !important;color:#1f3838 !important;}@media screen and (max-width: 1023px){.stk-acc3c08 .stk-block-heading__text{font-size:30px !important;}}<\/style><h2 class=\"stk-block-heading__text has-text-color\">Integraci\u00f3n expl\u00edcita <br>de la asimetr\u00eda en la gesti\u00f3n de riesgos<br>y el an\u00e1lisis de la rentabilidad esperada<\/h2><\/div>\n<\/div>\n\n\n\n<div class=\"wp-block-column is-layout-flow wp-block-column-is-layout-flow\" style=\"flex-basis:10%\" data-block-type=\"core\"><\/div>\n\n\n\n<div class=\"wp-block-column is-vertically-aligned-top is-layout-flow wp-block-column-is-layout-flow\" style=\"flex-basis:100%\" data-block-type=\"core\">\n<p class=\"has-base-2-color has-text-color has-link-color wp-elements-67a2a3cc3cc3716154af3abde21a386a\" style=\"font-size:clamp(0.875rem, 0.875rem + ((1vw - 0.2rem) * 0.469), 1.25rem);\" data-block-type=\"core\">La integraci\u00f3n expl\u00edcita de la asimetr\u00eda en el an\u00e1lisis de la rentabilidad es un enfoque t\u00e9cnico considerado m\u00e1s pertinente para anticipar la rentabilidad esperada de una cartera. Esta aproximaci\u00f3n no se limita al pron\u00f3stico de la esperanza matem\u00e1tica de las rentabilidades. Tambi\u00e9n tiene en cuenta valores extremos, es decir, ganancias o p\u00e9rdidas excepcionales que puedan producirse. As\u00ed, la evaluaci\u00f3n no se basa \u00fanicamente en la rentabilidad media esperada, sino que integra toda la distribuci\u00f3n de los resultados potenciales, proporcionando una visi\u00f3n m\u00e1s completa del riesgo y del potencial de rentabilidad.<\/p>\n<\/div>\n<\/div>\n<\/div>\n<\/div>\n\n\n\n<div class=\"wp-block-group has-global-padding is-layout-constrained wp-container-core-group-is-layout-08eaa1db wp-block-group-is-layout-constrained\" style=\"padding-top:0;padding-right:var(--wp--preset--spacing--10);padding-bottom:0;padding-left:var(--wp--preset--spacing--10)\" data-block-type=\"core\">\n<div class=\"wp-block-group has-custom-color-1-background-color has-background is-nowrap is-layout-flex wp-container-core-group-is-layout-de5fc3a3 wp-block-group-is-layout-flex\" style=\"border-top-left-radius:100px;min-height:244px;padding-top:var(--wp--preset--spacing--30);padding-right:var(--wp--preset--spacing--30);padding-bottom:var(--wp--preset--spacing--30);padding-left:var(--wp--preset--spacing--30)\" data-block-type=\"core\">\n<div class=\"wp-block-columns are-vertically-aligned-top wp-container-content-9cfa9a5a is-layout-flex wp-container-core-columns-is-layout-4677c676 wp-block-columns-is-layout-flex\" style=\"margin-top:0;margin-bottom:0;padding-top:var(--wp--preset--spacing--10);padding-right:var(--wp--preset--spacing--10);padding-bottom:var(--wp--preset--spacing--10);padding-left:var(--wp--preset--spacing--10)\" data-block-type=\"core\">\n<div class=\"wp-block-column is-vertically-aligned-top is-layout-flow wp-block-column-is-layout-flow\" style=\"padding-top:0;padding-right:0;padding-bottom:0;padding-left:0;flex-basis:40%\" data-block-type=\"core\">\n<div class=\"wp-block-stackable-divider stk-block-divider stk-block stk-120b7b6\" data-block-id=\"120b7b6\"><style>.stk-120b7b6 hr.stk-block-divider__hr{background:#00000000 !important;height:1px !important;}@media screen and (max-width: 767px){.stk-120b7b6 hr.stk-block-divider__hr{height:25px !important;}}<\/style><hr class=\"stk-block-divider__hr\"\/><\/div>\n\n\n\n<div class=\"wp-block-stackable-heading stk-block-heading stk-block-heading--v2 stk-block stk-119a3ff\" id=\"asignacion-de-activos-eficaz\" data-block-id=\"119a3ff\"><style>.stk-119a3ff {z-index:0 !important;}.stk-119a3ff .stk-block-heading__text{font-size:30px !important;color:#1f3838 !important;}@media screen and (max-width: 1023px){.stk-119a3ff .stk-block-heading__text{font-size:30px !important;}}<\/style><h2 class=\"stk-block-heading__text has-text-color\">Asignaci\u00f3n de activos eficaz<\/h2><\/div>\n<\/div>\n\n\n\n<div class=\"wp-block-column is-layout-flow wp-block-column-is-layout-flow\" style=\"flex-basis:10%\" data-block-type=\"core\"><\/div>\n\n\n\n<div class=\"wp-block-column is-vertically-aligned-top is-layout-flow wp-block-column-is-layout-flow\" style=\"flex-basis:100%\" data-block-type=\"core\">\n<p class=\"has-base-2-color has-text-color has-link-color wp-elements-66ea94d47b5242c53976f99decbc0ec0\" style=\"font-size:clamp(0.875rem, 0.875rem + ((1vw - 0.2rem) * 0.469), 1.25rem);\" data-block-type=\"core\">Esta consideraci\u00f3n de los resultados extremos es esencial para los inversores, ya que rara vez est\u00e1n en condiciones de mantener sus inversiones el tiempo suficiente para que la rentabilidad esperada se pueda conseguir de forma natural. En consecuencia, la capacidad de anticipar e integrar escenarios extremos en la gesti\u00f3n de la cartera se convierte en una herramienta determinante para una eficaz asignaci\u00f3n de activos. El enfoque de asignaci\u00f3n de activos de Asymmetriqa tiene como objetivo maximizar la asimetr\u00eda positiva de la rentabilidad.<\/p>\n<\/div>\n<\/div>\n<\/div>\n<\/div>\n\n\n\n<div class=\"wp-block-stackable-divider stk-block-divider stk-block stk-5268689\" data-block-id=\"5268689\"><style>.stk-5268689 hr.stk-block-divider__hr{background:#00000000 !important;height:100px !important;}@media screen and (max-width: 1023px){.stk-5268689 hr.stk-block-divider__hr{height:1px !important;}}@media screen and (max-width: 767px){.stk-5268689 hr.stk-block-divider__hr{height:10px !important;}}<\/style><hr class=\"stk-block-divider__hr\"\/><\/div>\n\n\n\n<div class=\"wp-block-stackable-divider stk-block-divider stk-block stk-324ae2c\" data-block-id=\"324ae2c\"><style>.stk-324ae2c hr.stk-block-divider__hr{background:#00000000 !important;height:100px !important;}@media screen and (max-width: 1023px){.stk-324ae2c hr.stk-block-divider__hr{height:1px !important;}}@media screen and (max-width: 767px){.stk-324ae2c hr.stk-block-divider__hr{height:10px !important;}}<\/style><hr class=\"stk-block-divider__hr\"\/><\/div>\n\n\n\n<div class=\"wp-block-group has-global-padding is-layout-constrained wp-block-group-is-layout-constrained has-background\" style=\"min-height:525px;background-image:url(&apos;https:\/\/asymmetriqa.com\/wp-content\/uploads\/2025\/10\/IMG-INTRO-FONDOS-scaled.jpg&apos;);background-position:33% 40%;background-size:cover;\" data-block-type=\"core\"><\/div>\n","protected":false},"excerpt":{"rendered":"<p>Soluci\u00f3n llave en mano La suscripci\u00f3n de nuestros Fondos permite al inversor acceder a una cartera de inversi\u00f3n equilibrada y diversificada consistente con sus objetivos y perfil del riesgo por un importe a su medida. Conjunto ampliado de oportunidades de inversi\u00f3n El objetivo es aprovechar las oportunidades disponibles en un universo de inversi\u00f3n enriquecido, que [&hellip;]<\/p>\n","protected":false},"author":1,"featured_media":0,"parent":0,"menu_order":0,"comment_status":"closed","ping_status":"closed","template":"","meta":{"footnotes":""},"class_list":["post-3747","page","type-page","status-publish","hentry"],"_links":{"self":[{"href":"https:\/\/asymmetriqa.com\/es\/wp-json\/wp\/v2\/pages\/3747","targetHints":{"allow":["GET"]}}],"collection":[{"href":"https:\/\/asymmetriqa.com\/es\/wp-json\/wp\/v2\/pages"}],"about":[{"href":"https:\/\/asymmetriqa.com\/es\/wp-json\/wp\/v2\/types\/page"}],"author":[{"embeddable":true,"href":"https:\/\/asymmetriqa.com\/es\/wp-json\/wp\/v2\/users\/1"}],"replies":[{"embeddable":true,"href":"https:\/\/asymmetriqa.com\/es\/wp-json\/wp\/v2\/comments?post=3747"}],"version-history":[{"count":47,"href":"https:\/\/asymmetriqa.com\/es\/wp-json\/wp\/v2\/pages\/3747\/revisions"}],"predecessor-version":[{"id":5325,"href":"https:\/\/asymmetriqa.com\/es\/wp-json\/wp\/v2\/pages\/3747\/revisions\/5325"}],"wp:attachment":[{"href":"https:\/\/asymmetriqa.com\/es\/wp-json\/wp\/v2\/media?parent=3747"}],"curies":[{"name":"wp","href":"https:\/\/api.w.org\/{rel}","templated":true}]}}