{"id":3762,"date":"2025-11-03T09:56:03","date_gmt":"2025-11-03T08:56:03","guid":{"rendered":"https:\/\/asymmetriqa.com\/?page_id=3762"},"modified":"2026-03-06T10:09:27","modified_gmt":"2026-03-06T09:09:27","slug":"advanced-allocation-fund","status":"publish","type":"page","link":"https:\/\/asymmetriqa.com\/es\/advanced-allocation-fund\/","title":{"rendered":"Expanded Allocation Fund"},"content":{"rendered":"\n<div class=\"wp-block-stackable-divider stk-block-divider stk-block stk-767fbc5\" data-block-id=\"767fbc5\"><style>.stk-767fbc5 hr.stk-block-divider__hr{background:#e0dace00 !important;height:100px !important;}@media screen and (max-width: 1023px){.stk-767fbc5 hr.stk-block-divider__hr{height:30px !important;}}@media screen and (max-width: 767px){.stk-767fbc5 hr.stk-block-divider__hr{height:1px !important;}}<\/style><hr class=\"stk-block-divider__hr\"\/><\/div>\n\n\n\n<div class=\"wp-block-group has-global-padding is-layout-constrained wp-container-core-group-is-layout-be05f1b3 wp-block-group-is-layout-constrained\" data-block-type=\"core\">\n<div class=\"wp-block-group is-nowrap is-layout-flex wp-container-core-group-is-layout-a40fa4a2 wp-block-group-is-layout-flex\" style=\"padding-bottom:0px\" data-block-type=\"core\">\n<div class=\"wp-block-group is-layout-flex wp-block-group-is-layout-flex\" data-block-type=\"core\">\n<div class=\"wp-block-columns is-layout-flex wp-container-core-columns-is-layout-28f84493 wp-block-columns-is-layout-flex\" data-block-type=\"core\">\n<div class=\"wp-block-column is-layout-flow wp-block-column-is-layout-flow\" data-block-type=\"core\">\n<p class=\"has-base-2-color has-text-color has-link-color has-medium-font-size wp-elements-0a23b809ce65724ea243667baf1855d0\" data-block-type=\"core\"><br><strong>Asymmetriqa SICAV<\/strong><\/p>\n\n\n\n<h1 class=\"wp-block-heading has-base-2-color has-text-color has-link-color wp-elements-992b3dd59a04ecda07b581c94f6e03ab\" style=\"margin-top:20px;margin-right:0px;margin-bottom:20px;margin-left:0px;padding-top:0px;padding-right:0px;padding-bottom:0px;padding-left:0px\" data-block-type=\"core\">Expanded Allocation Fund<\/h1>\n<\/div>\n<\/div>\n<\/div>\n<\/div>\n<\/div>\n\n\n\n<div class=\"wp-block-group has-global-padding is-layout-constrained wp-container-core-group-is-layout-be05f1b3 wp-block-group-is-layout-constrained\" data-block-type=\"core\">\n<div class=\"wp-block-stackable-divider stk-block-divider stk-block stk-8b223ba\" data-block-id=\"8b223ba\"><style>.stk-8b223ba hr.stk-block-divider__hr{background:#e0dace00 !important;height:30px !important;}<\/style><hr class=\"stk-block-divider__hr\"\/><\/div>\n\n\n\n<div class=\"wp-block-columns is-layout-flex wp-container-core-columns-is-layout-28f84493 wp-block-columns-is-layout-flex\" data-block-type=\"core\">\n<div class=\"wp-block-column is-layout-flow wp-block-column-is-layout-flow\" data-block-type=\"core\">\n<div class=\"wp-block-stackable-image stk-block-image stk--hide-desktop has-text-align-center stk-block stk-be52cf5\" data-block-id=\"be52cf5\"><style>.stk-be52cf5 {z-index:0 !important;}.stk-be52cf5 .stk-img-wrapper{width:100% !important;}<\/style><figure><span class=\"stk-img-wrapper stk-image--shape-stretch\"><img loading=\"lazy\" decoding=\"async\" class=\"stk-img wp-image-3738\" src=\"https:\/\/asymmetriqa.com\/wp-content\/uploads\/2025\/10\/Alternate-Allocation-Fund.jpg\" width=\"1130\" height=\"1250\" srcset=\"https:\/\/asymmetriqa.com\/wp-content\/uploads\/2025\/10\/Alternate-Allocation-Fund.jpg 1130w, https:\/\/asymmetriqa.com\/wp-content\/uploads\/2025\/10\/Alternate-Allocation-Fund-271x300.jpg 271w, https:\/\/asymmetriqa.com\/wp-content\/uploads\/2025\/10\/Alternate-Allocation-Fund-926x1024.jpg 926w, https:\/\/asymmetriqa.com\/wp-content\/uploads\/2025\/10\/Alternate-Allocation-Fund-768x850.jpg 768w\" sizes=\"auto, (max-width: 1130px) 100vw, 1130px\" \/><\/span><\/figure><\/div>\n\n\n\n<div class=\"wp-block-group has-global-padding is-layout-constrained wp-block-group-is-layout-constrained\" data-block-type=\"core\">\n<div class=\"wp-block-group has-accent-2-background-color has-background is-content-justification-left is-nowrap is-layout-flex wp-container-core-group-is-layout-95d43464 wp-block-group-is-layout-flex\" style=\"padding-top:var(--wp--preset--spacing--10);padding-right:var(--wp--preset--spacing--10);padding-bottom:var(--wp--preset--spacing--10);padding-left:var(--wp--preset--spacing--10)\" data-block-type=\"core\">\n<div class=\"wp-block-columns wp-container-content-9cfa9a5a is-layout-flex wp-container-core-columns-is-layout-f479267f wp-block-columns-is-layout-flex\" style=\"margin-top:0;margin-bottom:0\" data-block-type=\"core\">\n<div class=\"wp-block-column is-layout-flow wp-container-core-column-is-layout-8a368f38 wp-block-column-is-layout-flow\" style=\"flex-basis:200px\" data-block-type=\"core\">\n<p class=\"has-accent-color has-text-color has-link-color has-small-font-size wp-elements-ad7f79ed33cdfff91f8b722649f73ff4\" style=\"padding-bottom:var(--wp--preset--spacing--10);text-decoration:none\" data-block-type=\"core\">Indicador de riesgo<\/p>\n<\/div>\n\n\n\n<div class=\"wp-block-column is-layout-flow wp-container-core-column-is-layout-8a368f38 wp-block-column-is-layout-flow\" style=\"flex-basis:100%\" data-block-type=\"core\">\n<div class=\"wp-block-group is-content-justification-space-between is-layout-flex wp-container-core-group-is-layout-dafebfb0 wp-block-group-is-layout-flex\" style=\"padding-right:5%;padding-left:5%\" data-block-type=\"core\">\n<div class=\"wp-block-group has-global-padding is-layout-constrained wp-container-core-group-is-layout-4f9f0532 wp-block-group-is-layout-constrained\" data-block-type=\"core\">\n<div class=\"wp-block-stackable-text stk-block-text stk-block stk-6a2b4f1\" data-block-id=\"6a2b4f1\"><style>.stk-6a2b4f1 {z-index:0 !important;}.stk-6a2b4f1 .stk-block-text__text{font-size:var(--stk--preset--font-size--large, 1.85rem) !important;}@media screen and (max-width: 1023px){.stk-6a2b4f1 .stk-block-text__text{font-size:var(--stk--preset--font-size--large, 1.85rem) !important;}}@media screen and (max-width: 767px){.stk-6a2b4f1 .stk-block-text__text{font-size:var(--stk--preset--font-size--medium, 1.05rem) !important;}}<\/style><p class=\"stk-block-text__text\">1<\/p><\/div>\n<\/div>\n\n\n\n<div class=\"wp-block-group has-global-padding is-layout-constrained wp-container-core-group-is-layout-4f9f0532 wp-block-group-is-layout-constrained\" data-block-type=\"core\">\n<div class=\"wp-block-stackable-text stk-block-text stk-block stk-50e1e4a\" data-block-id=\"50e1e4a\"><style>.stk-50e1e4a {z-index:0 !important;}.stk-50e1e4a .stk-block-text__text{font-size:var(--stk--preset--font-size--large, 1.85rem) !important;}@media screen and (max-width: 1023px){.stk-50e1e4a .stk-block-text__text{font-size:var(--stk--preset--font-size--large, 1.85rem) !important;}}@media screen and (max-width: 767px){.stk-50e1e4a .stk-block-text__text{font-size:var(--stk--preset--font-size--medium, 1.05rem) !important;}}<\/style><p class=\"stk-block-text__text\">2<\/p><\/div>\n<\/div>\n\n\n\n<div class=\"wp-block-group Riesgo has-global-padding is-layout-constrained wp-container-core-group-is-layout-aae6d567 wp-block-group-is-layout-constrained\" style=\"min-height:45px\" data-block-type=\"core\">\n<div class=\"wp-block-stackable-text stk-block-text stk-block stk-553c962\" data-block-id=\"553c962\"><style>.stk-553c962 {z-index:0 !important;}.stk-553c962 .stk-block-text__text{font-size:var(--stk--preset--font-size--large, 1.85rem) !important;}@media screen and (max-width: 1023px){.stk-553c962 .stk-block-text__text{font-size:var(--stk--preset--font-size--large, 1.85rem) !important;}}@media screen and (max-width: 767px){.stk-553c962 .stk-block-text__text{font-size:var(--stk--preset--font-size--medium, 1.05rem) !important;}}<\/style><p class=\"stk-block-text__text\">3<\/p><\/div>\n<\/div>\n\n\n\n<div class=\"wp-block-group has-global-padding is-layout-constrained wp-container-core-group-is-layout-4f9f0532 wp-block-group-is-layout-constrained\" data-block-type=\"core\">\n<div class=\"wp-block-stackable-text stk-block-text stk-block stk-3cc36f1\" data-block-id=\"3cc36f1\"><style>.stk-3cc36f1 {z-index:0 !important;}.stk-3cc36f1 .stk-block-text__text{font-size:var(--stk--preset--font-size--large, 1.85rem) !important;}@media screen and (max-width: 1023px){.stk-3cc36f1 .stk-block-text__text{font-size:var(--stk--preset--font-size--large, 1.85rem) !important;}}@media screen and (max-width: 767px){.stk-3cc36f1 .stk-block-text__text{font-size:var(--stk--preset--font-size--medium, 1.05rem) !important;}}<\/style><p class=\"stk-block-text__text\">4<\/p><\/div>\n<\/div>\n\n\n\n<div class=\"wp-block-group has-global-padding is-layout-constrained wp-container-core-group-is-layout-4f9f0532 wp-block-group-is-layout-constrained\" data-block-type=\"core\">\n<div class=\"wp-block-stackable-text stk-block-text stk-block stk-75432c8\" data-block-id=\"75432c8\"><style>.stk-75432c8 {z-index:0 !important;}.stk-75432c8 .stk-block-text__text{font-size:var(--stk--preset--font-size--large, 1.85rem) !important;}@media screen and (max-width: 1023px){.stk-75432c8 .stk-block-text__text{font-size:var(--stk--preset--font-size--large, 1.85rem) !important;}}@media screen and (max-width: 767px){.stk-75432c8 .stk-block-text__text{font-size:var(--stk--preset--font-size--medium, 1.05rem) !important;}}<\/style><p class=\"stk-block-text__text\">5<\/p><\/div>\n<\/div>\n\n\n\n<div class=\"wp-block-group has-global-padding is-layout-constrained wp-container-core-group-is-layout-4f9f0532 wp-block-group-is-layout-constrained\" data-block-type=\"core\">\n<div class=\"wp-block-stackable-text stk-block-text stk-block stk-b4e31be\" data-block-id=\"b4e31be\"><style>.stk-b4e31be {z-index:0 !important;}.stk-b4e31be .stk-block-text__text{font-size:var(--stk--preset--font-size--large, 1.85rem) !important;}@media screen and (max-width: 1023px){.stk-b4e31be .stk-block-text__text{font-size:var(--stk--preset--font-size--large, 1.85rem) !important;}}@media screen and (max-width: 767px){.stk-b4e31be .stk-block-text__text{font-size:var(--stk--preset--font-size--medium, 1.05rem) !important;}}<\/style><p class=\"stk-block-text__text\">6<\/p><\/div>\n<\/div>\n\n\n\n<div class=\"wp-block-group has-global-padding is-layout-constrained wp-container-core-group-is-layout-4f9f0532 wp-block-group-is-layout-constrained\" data-block-type=\"core\">\n<div class=\"wp-block-stackable-text stk-block-text stk-block stk-5595053\" data-block-id=\"5595053\"><style>.stk-5595053 {z-index:0 !important;}.stk-5595053 .stk-block-text__text{font-size:var(--stk--preset--font-size--large, 1.85rem) !important;}@media screen and (max-width: 1023px){.stk-5595053 .stk-block-text__text{font-size:var(--stk--preset--font-size--large, 1.85rem) !important;}}@media screen and (max-width: 767px){.stk-5595053 .stk-block-text__text{font-size:var(--stk--preset--font-size--medium, 1.05rem) !important;}}<\/style><p class=\"stk-block-text__text\">7<\/p><\/div>\n<\/div>\n<\/div>\n<\/div>\n<\/div>\n<\/div>\n\n\n\n<div class=\"wp-block-group is-content-justification-left is-nowrap is-layout-flex wp-container-core-group-is-layout-7ccaaeed wp-block-group-is-layout-flex\" style=\"padding-top:0;padding-right:0;padding-bottom:0;padding-left:0\" data-block-type=\"core\">\n<div class=\"wp-block-columns wp-container-content-9cfa9a5a is-layout-flex wp-container-core-columns-is-layout-589445f9 wp-block-columns-is-layout-flex\" style=\"margin-top:0;margin-bottom:0\" data-block-type=\"core\">\n<div class=\"wp-block-column has-custom-color-1-background-color has-background is-layout-flow wp-container-core-column-is-layout-cb83a8db wp-block-column-is-layout-flow\" style=\"padding-top:8px;padding-right:10px;padding-bottom:8px;padding-left:10px;flex-basis:40%\" data-block-type=\"core\">\n<p class=\"has-accent-color has-text-color has-link-color has-small-font-size wp-elements-88c4778d66b8cae53f6898aa91cb12b4\" data-block-type=\"core\">Rating por Morningstar<\/p>\n\n\n\n<p style=\"font-size:clamp(0.875rem, 0.875rem + ((1vw - 0.2rem) * 0.469), 1.25rem);\" data-block-type=\"core\">Fondo de nueva creaci\u00f3n<\/p>\n<\/div>\n\n\n\n<div class=\"wp-block-column has-custom-color-1-background-color has-background is-layout-flow wp-container-core-column-is-layout-cb83a8db wp-block-column-is-layout-flow\" style=\"padding-top:8px;padding-right:10px;padding-bottom:8px;padding-left:10px;flex-basis:60%\" data-block-type=\"core\">\n<p class=\"has-accent-color has-text-color has-link-color has-small-font-size wp-elements-0e1755e547bd676de3df5c1703558219\" data-block-type=\"core\">Categor\u00eda por Morningstar<\/p>\n\n\n\n<p style=\"font-size:clamp(0.875rem, 0.875rem + ((1vw - 0.2rem) * 0.469), 1.25rem);\" data-block-type=\"core\">Fondo de nueva creaci\u00f3n<\/p>\n<\/div>\n<\/div>\n<\/div>\n\n\n\n<div class=\"wp-block-group is-content-justification-left is-nowrap is-layout-flex wp-container-core-group-is-layout-ab609ff2 wp-block-group-is-layout-flex\" style=\"padding-top:0;padding-right:0;padding-bottom:0;padding-left:0\" data-block-type=\"core\">\n<div class=\"wp-block-columns wp-container-content-9cfa9a5a is-layout-flex wp-container-core-columns-is-layout-589445f9 wp-block-columns-is-layout-flex\" style=\"margin-top:0;margin-bottom:0\" data-block-type=\"core\">\n<div class=\"wp-block-column has-custom-color-1-background-color has-background is-layout-flow wp-container-core-column-is-layout-cb83a8db wp-block-column-is-layout-flow\" style=\"padding-top:8px;padding-right:10px;padding-bottom:8px;padding-left:10px;flex-basis:20%\" data-block-type=\"core\">\n<p class=\"has-accent-color has-text-color has-link-color has-small-font-size wp-elements-490727e68404303952f6d5fe8fb241cf\" data-block-type=\"core\">Divisa<\/p>\n\n\n\n<p style=\"font-size:clamp(0.875rem, 0.875rem + ((1vw - 0.2rem) * 0.469), 1.25rem);\" data-block-type=\"core\">EUR (\u20ac)<\/p>\n<\/div>\n\n\n\n<div class=\"wp-block-column has-custom-color-1-background-color has-background is-layout-flow wp-container-core-column-is-layout-cb83a8db wp-block-column-is-layout-flow\" style=\"padding-top:8px;padding-right:10px;padding-bottom:8px;padding-left:10px;flex-basis:45%\" data-block-type=\"core\">\n<p class=\"has-accent-color has-text-color has-link-color has-small-font-size wp-elements-2d0edce9f42a89538350e6562cf6a5be\" data-block-type=\"core\">ISIN &#8211; Clase A<\/p>\n\n\n\n<p style=\"font-size:clamp(0.875rem, 0.875rem + ((1vw - 0.2rem) * 0.469), 1.25rem);\" data-block-type=\"core\">LU3209575599<\/p>\n<\/div>\n\n\n\n<div class=\"wp-block-column has-custom-color-1-background-color has-background is-layout-flow wp-container-core-column-is-layout-cb83a8db wp-block-column-is-layout-flow\" style=\"padding-top:8px;padding-right:10px;padding-bottom:8px;padding-left:10px;flex-basis:45%\" data-block-type=\"core\">\n<p class=\"has-accent-color has-text-color has-link-color has-small-font-size wp-elements-9436f1e282122e8a67ebd280fc6ffd9a\" data-block-type=\"core\">ISIN &#8211; Clase B<\/p>\n\n\n\n<p style=\"font-size:clamp(0.875rem, 0.875rem + ((1vw - 0.2rem) * 0.469), 1.25rem);\" data-block-type=\"core\">LU3209575672<\/p>\n<\/div>\n<\/div>\n<\/div>\n<\/div>\n\n\n\n<div class=\"wp-block-group has-global-padding is-layout-constrained wp-block-group-is-layout-constrained\" data-block-type=\"core\">\n<div class=\"wp-block-stackable-divider stk-block-divider stk-block stk-a4811ac\" data-block-id=\"a4811ac\"><style>.stk-a4811ac hr.stk-block-divider__hr{background:#00000000 !important;}.stk-a4811ac {margin-bottom:nullpx !important;z-index:0 !important;}<\/style><hr class=\"stk-block-divider__hr\"\/><\/div>\n\n\n\n<p class=\"has-base-2-color has-text-color has-link-color wp-elements-72efd658b4e78f232c5dfcbe381b2017\" style=\"font-size:clamp(0.957rem, 0.957rem + ((1vw - 0.2rem) * 0.616), 1.45rem);\" data-block-type=\"core\"><strong>Perfil del inversor habitual<\/strong><\/p>\n\n\n\n<p class=\"has-base-2-color has-text-color has-link-color wp-elements-a261ed0f3a7e33b6ef6a57a802a91991\" style=\"font-size:clamp(0.875rem, 0.875rem + ((1vw - 0.2rem) * 0.469), 1.25rem);\" data-block-type=\"core\">El Fondo est\u00e1 dirigido a inversores con una tolerancia al riesgo alta y que est\u00e9n dispuestos a mantener su inversi\u00f3n por un per\u00edodo superior a 5 a\u00f1os, persiguiendo un objetivo de inversi\u00f3n de crecimiento del capital.<\/p>\n<\/div>\n\n\n\n<div class=\"wp-block-group has-global-padding is-layout-constrained wp-block-group-is-layout-constrained\" data-block-type=\"core\">\n<div class=\"wp-block-stackable-divider stk-block-divider stk-block stk-6d6752c\" data-block-id=\"6d6752c\"><style>.stk-6d6752c {z-index:0 !important;}<\/style><hr class=\"stk-block-divider__hr\"\/><\/div>\n\n\n\n<p class=\"has-base-2-color has-text-color has-link-color wp-elements-1df759a9a7210a1383c3f992649791b6\" style=\"font-size:clamp(0.957rem, 0.957rem + ((1vw - 0.2rem) * 0.616), 1.45rem);\" data-block-type=\"core\"><strong>Objetivo de inversi\u00f3n<\/strong><\/p>\n\n\n\n<p class=\"has-base-2-color has-text-color has-link-color wp-elements-9929c7aaf8812e64f31b537adbece36a\" style=\"font-size:clamp(0.875rem, 0.875rem + ((1vw - 0.2rem) * 0.469), 1.25rem);\" data-block-type=\"core\">La asignaci\u00f3n proactiva de activos impulsa la construcci\u00f3n de la cartera. Esta asignaci\u00f3n de activos est\u00e1 guiada por una l\u00f3gica desarrollada por Asymmetriqa que busca maximizar la asimetr\u00eda positiva de las rentabilidades del Fondo. El proceso de inversi\u00f3n se lleva a cabo mediante una expansiva asignaci\u00f3n de activos a clases de inversi\u00f3n m\u00e1s all\u00e1 de las clases tradicionales y con poca restricci\u00f3n a la exposici\u00f3n en acciones. Se persigue as\u00ed maximizar la rentabilidad mediante una aproximaci\u00f3n oportunista a la toma de posiciones, de modo que no se limitar\u00e1 el nivel agregado de riesgo  durante el plazo de inversi\u00f3n recomendado, de acuerdo con los l\u00edmites de inversi\u00f3n establecidos en el prospecto. El Fondo es de gesti\u00f3n activa y no persigue un \u00edndice de referencia. <br><\/p>\n\n\n\n<p class=\"has-base-2-color has-text-color has-link-color wp-elements-c5b55833e0fc806a5205d2a2a6686c99\" style=\"font-size:clamp(0.875rem, 0.875rem + ((1vw - 0.2rem) * 0.469), 1.25rem);\" data-block-type=\"core\">Existen riesgos importantes materialmente relevantes para el Fondo que no est\u00e1n adecuadamente capturados por el indicador de riesgo. El riesgo crediticio representa los riesgos asociados con el descenso repentino de la calidad crediticia de un emisor o su<\/p>\n\n\n\n<p class=\"has-base-2-color has-text-color has-link-color wp-elements-677b8cd7f826a2cbd81a56583515ccab\" style=\"font-size:clamp(0.875rem, 0.875rem + ((1vw - 0.2rem) * 0.469), 1.25rem);\" data-block-type=\"core\"> incumplimiento. <br><\/p>\n\n\n<\/div>\n\n\n\n<div class=\"wp-block-group has-global-padding is-layout-constrained wp-block-group-is-layout-constrained\" data-block-type=\"core\">\n<div class=\"wp-block-stackable-divider stk-block-divider stk-block stk-6be9be9\" data-block-id=\"6be9be9\"><style>.stk-6be9be9 {margin-bottom:nullpx !important;z-index:0 !important;}<\/style><hr class=\"stk-block-divider__hr\"\/><\/div>\n\n\n\n<p class=\"has-base-2-color has-text-color has-link-color wp-elements-3a22f8e5ec7c5c4a5d73c57132384bf6\" style=\"font-size:clamp(0.957rem, 0.957rem + ((1vw - 0.2rem) * 0.616), 1.45rem);\" data-block-type=\"core\"><strong><strong>Indicador de riesgo<\/strong><\/strong><\/p>\n\n\n\n<p class=\"has-base-2-color has-text-color has-link-color wp-elements-76827800ee7999778be728a689c63007\" style=\"font-size:clamp(0.875rem, 0.875rem + ((1vw - 0.2rem) * 0.469), 1.25rem);\" data-block-type=\"core\">El indicador de riesgo representa el perfil de riesgo y rentabilidad del Fondo. Un nivel de riesgo m\u00e1s bajo no implica la inexistencia de riesgo. El indicador de riesgo no est\u00e1 garantizado y puede cambiar con el tiempo. El indicador de riesgo asume que mantendr\u00e1 este producto durante al menos 5 a\u00f1os. Reembolsar antes del final de este per\u00edodo recomendado de tenencia incrementa significativamente el riesgo de menores rentabilidades en la inversi\u00f3n o de una p\u00e9rdida.<\/p>\n<\/div>\n<\/div>\n\n\n\n<div class=\"wp-block-column is-layout-flow wp-block-column-is-layout-flow\" data-block-type=\"core\">\n<div class=\"wp-block-group is-vertical is-layout-flex wp-container-core-group-is-layout-fe9cc265 wp-block-group-is-layout-flex\" data-block-type=\"core\">\n<div class=\"wp-block-group has-global-padding is-layout-constrained wp-block-group-is-layout-constrained\" data-block-type=\"core\">\n<div class=\"wp-block-stackable-image stk-block-image stk--hide-tablet stk--hide-mobile has-text-align-left stk-block stk-595bdca\" data-block-id=\"595bdca\"><style>.stk-595bdca {z-index:0 !important;}.stk-595bdca .stk-img-wrapper{width:85% !important;}@media screen and (max-width: 1023px){.stk-595bdca .stk-img-wrapper{width:100% !important;}}@media screen and (max-width: 767px){.stk-595bdca .stk-img-wrapper{width:100% !important;}}<\/style><figure><span class=\"stk-img-wrapper stk-image--shape-stretch\"><img loading=\"lazy\" decoding=\"async\" class=\"stk-img wp-image-3738\" src=\"https:\/\/asymmetriqa.com\/wp-content\/uploads\/2025\/10\/Alternate-Allocation-Fund.jpg\" width=\"1130\" height=\"1250\" srcset=\"https:\/\/asymmetriqa.com\/wp-content\/uploads\/2025\/10\/Alternate-Allocation-Fund.jpg 1130w, https:\/\/asymmetriqa.com\/wp-content\/uploads\/2025\/10\/Alternate-Allocation-Fund-271x300.jpg 271w, https:\/\/asymmetriqa.com\/wp-content\/uploads\/2025\/10\/Alternate-Allocation-Fund-926x1024.jpg 926w, https:\/\/asymmetriqa.com\/wp-content\/uploads\/2025\/10\/Alternate-Allocation-Fund-768x850.jpg 768w\" sizes=\"auto, (max-width: 1130px) 100vw, 1130px\" \/><\/span><\/figure><\/div>\n\n\n\n<div class=\"wp-block-group has-global-padding is-layout-constrained wp-block-group-is-layout-constrained\" data-block-type=\"core\">\n<div class=\"wp-block-stackable-divider stk-block-divider stk-block stk-b4005df\" data-block-id=\"b4005df\"><style>.stk-b4005df hr.stk-block-divider__hr{background:#00000000 !important;}.stk-b4005df {margin-bottom:nullpx !important;z-index:0 !important;}<\/style><hr class=\"stk-block-divider__hr\"\/><\/div>\n<\/div>\n\n\n\n<p class=\"has-base-2-color has-text-color has-link-color wp-elements-431f6ae1564f16409b48ce95ef0a40f5\" style=\"font-size:clamp(0.875rem, 0.875rem + ((1vw - 0.2rem) * 0.469), 1.25rem);\" data-block-type=\"core\">El riesgo de liquidez aparece en caso de bajo volumen de negociaci\u00f3n en los mercados financieros, cuando cualquier operaci\u00f3n de compra o venta en los mercados puede llevar a importantes variaciones\/fluctuaciones del mercado que pueden a su vez impactar en la valoraci\u00f3n del Fondo. El riesgo de los mercados emergentes viene porque algunos de los pa\u00edses en los que se invierte pueden tener riesgos pol\u00edticos, legales, econ\u00f3micos y de liquidez m\u00e1s altos que las inversiones en pa\u00edses m\u00e1s desarrollados.<\/p>\n\n\n\n<p class=\"has-base-2-color has-text-color has-link-color wp-elements-b4e6c6863deae9bd369178098fc98215\" style=\"font-size:clamp(0.875rem, 0.875rem + ((1vw - 0.2rem) * 0.469), 1.25rem);\" data-block-type=\"core\">Todas las inversiones implican riesgos. Cualquiera de estos riesgos podr\u00eda hacer que el Fondo pierda valor, tenga una rentabilidad inferior a la de inversiones similares, experimente una alta volatilidad (altibajos) o no cumpla con su objetivo en alg\u00fan per\u00edodo de tiempo. Por favor, consulte las descripciones de los riesgos en el folleto informativo para obtener m\u00e1s informaci\u00f3n sobre los riesgos del Fondo.<\/p>\n<\/div>\n\n\n\n<p class=\"has-base-2-color has-text-color has-link-color wp-elements-c1c0985b3e3e3c4bbc7fdacef408d3ac\" style=\"font-size:clamp(0.875rem, 0.875rem + ((1vw - 0.2rem) * 0.469), 1.25rem);\" data-block-type=\"core\"><a href=\"https:\/\/www.fundsquare.net\" data-type=\"link\" data-id=\"https:\/\/www.fundsquare.net\/security\/summary?idInstr=11758\" target=\"_blank\" rel=\"noreferrer noopener\">TODOS LOS DOCUMENTOS INFORMATIVOS DEL FONDO EST\u00c1N DISPONIBLES EN FUNDSQUARE.NET<\/a><\/p>\n\n\n\n<div class=\"wp-block-stackable-divider stk-block-divider stk-block stk-d6ff360\" data-block-id=\"d6ff360\"><hr class=\"stk-block-divider__hr\"\/><\/div>\n<\/div>\n<\/div>\n<\/div>\n\n\n\n<div class=\"wp-block-group has-global-padding is-layout-constrained wp-block-group-is-layout-constrained\" data-block-type=\"core\">\n<div class=\"wp-block-columns is-layout-flex wp-container-core-columns-is-layout-28f84493 wp-block-columns-is-layout-flex\" data-block-type=\"core\">\n<div class=\"wp-block-column is-layout-flow wp-block-column-is-layout-flow\" data-block-type=\"core\">\n<div class=\"wp-block-group has-global-padding is-layout-constrained wp-block-group-is-layout-constrained\" data-block-type=\"core\">\n<p class=\"has-base-2-color has-text-color has-link-color has-small-font-size wp-elements-7c2cf5b07f1453f565185fb42bb60922\" data-block-type=\"core\"><strong>Advertencia importante<\/strong>: Esta informaci\u00f3n no constituye una oferta, ni una recomendaci\u00f3n para la compra o venta, o para ejecutar cualquier otra transacci\u00f3n. La informaci\u00f3n aqu\u00ed contenida no debe interpretarse como asesoramiento o consejo. Las decisiones de invertir o desinvertir en el Fondo deben ser tomadas por el inversor de acuerdo con los documentos informativos previstos en la normativa aplicable. Las inversiones est\u00e1n sujetas a fluctuaciones del mercado y a los riesgos inherentes a las inversiones en valores y en otros instrumentos financieros; por lo tanto, el valor de su posici\u00f3n en el Fondo y la rentabilidad obtenida pueden variar, ya sea aumentando o disminuyendo, y es posible que un inversor no recupere la cantidad inicialmente invertida.<\/p>\n<\/div>\n<\/div>\n<\/div>\n<\/div>\n\n\n\n<div class=\"wp-block-stackable-divider stk-block-divider stk-block stk-f1c784c\" data-block-id=\"f1c784c\"><style>.stk-f1c784c hr.stk-block-divider__hr{background:#e0d9ce !important;height:100px !important;}.stk-f1c784c {z-index:0 !important;}<\/style><hr class=\"stk-block-divider__hr\"\/><\/div>\n<\/div>\n","protected":false},"excerpt":{"rendered":"<p>Asymmetriqa SICAV Expanded Allocation Fund Indicador de riesgo 1 2 3 4 5 6 7 Rating por Morningstar Fondo de nueva creaci\u00f3n Categor\u00eda por Morningstar Fondo de nueva creaci\u00f3n Divisa EUR (\u20ac) ISIN &#8211; Clase A LU3209575599 ISIN &#8211; Clase B LU3209575672 Perfil del inversor habitual El Fondo est\u00e1 dirigido a inversores con una tolerancia [&hellip;]<\/p>\n","protected":false},"author":1,"featured_media":0,"parent":0,"menu_order":0,"comment_status":"closed","ping_status":"closed","template":"","meta":{"footnotes":""},"class_list":["post-3762","page","type-page","status-publish","hentry"],"_links":{"self":[{"href":"https:\/\/asymmetriqa.com\/es\/wp-json\/wp\/v2\/pages\/3762","targetHints":{"allow":["GET"]}}],"collection":[{"href":"https:\/\/asymmetriqa.com\/es\/wp-json\/wp\/v2\/pages"}],"about":[{"href":"https:\/\/asymmetriqa.com\/es\/wp-json\/wp\/v2\/types\/page"}],"author":[{"embeddable":true,"href":"https:\/\/asymmetriqa.com\/es\/wp-json\/wp\/v2\/users\/1"}],"replies":[{"embeddable":true,"href":"https:\/\/asymmetriqa.com\/es\/wp-json\/wp\/v2\/comments?post=3762"}],"version-history":[{"count":35,"href":"https:\/\/asymmetriqa.com\/es\/wp-json\/wp\/v2\/pages\/3762\/revisions"}],"predecessor-version":[{"id":5643,"href":"https:\/\/asymmetriqa.com\/es\/wp-json\/wp\/v2\/pages\/3762\/revisions\/5643"}],"wp:attachment":[{"href":"https:\/\/asymmetriqa.com\/es\/wp-json\/wp\/v2\/media?parent=3762"}],"curies":[{"name":"wp","href":"https:\/\/api.w.org\/{rel}","templated":true}]}}