{"id":1996,"date":"2025-06-25T16:03:10","date_gmt":"2025-06-25T14:03:10","guid":{"rendered":"https:\/\/asymmetriqa.com\/nos-clients\/"},"modified":"2026-02-02T13:54:24","modified_gmt":"2026-02-02T12:54:24","slug":"clients","status":"publish","type":"page","link":"https:\/\/asymmetriqa.com\/fr\/clients\/","title":{"rendered":"Clients"},"content":{"rendered":"\n<div class=\"wp-block-group has-base-2-background-color has-background has-global-padding is-layout-constrained wp-container-core-group-is-layout-e7fc85f3 wp-block-group-is-layout-constrained\" style=\"margin-top:-25px;margin-bottom:var(--wp--preset--spacing--20);padding-top:100px;padding-right:0vh;padding-bottom:100px;padding-left:0vh\" data-block-type=\"core\">\n<div class=\"wp-block-group is-layout-flex wp-block-group-is-layout-flex\" data-block-type=\"core\">\n<div class=\"wp-block-columns is-layout-flex wp-container-core-columns-is-layout-28f84493 wp-block-columns-is-layout-flex\" data-block-type=\"core\">\n<div class=\"wp-block-column is-layout-flow wp-block-column-is-layout-flow\" data-block-type=\"core\">\n<h1 class=\"wp-block-heading has-base-color has-base-2-background-color has-text-color has-background has-link-color wp-elements-0f6cd5fffd55f9576ab87f003bda9aa9\" style=\"margin-top:20px;margin-right:0px;margin-bottom:20px;margin-left:0px;padding-top:0px;padding-right:0px;padding-bottom:0px;padding-left:0px\" data-block-type=\"core\">Nos clients<\/h1>\n<\/div>\n<\/div>\n<\/div>\n\n\n\n<div class=\"wp-block-group is-horizontal is-content-justification-left is-nowrap is-layout-flex wp-container-core-group-is-layout-34b1da41 wp-block-group-is-layout-flex\" style=\"padding-right:0;padding-left:0\" data-block-type=\"core\">\n<div class=\"wp-block-columns are-vertically-aligned-top wp-container-content-9cfa9a5a is-layout-flex wp-container-core-columns-is-layout-aae02c2e wp-block-columns-is-layout-flex\" style=\"border-style:none;border-width:0px;border-radius:0px;margin-top:var(--wp--preset--spacing--10);margin-bottom:var(--wp--preset--spacing--10)\" data-block-type=\"core\">\n<div class=\"wp-block-column is-vertically-aligned-top is-layout-flow wp-block-column-is-layout-flow\" style=\"flex-basis:100%\" data-block-type=\"core\">\n<p class=\"has-base-color has-text-color has-link-color wp-elements-6d65f5dc369202ec1198649e3e8fc677\" style=\"margin-right:0px;margin-left:0px;font-size:clamp(0.875rem, 0.875rem + ((1vw - 0.2rem) * 0.469), 1.25rem);\" data-block-type=\"core\">Asymmetriqa propose une offre de service personnalis\u00e9e pour diff\u00e9rents clients, r\u00e9pondant aux besoins des :<\/p>\n<\/div>\n\n\n\n<div class=\"wp-block-column is-vertically-aligned-top is-layout-flow wp-block-column-is-layout-flow\" style=\"padding-top:var(--wp--preset--spacing--50);flex-basis:100%\" data-block-type=\"core\">\n<h4 class=\"wp-block-heading is-style-default has-base-color has-text-color has-link-color has-playfair-display-font-family wp-elements-5613e8959b7da40a254eb86c2ac64277\" data-block-type=\"core\">Investisseurs particuliers<\/h4>\n\n\n\n<hr class=\"wp-block-separator has-text-color has-accent-color has-alpha-channel-opacity has-accent-background-color has-background is-style-wide\"\/ data-block-type=\"core\">\n\n\n\n<h4 class=\"wp-block-heading has-base-color has-text-color has-link-color has-playfair-display-font-family wp-elements-5d5596809683cbd8263a44c0cfba1b03\" style=\"margin-right:0;margin-left:0\" data-block-type=\"core\">Familles en affaires<\/h4>\n\n\n\n<hr class=\"wp-block-separator has-text-color has-accent-color has-alpha-channel-opacity has-accent-background-color has-background is-style-wide\"\/ data-block-type=\"core\">\n\n\n\n<h4 class=\"wp-block-heading has-base-color has-text-color has-link-color has-playfair-display-font-family wp-elements-912fe57afff13ab9446d4b3544f30125\" style=\"font-style:italic;font-weight:400\" data-block-type=\"core\">Family Offices<\/h4>\n\n\n\n<hr class=\"wp-block-separator has-text-color has-accent-color has-alpha-channel-opacity has-accent-background-color has-background is-style-wide\"\/ data-block-type=\"core\">\n\n\n\n<h4 class=\"wp-block-heading has-base-color has-text-color has-link-color has-playfair-display-font-family wp-elements-65043e5825d1cb5e18ff4770a15f48a4\" data-block-type=\"core\">Organismes et institutions<\/h4>\n\n\n\n<hr class=\"wp-block-separator has-text-color has-accent-color has-alpha-channel-opacity has-accent-background-color has-background is-style-wide\"\/ data-block-type=\"core\">\n<\/div>\n<\/div>\n<\/div>\n<\/div>\n\n\n\n<div class=\"wp-block-group is-horizontal is-nowrap is-layout-flex wp-container-core-group-is-layout-df4e2831 wp-block-group-is-layout-flex has-background\" style=\"min-height:300px;margin-top:-25px;margin-bottom:0px;background-image:url(&apos;https:\/\/asymmetriqa.com\/wp-content\/uploads\/2025\/07\/Esquina-filosofiia.png&apos;);background-position:100% 0%;background-repeat:no-repeat;background-size:25%;background-attachment:scroll;\" data-block-type=\"core\">\n<div class=\"wp-block-columns is-layout-flex wp-container-core-columns-is-layout-de26b890 wp-block-columns-is-layout-flex\" style=\"margin-top:0;margin-bottom:0\" data-block-type=\"core\">\n<div class=\"wp-block-column is-layout-flow wp-block-column-is-layout-flow\" style=\"padding-top:1px;padding-left:0px;flex-basis:40%\" data-block-type=\"core\">\n<figure class=\"wp-block-image size-full david\" style=\"margin-top:0;margin-right:0px;margin-bottom:0;margin-left:0px\" data-block-type=\"core\"><img loading=\"lazy\" decoding=\"async\" width=\"1216\" height=\"1698\" src=\"https:\/\/asymmetriqa.com\/wp-content\/uploads\/2025\/07\/David-estatua.jpg\" alt=\"\" class=\"wp-image-410\" style=\"object-fit:cover\" title=\"\" srcset=\"https:\/\/asymmetriqa.com\/wp-content\/uploads\/2025\/07\/David-estatua.jpg 1216w, https:\/\/asymmetriqa.com\/wp-content\/uploads\/2025\/07\/David-estatua-215x300.jpg 215w, https:\/\/asymmetriqa.com\/wp-content\/uploads\/2025\/07\/David-estatua-733x1024.jpg 733w, https:\/\/asymmetriqa.com\/wp-content\/uploads\/2025\/07\/David-estatua-768x1072.jpg 768w, https:\/\/asymmetriqa.com\/wp-content\/uploads\/2025\/07\/David-estatua-1100x1536.jpg 1100w\" sizes=\"auto, (max-width: 1216px) 100vw, 1216px\" \/><\/figure>\n<\/div>\n\n\n\n<div class=\"wp-block-column is-vertically-aligned-center is-layout-flow wp-container-core-column-is-layout-f94bcecc wp-block-column-is-layout-flow\" style=\"padding-right:9%;padding-bottom:0%;padding-left:7%;flex-basis:60%\" data-block-type=\"core\">\n<div class=\"wp-block-stackable-carousel aligncenter stk-block-carousel stk--is-slide stk--arrows-justify-flex-start stk--arrows-align-flex-end stk-block stk-9886698\" data-slides-to-show=\"\" data-block-id=\"9886698\"><style>.stk-9886698 .stk-block-carousel__buttons{justify-content:flex-start !important;align-items:flex-end !important;}.stk-9886698 {--button-offset:0px !important;--button-gap:12px !important;--button-width:54px !important;--button-height:9px !important;padding-top:var(--stk--preset--spacing--none, 0px) !important;padding-right:var(--stk--preset--spacing--none, 0px) !important;padding-bottom:var(--stk--preset--spacing--40, min(4rem, 5vw)) !important;padding-left:var(--stk--preset--spacing--none, 0px) !important;z-index:0 !important;}.stk-9886698 .stk-block-carousel__button{background:#00000000 !important;border-radius:55px !important;opacity:0.51 !important;}.stk-9886698 .stk-block-carousel__button svg{width:53px !important;height:53px !important;}.stk-9886698 .stk-block-carousel__button:hover{opacity:1 !important;}@media screen and (max-width: 1023px){.stk-9886698 {padding-bottom:100px !important;}}<\/style><div class=\"stk-block-carousel__content-wrapper\"><div class=\"stk-row stk-inner-blocks has-text-align-left stk-block-content stk-block-carousel__slider-wrapper stk-content-align stk-9886698-column\"><div class=\"stk-block-carousel__slider\" role=\"list\" data-autoplay=\"4000\" data-label-slide-of=\"Slide %%d of %%d\" tabindex=\"0\">\n<div class=\"wp-block-stackable-column stk-block-column stk-column stk-block stk-98ddb16\" data-v=\"4\" data-block-id=\"98ddb16\"><style>.stk-98ddb16 {align-self:baseline !important;opacity:1 !important;z-index:0 !important;}<\/style><div class=\"stk-column-wrapper stk-block-column__content stk-container stk-98ddb16-container stk--no-background stk--no-padding\"><div class=\"stk-block-content stk-inner-blocks stk-98ddb16-inner-blocks\">\n<div class=\"wp-block-group is-vertical is-layout-flex wp-container-core-group-is-layout-71ecc10e wp-block-group-is-layout-flex\" style=\"min-height:500px;margin-top:0;margin-bottom:var(--wp--preset--spacing--20);padding-bottom:var(--wp--preset--spacing--30)\" data-block-type=\"core\">\n<h2 class=\"wp-block-heading has-base-2-color has-text-color has-link-color wp-elements-99947d8496355969b2cd69767f0e7d2c\" style=\"font-size:clamp(33.419px, 2.089rem + ((1vw - 3.2px) * 2.077), 60px);\" data-block-type=\"core\">Proposition de valeur<\/h2>\n\n\n\n<h2 class=\"wp-block-heading has-base-2-color has-text-color has-link-color wp-elements-50bd1f18ba2c452c0256669097cb4565\" style=\"font-size:clamp(33.419px, 2.089rem + ((1vw - 3.2px) * 2.077), 60px);\" data-block-type=\"core\">01.<\/h2>\n\n\n\n<p class=\"has-base-2-color has-text-color has-link-color wp-elements-63d1faad5c00eb56a133b0846cb3ea2f\" style=\"font-size:clamp(14.642px, 0.915rem + ((1vw - 3.2px) * 0.575), 22px);\" data-block-type=\"core\">Asymmetriqa se concentre sur la prestation d&rsquo;un service sup\u00e9rieur, porteur d\u2019une v\u00e9ritable valeur ajout\u00e9e \u00e0 une client\u00e8le restreinte et s\u00e9lectionn\u00e9e, compos\u00e9e de professions lib\u00e9rales, dirigeants d\u2019entreprise, d&rsquo;entrepreneurs r\u00e9ussis, de familles en affaires et d&rsquo;investisseurs institutionnels. Les clients actuels proviennent de secteurs tr\u00e8s diff\u00e9rents. Ils nous ont choisi comme leur partenaire d\u2019exp\u00e9rience et d\u2019excellence pour les accompagner dans la gestion performante et durable de leur patrimoine.<\/p>\n<\/div>\n<\/div><\/div><\/div>\n\n\n\n<div class=\"wp-block-stackable-column stk-block-column stk-column stk-block stk-f47cb14\" data-v=\"4\" data-block-id=\"f47cb14\"><style>.stk-f47cb14 {align-self:baseline !important;opacity:1 !important;}<\/style><div class=\"stk-column-wrapper stk-block-column__content stk-container stk-f47cb14-container stk--no-background stk--no-padding\"><div class=\"stk-block-content stk-inner-blocks stk-f47cb14-inner-blocks\">\n<div class=\"wp-block-group is-vertical is-layout-flex wp-container-core-group-is-layout-91592631 wp-block-group-is-layout-flex\" style=\"min-height:500px;padding-bottom:var(--wp--preset--spacing--30)\" data-block-type=\"core\">\n<h2 class=\"wp-block-heading has-base-2-color has-text-color has-link-color wp-elements-99947d8496355969b2cd69767f0e7d2c\" style=\"font-size:clamp(33.419px, 2.089rem + ((1vw - 3.2px) * 2.077), 60px);\" data-block-type=\"core\">Proposition de valeur<\/h2>\n\n\n\n<h2 class=\"wp-block-heading has-base-2-color has-text-color has-link-color wp-elements-03a650270d20303fe0cf3c68b1ea93a1\" style=\"font-size:clamp(33.419px, 2.089rem + ((1vw - 3.2px) * 2.077), 60px);\" data-block-type=\"core\">02.<\/h2>\n\n\n\n<p class=\"has-base-2-color has-text-color has-link-color wp-elements-de90b7eebb3adcadfa9c89cf7d0e9a55\" style=\"font-size:clamp(14.642px, 0.915rem + ((1vw - 3.2px) * 0.575), 22px);\" data-block-type=\"core\">Asymmetriqa con\u00e7oit sur-mesure des portefeuilles hautement diversifi\u00e9s sur plusieurs classes d&rsquo;actifs, construits autour du profil de risque sp\u00e9cifique de chaque client, de son horizon temporel, de ses besoins de liquidit\u00e9, des consid\u00e9rations fiscales pertinentes et de ses objectifs d&rsquo;investissement.<\/p>\n<\/div>\n<\/div><\/div><\/div>\n\n\n\n<div class=\"wp-block-stackable-column stk-block-column stk-column stk-block stk-00f0e37\" data-v=\"4\" data-block-id=\"00f0e37\"><style>.stk-00f0e37 {align-self:baseline !important;opacity:1 !important;}<\/style><div class=\"stk-column-wrapper stk-block-column__content stk-container stk-00f0e37-container stk--no-background stk--no-padding\"><div class=\"stk-block-content stk-inner-blocks stk-00f0e37-inner-blocks\">\n<div class=\"wp-block-group is-vertical is-layout-flex wp-container-core-group-is-layout-91592631 wp-block-group-is-layout-flex\" style=\"min-height:500px;padding-bottom:var(--wp--preset--spacing--30)\" data-block-type=\"core\">\n<h2 class=\"wp-block-heading has-base-2-color has-text-color has-link-color wp-elements-99947d8496355969b2cd69767f0e7d2c\" style=\"font-size:clamp(33.419px, 2.089rem + ((1vw - 3.2px) * 2.077), 60px);\" data-block-type=\"core\">Proposition de valeur<\/h2>\n\n\n\n<h2 class=\"wp-block-heading has-base-2-color has-text-color has-link-color wp-elements-c95d035034f1539ebea45c40033f0fec\" style=\"font-size:clamp(33.419px, 2.089rem + ((1vw - 3.2px) * 2.077), 60px);\" data-block-type=\"core\">03.<\/h2>\n\n\n\n<p class=\"has-base-2-color has-text-color has-link-color wp-elements-53abe5e7d892260e5a0ece6dd511f3c1\" style=\"font-size:clamp(14.642px, 0.915rem + ((1vw - 3.2px) * 0.575), 22px);\" data-block-type=\"core\">Asymmetriqa s\u00e9lectionne les meilleures opportunit\u00e9s d\u2019investissement parmi des milliers d\u2019options disponibles.<\/p>\n<\/div>\n<\/div><\/div><\/div>\n\n\n\n<div class=\"wp-block-stackable-column stk-block-column stk-column stk-block stk-83a5aec\" data-v=\"4\" data-block-id=\"83a5aec\"><style>.stk-83a5aec {align-self:baseline !important;opacity:1 !important;}<\/style><div class=\"stk-column-wrapper stk-block-column__content stk-container stk-83a5aec-container stk--no-background stk--no-padding\"><div class=\"stk-block-content stk-inner-blocks stk-83a5aec-inner-blocks\">\n<div class=\"wp-block-group is-vertical is-layout-flex wp-container-core-group-is-layout-91592631 wp-block-group-is-layout-flex\" style=\"min-height:500px;padding-bottom:var(--wp--preset--spacing--30)\" data-block-type=\"core\">\n<h2 class=\"wp-block-heading has-base-2-color has-text-color has-link-color wp-elements-99947d8496355969b2cd69767f0e7d2c\" style=\"font-size:clamp(33.419px, 2.089rem + ((1vw - 3.2px) * 2.077), 60px);\" data-block-type=\"core\">Proposition de valeur<\/h2>\n\n\n\n<h2 class=\"wp-block-heading has-base-2-color has-text-color has-link-color wp-elements-08b09a2fb2ff51dd615634e300640126\" style=\"font-size:clamp(33.419px, 2.089rem + ((1vw - 3.2px) * 2.077), 60px);\" data-block-type=\"core\">04.<\/h2>\n\n\n\n<p class=\"has-base-2-color has-text-color has-link-color wp-elements-da7ffb03af8e1e9764f1f68a120613f9\" style=\"font-size:clamp(14.642px, 0.915rem + ((1vw - 3.2px) * 0.575), 22px);\" data-block-type=\"core\">Asymmetriqa g\u00e8re les risques et adapte la strat\u00e9gie d&rsquo;investissement ainsi que la position du portefeuille recommand\u00e9 aux opportunit\u00e9s de march\u00e9 changeantes.<\/p>\n<\/div>\n<\/div><\/div><\/div>\n<\/div><div class=\"stk-block-carousel__buttons\"><button class=\"stk-block-carousel__button stk-block-carousel__button__prev\" aria-label=\"Previous slide\"><svg class=\"ugb-custom-icon\" viewBox=\"0 0 43 43\" fill=\"none\" xmlns=\"http:\/\/www.w3.org\/2000\/svg\" aria-hidden=\"true\" width=\"32\" height=\"32\">\n<circle cx=\"21.375\" cy=\"21.375\" r=\"20.625\" stroke=\"#EA570E\" stroke-width=\"1.5\"><\/circle>\n<path d=\"M13.3349 21.4226C13.042 21.7154 13.042 22.1903 13.3349 22.4832L18.1078 27.2562C18.4007 27.5491 18.8756 27.5491 19.1685 27.2562C19.4614 26.9633 19.4614 26.4884 19.1685 26.1955L14.9259 21.9529L19.1685 17.7102C19.4614 17.4173 19.4614 16.9425 19.1685 16.6496C18.8756 16.3567 18.4007 16.3567 18.1078 16.6496L13.3349 21.4226ZM31.1963 21.9529L31.1963 21.2029L13.8652 21.2029L13.8652 21.9529L13.8652 22.7029L31.1963 22.7029L31.1963 21.9529Z\" fill=\"#EA570E\"><\/path>\n<\/svg><\/button><button class=\"stk-block-carousel__button stk-block-carousel__button__next\" aria-label=\"Next slide\"><svg class=\"ugb-custom-icon\" viewBox=\"0 0 44 43\" fill=\"none\" xmlns=\"http:\/\/www.w3.org\/2000\/svg\" aria-hidden=\"true\" width=\"32\" height=\"32\">\n<circle cx=\"22.125\" cy=\"21.375\" r=\"20.625\" transform=\"rotate(-180 22.125 21.375)\" stroke=\"#EA570E\" stroke-width=\"1.5\"><\/circle>\n<path d=\"M30.1651 21.3275C30.458 21.0346 30.458 20.5597 30.1651 20.2668L25.3922 15.4938C25.0993 15.2009 24.6244 15.2009 24.3315 15.4938C24.0386 15.7867 24.0386 16.2616 24.3315 16.5545L28.5741 20.7971L24.3315 25.0398C24.0386 25.3327 24.0386 25.8075 24.3315 26.1004C24.6244 26.3933 25.0993 26.3933 25.3922 26.1004L30.1651 21.3275ZM12.3037 20.7971L12.3037 21.5471L29.6348 21.5471L29.6348 20.7971L29.6348 20.0471L12.3037 20.0471L12.3037 20.7971Z\" fill=\"#EA570E\"><\/path>\n<\/svg><\/button><\/div><\/div><\/div><\/div>\n<\/div>\n<\/div>\n<\/div>\n","protected":false},"excerpt":{"rendered":"<p>Nos clients Asymmetriqa propose une offre de service personnalis\u00e9e pour diff\u00e9rents clients, r\u00e9pondant aux besoins des : Investisseurs particuliers Familles en affaires Family Offices Organismes et institutions<\/p>\n","protected":false},"author":1,"featured_media":0,"parent":0,"menu_order":0,"comment_status":"closed","ping_status":"closed","template":"","meta":{"footnotes":""},"class_list":["post-1996","page","type-page","status-publish","hentry"],"_links":{"self":[{"href":"https:\/\/asymmetriqa.com\/fr\/wp-json\/wp\/v2\/pages\/1996","targetHints":{"allow":["GET"]}}],"collection":[{"href":"https:\/\/asymmetriqa.com\/fr\/wp-json\/wp\/v2\/pages"}],"about":[{"href":"https:\/\/asymmetriqa.com\/fr\/wp-json\/wp\/v2\/types\/page"}],"author":[{"embeddable":true,"href":"https:\/\/asymmetriqa.com\/fr\/wp-json\/wp\/v2\/users\/1"}],"replies":[{"embeddable":true,"href":"https:\/\/asymmetriqa.com\/fr\/wp-json\/wp\/v2\/comments?post=1996"}],"version-history":[{"count":15,"href":"https:\/\/asymmetriqa.com\/fr\/wp-json\/wp\/v2\/pages\/1996\/revisions"}],"predecessor-version":[{"id":5320,"href":"https:\/\/asymmetriqa.com\/fr\/wp-json\/wp\/v2\/pages\/1996\/revisions\/5320"}],"wp:attachment":[{"href":"https:\/\/asymmetriqa.com\/fr\/wp-json\/wp\/v2\/media?parent=1996"}],"curies":[{"name":"wp","href":"https:\/\/api.w.org\/{rel}","templated":true}]}}