{"id":3361,"date":"2025-10-14T15:48:45","date_gmt":"2025-10-14T13:48:45","guid":{"rendered":"https:\/\/asymmetriqa.com\/servicesservicios\/"},"modified":"2026-02-02T12:34:36","modified_gmt":"2026-02-02T11:34:36","slug":"services","status":"publish","type":"page","link":"https:\/\/asymmetriqa.com\/fr\/services\/","title":{"rendered":"ServicesServicios"},"content":{"rendered":"\n<div class=\"wp-block-group has-custom-color-1-background-color has-background has-global-padding is-layout-constrained wp-container-core-group-is-layout-0b27af4c wp-block-group-is-layout-constrained\" style=\"margin-top:-25px;margin-bottom:-25px;padding-top:100px;padding-bottom:100px\" data-block-type=\"core\">\n<div class=\"wp-block-group is-nowrap is-layout-flex wp-container-core-group-is-layout-6c531013 wp-block-group-is-layout-flex\" data-block-type=\"core\">\n<div class=\"wp-block-group is-nowrap is-layout-flex wp-container-core-group-is-layout-6c531013 wp-block-group-is-layout-flex\" data-block-type=\"core\">\n<div class=\"wp-block-group is-nowrap is-layout-flex wp-container-core-group-is-layout-a40fa4a2 wp-block-group-is-layout-flex\" style=\"padding-bottom:0px\" data-block-type=\"core\">\n<div class=\"wp-block-group is-layout-flex wp-block-group-is-layout-flex\" data-block-type=\"core\">\n<div class=\"wp-block-columns is-layout-flex wp-container-core-columns-is-layout-28f84493 wp-block-columns-is-layout-flex\" data-block-type=\"core\">\n<div class=\"wp-block-column is-layout-flow wp-block-column-is-layout-flow\" data-block-type=\"core\">\n<h1 class=\"wp-block-heading has-base-2-color has-text-color has-link-color wp-elements-beaa199b81e3ff84bbdd49f8a167df19\" style=\"margin-top:20px;margin-right:0px;margin-bottom:20px;margin-left:0px;padding-top:0px;padding-right:0px;padding-bottom:0px;padding-left:0px\" data-block-type=\"core\">Nos services<\/h1>\n<\/div>\n<\/div>\n<\/div>\n<\/div>\n<\/div>\n<\/div>\n\n\n\n<div class=\"wp-block-group is-nowrap is-layout-flex wp-container-core-group-is-layout-6c531013 wp-block-group-is-layout-flex\" data-block-type=\"core\">\n<div class=\"wp-block-columns is-layout-flex wp-container-core-columns-is-layout-28f84493 wp-block-columns-is-layout-flex\" data-block-type=\"core\">\n<div class=\"wp-block-column is-layout-flow wp-block-column-is-layout-flow\" data-block-type=\"core\">\n<p class=\"has-base-2-color has-text-color has-link-color wp-elements-b0b7742cf1068d881e2a725f649daf6d\" style=\"font-size:clamp(0.875rem, 0.875rem + ((1vw - 0.2rem) * 0.469), 1.25rem);\" data-block-type=\"core\">Asymmetriqa propose une offre de service personnalis\u00e9e pour diff\u00e9rents clients, <br>couvrant l&rsquo;ensemble des \u00e9tapes du conseil en placement.<\/p>\n<\/div>\n<\/div>\n<\/div>\n<\/div>\n\n\n\n<div class=\"wp-block-group has-custom-color-1-background-color has-background has-global-padding is-content-justification-center is-layout-constrained wp-container-core-group-is-layout-9338340b wp-block-group-is-layout-constrained\" style=\"margin-top:-10px;padding-top:var(--wp--preset--spacing--40)\" data-block-type=\"core\">\n<div class=\"wp-block-group is-vertical is-layout-flex wp-container-core-group-is-layout-3a19b9da wp-block-group-is-layout-flex\" style=\"margin-top:0;margin-bottom:0\" data-block-type=\"core\">\n<div class=\"wp-block-group is-nowrap is-layout-flex wp-container-core-group-is-layout-9f434d36 wp-block-group-is-layout-flex\" style=\"border-left-style:none;border-left-width:0px;margin-bottom:0px;padding-right:0px;padding-left:0px\" data-block-type=\"core\">\n<span class=\"gb-shape gb-shape-b1fb7149\"><svg xmlns=\"http:\/\/www.w3.org\/2000\/svg\" aria-hidden=\"true\" height=\"1em\" width=\"1em\" viewBox=\"0 0 512 512\"><path fill=\"currentColor\" d=\"M256 8C119 8 8 119 8 256s111 248 248 248 248-111 248-248S393 8 256 8z\"><\/path><\/svg><\/span>\n<\/div>\n\n\n\n<div class=\"wp-block-group is-nowrap is-layout-flex wp-container-core-group-is-layout-0b083578 wp-block-group-is-layout-flex\" style=\"margin-top:0;margin-bottom:0;padding-top:0;padding-left:6px\" data-block-type=\"core\">\n<div class=\"wp-block-group is-horizontal is-layout-flex wp-container-core-group-is-layout-9e8d954d wp-block-group-is-layout-flex\" style=\"border-left-width:2px;margin-top:-12px;margin-bottom:0px;padding-top:0px;padding-right:0px;padding-bottom:100px;padding-left:9vw\" data-block-type=\"core\">\n<h2 class=\"wp-block-heading has-base-2-color has-text-color has-link-color has-xx-large-font-size wp-elements-63250f687df8061dbea2084a18940873\" style=\"margin-top:-40px\" data-block-type=\"core\">01.<\/h2>\n\n\n\n<div class=\"wp-block-group is-vertical is-layout-flex wp-container-core-group-is-layout-e1300cac wp-block-group-is-layout-flex\" data-block-type=\"core\">\n<p class=\"has-base-2-color has-text-color has-link-color has-medium-font-size wp-elements-e134be1d630c783e560a5220d236ea68\" style=\"margin-top:-6px\" data-block-type=\"core\">Diagnostic de la situation patrimoniale initiale.<\/p>\n<\/div>\n<\/div>\n<\/div>\n<\/div>\n\n\n\n<div class=\"wp-block-group is-vertical is-layout-flex wp-container-core-group-is-layout-3a19b9da wp-block-group-is-layout-flex\" style=\"margin-top:0;margin-bottom:0\" data-block-type=\"core\">\n<div class=\"wp-block-group is-nowrap is-layout-flex wp-container-core-group-is-layout-9f434d36 wp-block-group-is-layout-flex\" style=\"border-left-style:none;border-left-width:0px;margin-bottom:0px;padding-right:0px;padding-left:0px\" data-block-type=\"core\">\n<span class=\"gb-shape gb-shape-c0c94f31\"><svg xmlns=\"http:\/\/www.w3.org\/2000\/svg\" aria-hidden=\"true\" height=\"1em\" width=\"1em\" viewBox=\"0 0 512 512\"><path fill=\"currentColor\" d=\"M256 8C119 8 8 119 8 256s111 248 248 248 248-111 248-248S393 8 256 8z\"><\/path><\/svg><\/span>\n<\/div>\n\n\n\n<div class=\"wp-block-group is-nowrap is-layout-flex wp-container-core-group-is-layout-0b083578 wp-block-group-is-layout-flex\" style=\"margin-top:0;margin-bottom:0;padding-top:0;padding-left:6px\" data-block-type=\"core\">\n<div class=\"wp-block-group is-horizontal is-layout-flex wp-container-core-group-is-layout-9e8d954d wp-block-group-is-layout-flex\" style=\"border-left-width:2px;margin-top:-12px;margin-bottom:0px;padding-top:0px;padding-right:0px;padding-bottom:100px;padding-left:9vw\" data-block-type=\"core\">\n<h2 class=\"wp-block-heading has-base-2-color has-text-color has-link-color has-xx-large-font-size wp-elements-bd92d3de9b4f3019560e36f85c93e1c1\" style=\"margin-top:-40px\" data-block-type=\"core\">02.<\/h2>\n\n\n\n<div class=\"wp-block-group is-vertical is-layout-flex wp-container-core-group-is-layout-e1300cac wp-block-group-is-layout-flex\" data-block-type=\"core\">\n<p class=\"has-base-2-color has-text-color has-link-color has-medium-font-size wp-elements-e6aab39363c5d616c987e8b69a6fa7f0\" style=\"margin-top:-6px\" data-block-type=\"core\">Pr\u00e9paration d&rsquo;un plan strat\u00e9gique d&rsquo;allocation d&rsquo;actifs bas\u00e9 sur les objectifs du client.<\/p>\n<\/div>\n<\/div>\n<\/div>\n<\/div>\n\n\n\n<div class=\"wp-block-group is-vertical is-layout-flex wp-container-core-group-is-layout-3a19b9da wp-block-group-is-layout-flex\" style=\"margin-top:0;margin-bottom:0\" data-block-type=\"core\">\n<div class=\"wp-block-group is-nowrap is-layout-flex wp-container-core-group-is-layout-9f434d36 wp-block-group-is-layout-flex\" style=\"border-left-style:none;border-left-width:0px;margin-bottom:0px;padding-right:0px;padding-left:0px\" data-block-type=\"core\">\n<span class=\"gb-shape gb-shape-a1ebbf06\"><svg xmlns=\"http:\/\/www.w3.org\/2000\/svg\" aria-hidden=\"true\" height=\"1em\" width=\"1em\" viewBox=\"0 0 512 512\"><path fill=\"currentColor\" d=\"M256 8C119 8 8 119 8 256s111 248 248 248 248-111 248-248S393 8 256 8z\"><\/path><\/svg><\/span>\n<\/div>\n\n\n\n<div class=\"wp-block-group is-nowrap is-layout-flex wp-container-core-group-is-layout-0b083578 wp-block-group-is-layout-flex\" style=\"margin-top:0;margin-bottom:0;padding-top:0;padding-left:6px\" data-block-type=\"core\">\n<div class=\"wp-block-group is-horizontal is-layout-flex wp-container-core-group-is-layout-9e8d954d wp-block-group-is-layout-flex\" style=\"border-left-width:2px;margin-top:-12px;margin-bottom:0px;padding-top:0px;padding-right:0px;padding-bottom:100px;padding-left:9vw\" data-block-type=\"core\">\n<h2 class=\"wp-block-heading has-base-2-color has-text-color has-link-color has-xx-large-font-size wp-elements-9b7fc03ea904aff066835d69fcd63ebe\" style=\"margin-top:-40px\" data-block-type=\"core\">03.<\/h2>\n\n\n\n<div class=\"wp-block-group wp-container-content-006212af is-vertical is-layout-flex wp-container-core-group-is-layout-e1300cac wp-block-group-is-layout-flex\" data-block-type=\"core\">\n<p class=\"has-base-2-color has-text-color has-link-color has-medium-font-size wp-elements-77204f1b1ef90b123999a2243281300a\" style=\"margin-top:-6px\" data-block-type=\"core\">Proposition d&rsquo;une structure, d&rsquo;une forme juridique et d&rsquo;une juridiction efficaces, en collaboration avec les conseillers juridiques et fiscaux du client.<\/p>\n<\/div>\n<\/div>\n<\/div>\n<\/div>\n\n\n\n<div class=\"wp-block-group is-vertical is-layout-flex wp-container-core-group-is-layout-3a19b9da wp-block-group-is-layout-flex\" style=\"margin-top:0;margin-bottom:0\" data-block-type=\"core\">\n<div class=\"wp-block-group is-nowrap is-layout-flex wp-container-core-group-is-layout-9f434d36 wp-block-group-is-layout-flex\" style=\"border-left-style:none;border-left-width:0px;margin-bottom:0px;padding-right:0px;padding-left:0px\" data-block-type=\"core\">\n<span class=\"gb-shape gb-shape-53959a82\"><svg xmlns=\"http:\/\/www.w3.org\/2000\/svg\" aria-hidden=\"true\" height=\"1em\" width=\"1em\" viewBox=\"0 0 512 512\"><path fill=\"currentColor\" d=\"M256 8C119 8 8 119 8 256s111 248 248 248 248-111 248-248S393 8 256 8z\"><\/path><\/svg><\/span>\n<\/div>\n\n\n\n<div class=\"wp-block-group is-nowrap is-layout-flex wp-container-core-group-is-layout-0b083578 wp-block-group-is-layout-flex\" style=\"margin-top:0;margin-bottom:0;padding-top:0;padding-left:6px\" data-block-type=\"core\">\n<div class=\"wp-block-group is-horizontal is-layout-flex wp-container-core-group-is-layout-9e8d954d wp-block-group-is-layout-flex\" style=\"border-left-width:2px;margin-top:-12px;margin-bottom:0px;padding-top:0px;padding-right:0px;padding-bottom:100px;padding-left:9vw\" data-block-type=\"core\">\n<h2 class=\"wp-block-heading has-base-2-color has-text-color has-link-color has-xx-large-font-size wp-elements-6042bc8ae0c209b4fcdcb13dd203987f\" style=\"margin-top:-40px\" data-block-type=\"core\">04.<\/h2>\n\n\n\n<div class=\"wp-block-group wp-container-content-006212af is-vertical is-layout-flex wp-container-core-group-is-layout-e1300cac wp-block-group-is-layout-flex\" data-block-type=\"core\">\n<p class=\"has-base-2-color has-text-color has-link-color has-medium-font-size wp-elements-14337087d4f4deec07e352b509933c91\" style=\"margin-top:-6px\" data-block-type=\"core\">S\u00e9lection des banques d\u00e9positaires et d&rsquo;autres prestataires de services financiers n\u00e9cessaires, y compris la n\u00e9gociation de leurs tarifs et conditions de service.<\/p>\n<\/div>\n<\/div>\n<\/div>\n<\/div>\n\n\n\n<div class=\"wp-block-group is-vertical is-layout-flex wp-container-core-group-is-layout-3a19b9da wp-block-group-is-layout-flex\" style=\"margin-top:0;margin-bottom:0\" data-block-type=\"core\">\n<div class=\"wp-block-group is-nowrap is-layout-flex wp-container-core-group-is-layout-9f434d36 wp-block-group-is-layout-flex\" style=\"border-left-style:none;border-left-width:0px;margin-bottom:0px;padding-right:0px;padding-left:0px\" data-block-type=\"core\">\n<span class=\"gb-shape gb-shape-e3b62f54\"><svg xmlns=\"http:\/\/www.w3.org\/2000\/svg\" aria-hidden=\"true\" height=\"1em\" width=\"1em\" viewBox=\"0 0 512 512\"><path fill=\"currentColor\" d=\"M256 8C119 8 8 119 8 256s111 248 248 248 248-111 248-248S393 8 256 8z\"><\/path><\/svg><\/span>\n<\/div>\n\n\n\n<div class=\"wp-block-group is-nowrap is-layout-flex wp-container-core-group-is-layout-0b083578 wp-block-group-is-layout-flex\" style=\"margin-top:0;margin-bottom:0;padding-top:0;padding-left:6px\" data-block-type=\"core\">\n<div class=\"wp-block-group is-horizontal is-layout-flex wp-container-core-group-is-layout-9e8d954d wp-block-group-is-layout-flex\" style=\"border-left-width:2px;margin-top:-12px;margin-bottom:0px;padding-top:0px;padding-right:0px;padding-bottom:100px;padding-left:9vw\" data-block-type=\"core\">\n<h2 class=\"wp-block-heading has-base-2-color has-text-color has-link-color has-xx-large-font-size wp-elements-67ecbc02c6e8861dab76a1722338b51e\" style=\"margin-top:-40px\" data-block-type=\"core\">05.<\/h2>\n\n\n\n<div class=\"wp-block-group is-vertical is-layout-flex wp-container-core-group-is-layout-e1300cac wp-block-group-is-layout-flex\" data-block-type=\"core\">\n<p class=\"has-base-2-color has-text-color has-link-color has-medium-font-size wp-elements-3d639bbb80f5bcc55fe801f8bd92243e\" style=\"margin-top:-6px\" data-block-type=\"core\">Conseil en investissement et supervision active des portefeuilles d&rsquo;actifs.<\/p>\n<\/div>\n<\/div>\n<\/div>\n<\/div>\n\n\n\n<div class=\"wp-block-group is-vertical is-layout-flex wp-container-core-group-is-layout-3a19b9da wp-block-group-is-layout-flex\" style=\"margin-top:0;margin-bottom:0\" data-block-type=\"core\">\n<div class=\"wp-block-group is-nowrap is-layout-flex wp-container-core-group-is-layout-9f434d36 wp-block-group-is-layout-flex\" style=\"border-left-style:none;border-left-width:0px;margin-bottom:0px;padding-right:0px;padding-left:0px\" data-block-type=\"core\">\n<span class=\"gb-shape gb-shape-4c3db2ae\"><svg xmlns=\"http:\/\/www.w3.org\/2000\/svg\" aria-hidden=\"true\" height=\"1em\" width=\"1em\" viewBox=\"0 0 512 512\"><path fill=\"currentColor\" d=\"M256 8C119 8 8 119 8 256s111 248 248 248 248-111 248-248S393 8 256 8z\"><\/path><\/svg><\/span>\n<\/div>\n\n\n\n<div class=\"wp-block-group is-nowrap is-layout-flex wp-container-core-group-is-layout-0b083578 wp-block-group-is-layout-flex\" style=\"margin-top:0;margin-bottom:0;padding-top:0;padding-left:6px\" data-block-type=\"core\">\n<div class=\"wp-block-group is-horizontal is-layout-flex wp-container-core-group-is-layout-9e8d954d wp-block-group-is-layout-flex\" style=\"border-left-style:none;border-left-width:0px;margin-top:-12px;margin-bottom:0px;padding-top:0px;padding-right:0px;padding-bottom:100px;padding-left:9vw\" data-block-type=\"core\">\n<h2 class=\"wp-block-heading has-base-2-color has-text-color has-link-color has-xx-large-font-size wp-elements-86f6922cd6333168b19128fea479f9b6\" style=\"margin-top:-40px\" data-block-type=\"core\">06.<\/h2>\n\n\n\n<div class=\"wp-block-group wp-container-content-006212af is-vertical is-layout-flex wp-container-core-group-is-layout-e1300cac wp-block-group-is-layout-flex\" data-block-type=\"core\">\n<p class=\"has-base-2-color has-text-color has-link-color has-medium-font-size wp-elements-6bf07bfa00a30f0d5d881e591e580d60\" style=\"margin-top:-6px\" data-block-type=\"core\">Service de reporting agr\u00e9g\u00e9 et d\u00e9taill\u00e9 par portefeuille de tous les actifs, liquides et illiquides, y compris l&rsquo;analyse des performanceset des risques. Toutes les informations pertinentes sont rassembl\u00e9es et pr\u00e9sent\u00e9es dans des vues multi-juridictions, multi-banques, multi-portefeuilles et multi-actifs avec un d\u00e9tail absolu et une consolidation compl\u00e8te.<\/p>\n<\/div>\n<\/div>\n<\/div>\n<\/div>\n<\/div>\n","protected":false},"excerpt":{"rendered":"<p>Nos services Asymmetriqa propose une offre de service personnalis\u00e9e pour diff\u00e9rents clients, couvrant l&rsquo;ensemble des \u00e9tapes du conseil en placement. 01. Diagnostic de la situation patrimoniale initiale. 02. Pr\u00e9paration d&rsquo;un plan strat\u00e9gique d&rsquo;allocation d&rsquo;actifs bas\u00e9 sur les objectifs du client. 03. Proposition d&rsquo;une structure, d&rsquo;une forme juridique et d&rsquo;une juridiction efficaces, en collaboration avec les [&hellip;]<\/p>\n","protected":false},"author":1,"featured_media":0,"parent":0,"menu_order":0,"comment_status":"closed","ping_status":"closed","template":"","meta":{"footnotes":""},"class_list":["post-3361","page","type-page","status-publish","hentry"],"_links":{"self":[{"href":"https:\/\/asymmetriqa.com\/fr\/wp-json\/wp\/v2\/pages\/3361","targetHints":{"allow":["GET"]}}],"collection":[{"href":"https:\/\/asymmetriqa.com\/fr\/wp-json\/wp\/v2\/pages"}],"about":[{"href":"https:\/\/asymmetriqa.com\/fr\/wp-json\/wp\/v2\/types\/page"}],"author":[{"embeddable":true,"href":"https:\/\/asymmetriqa.com\/fr\/wp-json\/wp\/v2\/users\/1"}],"replies":[{"embeddable":true,"href":"https:\/\/asymmetriqa.com\/fr\/wp-json\/wp\/v2\/comments?post=3361"}],"version-history":[{"count":14,"href":"https:\/\/asymmetriqa.com\/fr\/wp-json\/wp\/v2\/pages\/3361\/revisions"}],"predecessor-version":[{"id":5312,"href":"https:\/\/asymmetriqa.com\/fr\/wp-json\/wp\/v2\/pages\/3361\/revisions\/5312"}],"wp:attachment":[{"href":"https:\/\/asymmetriqa.com\/fr\/wp-json\/wp\/v2\/media?parent=3361"}],"curies":[{"name":"wp","href":"https:\/\/api.w.org\/{rel}","templated":true}]}}