{"id":3859,"date":"2025-11-03T09:56:03","date_gmt":"2025-11-03T08:56:03","guid":{"rendered":"https:\/\/asymmetriqa.com\/alternate-allocation-fund\/"},"modified":"2026-03-06T10:10:25","modified_gmt":"2026-03-06T09:10:25","slug":"expanded-allocation-fund","status":"publish","type":"page","link":"https:\/\/asymmetriqa.com\/fr\/expanded-allocation-fund\/","title":{"rendered":"Expanded Allocation Fund"},"content":{"rendered":"\n<div class=\"wp-block-stackable-divider stk-block-divider stk-block stk-767fbc5\" data-block-id=\"767fbc5\"><style>.stk-767fbc5 hr.stk-block-divider__hr{background:#e0dace00 !important;height:100px !important;}@media screen and (max-width: 1023px){.stk-767fbc5 hr.stk-block-divider__hr{height:30px !important;}}@media screen and (max-width: 767px){.stk-767fbc5 hr.stk-block-divider__hr{height:1px !important;}}<\/style><hr class=\"stk-block-divider__hr\"\/><\/div>\n\n\n\n<div class=\"wp-block-group has-global-padding is-layout-constrained wp-container-core-group-is-layout-be05f1b3 wp-block-group-is-layout-constrained\" data-block-type=\"core\">\n<div class=\"wp-block-group is-nowrap is-layout-flex wp-container-core-group-is-layout-a40fa4a2 wp-block-group-is-layout-flex\" style=\"padding-bottom:0px\" data-block-type=\"core\">\n<div class=\"wp-block-group is-layout-flex wp-block-group-is-layout-flex\" data-block-type=\"core\">\n<div class=\"wp-block-columns is-layout-flex wp-container-core-columns-is-layout-28f84493 wp-block-columns-is-layout-flex\" data-block-type=\"core\">\n<div class=\"wp-block-column is-layout-flow wp-block-column-is-layout-flow\" data-block-type=\"core\">\n<p class=\"has-base-2-color has-text-color has-link-color has-medium-font-size wp-elements-0a23b809ce65724ea243667baf1855d0\" data-block-type=\"core\"><br><strong>Asymmetriqa SICAV<\/strong><\/p>\n\n\n\n<h1 class=\"wp-block-heading has-base-2-color has-text-color has-link-color wp-elements-992b3dd59a04ecda07b581c94f6e03ab\" style=\"margin-top:20px;margin-right:0px;margin-bottom:20px;margin-left:0px;padding-top:0px;padding-right:0px;padding-bottom:0px;padding-left:0px\" data-block-type=\"core\">Expanded Allocation Fund<\/h1>\n<\/div>\n<\/div>\n<\/div>\n<\/div>\n<\/div>\n\n\n\n<div class=\"wp-block-group has-global-padding is-layout-constrained wp-container-core-group-is-layout-be05f1b3 wp-block-group-is-layout-constrained\" data-block-type=\"core\">\n<div class=\"wp-block-stackable-divider stk-block-divider stk-block stk-8b223ba\" data-block-id=\"8b223ba\"><style>.stk-8b223ba hr.stk-block-divider__hr{background:#e0dace00 !important;height:30px !important;}<\/style><hr class=\"stk-block-divider__hr\"\/><\/div>\n\n\n\n<div class=\"wp-block-columns is-layout-flex wp-container-core-columns-is-layout-28f84493 wp-block-columns-is-layout-flex\" data-block-type=\"core\">\n<div class=\"wp-block-column is-layout-flow wp-block-column-is-layout-flow\" data-block-type=\"core\">\n<div class=\"wp-block-stackable-image stk-block-image stk--hide-desktop has-text-align-center stk-block stk-be52cf5\" data-block-id=\"be52cf5\"><style>.stk-be52cf5 {z-index:0 !important;}.stk-be52cf5 .stk-img-wrapper{width:100% !important;}<\/style><figure><span class=\"stk-img-wrapper stk-image--shape-stretch\"><img loading=\"lazy\" decoding=\"async\" class=\"stk-img wp-image-3738\" src=\"https:\/\/asymmetriqa.com\/wp-content\/uploads\/2025\/10\/Alternate-Allocation-Fund.jpg\" width=\"1130\" height=\"1250\" srcset=\"https:\/\/asymmetriqa.com\/wp-content\/uploads\/2025\/10\/Alternate-Allocation-Fund.jpg 1130w, https:\/\/asymmetriqa.com\/wp-content\/uploads\/2025\/10\/Alternate-Allocation-Fund-271x300.jpg 271w, https:\/\/asymmetriqa.com\/wp-content\/uploads\/2025\/10\/Alternate-Allocation-Fund-926x1024.jpg 926w, https:\/\/asymmetriqa.com\/wp-content\/uploads\/2025\/10\/Alternate-Allocation-Fund-768x850.jpg 768w\" sizes=\"auto, (max-width: 1130px) 100vw, 1130px\" \/><\/span><\/figure><\/div>\n\n\n\n<div class=\"wp-block-group has-global-padding is-layout-constrained wp-block-group-is-layout-constrained\" data-block-type=\"core\">\n<div class=\"wp-block-group has-accent-2-background-color has-background is-content-justification-left is-nowrap is-layout-flex wp-container-core-group-is-layout-95d43464 wp-block-group-is-layout-flex\" style=\"padding-top:var(--wp--preset--spacing--10);padding-right:var(--wp--preset--spacing--10);padding-bottom:var(--wp--preset--spacing--10);padding-left:var(--wp--preset--spacing--10)\" data-block-type=\"core\">\n<div class=\"wp-block-columns wp-container-content-9cfa9a5a is-layout-flex wp-container-core-columns-is-layout-f479267f wp-block-columns-is-layout-flex\" style=\"margin-top:0;margin-bottom:0\" data-block-type=\"core\">\n<div class=\"wp-block-column is-layout-flow wp-container-core-column-is-layout-8a368f38 wp-block-column-is-layout-flow\" style=\"flex-basis:200px\" data-block-type=\"core\">\n<p class=\"has-accent-color has-text-color has-link-color has-small-font-size wp-elements-d8b84c3bb1797afe1382c41e8a5fbf40\" style=\"padding-bottom:var(--wp--preset--spacing--10);text-decoration:none\" data-block-type=\"core\">Indicateur de risque<\/p>\n<\/div>\n\n\n\n<div class=\"wp-block-column is-layout-flow wp-container-core-column-is-layout-8a368f38 wp-block-column-is-layout-flow\" style=\"flex-basis:100%\" data-block-type=\"core\">\n<div class=\"wp-block-group is-content-justification-space-between is-layout-flex wp-container-core-group-is-layout-dafebfb0 wp-block-group-is-layout-flex\" style=\"padding-right:5%;padding-left:5%\" data-block-type=\"core\">\n<div class=\"wp-block-group has-global-padding is-layout-constrained wp-container-core-group-is-layout-4f9f0532 wp-block-group-is-layout-constrained\" data-block-type=\"core\">\n<div class=\"wp-block-stackable-text stk-block-text stk-block stk-6a2b4f1\" data-block-id=\"6a2b4f1\"><style>.stk-6a2b4f1 {z-index:0 !important;}.stk-6a2b4f1 .stk-block-text__text{font-size:var(--stk--preset--font-size--large, 1.85rem) !important;}@media screen and (max-width: 1023px){.stk-6a2b4f1 .stk-block-text__text{font-size:var(--stk--preset--font-size--large, 1.85rem) !important;}}@media screen and (max-width: 767px){.stk-6a2b4f1 .stk-block-text__text{font-size:var(--stk--preset--font-size--medium, 1.05rem) !important;}}<\/style><p class=\"stk-block-text__text\">1<\/p><\/div>\n<\/div>\n\n\n\n<div class=\"wp-block-group has-global-padding is-layout-constrained wp-container-core-group-is-layout-4f9f0532 wp-block-group-is-layout-constrained\" data-block-type=\"core\">\n<div class=\"wp-block-stackable-text stk-block-text stk-block stk-50e1e4a\" data-block-id=\"50e1e4a\"><style>.stk-50e1e4a {z-index:0 !important;}.stk-50e1e4a .stk-block-text__text{font-size:var(--stk--preset--font-size--large, 1.85rem) !important;}@media screen and (max-width: 1023px){.stk-50e1e4a .stk-block-text__text{font-size:var(--stk--preset--font-size--large, 1.85rem) !important;}}@media screen and (max-width: 767px){.stk-50e1e4a .stk-block-text__text{font-size:var(--stk--preset--font-size--medium, 1.05rem) !important;}}<\/style><p class=\"stk-block-text__text\">2<\/p><\/div>\n<\/div>\n\n\n\n<div class=\"wp-block-group Riesgo has-global-padding is-layout-constrained wp-container-core-group-is-layout-aae6d567 wp-block-group-is-layout-constrained\" style=\"min-height:45px\" data-block-type=\"core\">\n<div class=\"wp-block-stackable-text stk-block-text stk-block stk-553c962\" data-block-id=\"553c962\"><style>.stk-553c962 {z-index:0 !important;}.stk-553c962 .stk-block-text__text{font-size:var(--stk--preset--font-size--large, 1.85rem) !important;}@media screen and (max-width: 1023px){.stk-553c962 .stk-block-text__text{font-size:var(--stk--preset--font-size--large, 1.85rem) !important;}}@media screen and (max-width: 767px){.stk-553c962 .stk-block-text__text{font-size:var(--stk--preset--font-size--medium, 1.05rem) !important;}}<\/style><p class=\"stk-block-text__text\">3<\/p><\/div>\n<\/div>\n\n\n\n<div class=\"wp-block-group has-global-padding is-layout-constrained wp-container-core-group-is-layout-4f9f0532 wp-block-group-is-layout-constrained\" data-block-type=\"core\">\n<div class=\"wp-block-stackable-text stk-block-text stk-block stk-3cc36f1\" data-block-id=\"3cc36f1\"><style>.stk-3cc36f1 {z-index:0 !important;}.stk-3cc36f1 .stk-block-text__text{font-size:var(--stk--preset--font-size--large, 1.85rem) !important;}@media screen and (max-width: 1023px){.stk-3cc36f1 .stk-block-text__text{font-size:var(--stk--preset--font-size--large, 1.85rem) !important;}}@media screen and (max-width: 767px){.stk-3cc36f1 .stk-block-text__text{font-size:var(--stk--preset--font-size--medium, 1.05rem) !important;}}<\/style><p class=\"stk-block-text__text\">4<\/p><\/div>\n<\/div>\n\n\n\n<div class=\"wp-block-group has-global-padding is-layout-constrained wp-container-core-group-is-layout-4f9f0532 wp-block-group-is-layout-constrained\" data-block-type=\"core\">\n<div class=\"wp-block-stackable-text stk-block-text stk-block stk-75432c8\" data-block-id=\"75432c8\"><style>.stk-75432c8 {z-index:0 !important;}.stk-75432c8 .stk-block-text__text{font-size:var(--stk--preset--font-size--large, 1.85rem) !important;}@media screen and (max-width: 1023px){.stk-75432c8 .stk-block-text__text{font-size:var(--stk--preset--font-size--large, 1.85rem) !important;}}@media screen and (max-width: 767px){.stk-75432c8 .stk-block-text__text{font-size:var(--stk--preset--font-size--medium, 1.05rem) !important;}}<\/style><p class=\"stk-block-text__text\">5<\/p><\/div>\n<\/div>\n\n\n\n<div class=\"wp-block-group has-global-padding is-layout-constrained wp-container-core-group-is-layout-4f9f0532 wp-block-group-is-layout-constrained\" data-block-type=\"core\">\n<div class=\"wp-block-stackable-text stk-block-text stk-block stk-b4e31be\" data-block-id=\"b4e31be\"><style>.stk-b4e31be {z-index:0 !important;}.stk-b4e31be .stk-block-text__text{font-size:var(--stk--preset--font-size--large, 1.85rem) !important;}@media screen and (max-width: 1023px){.stk-b4e31be .stk-block-text__text{font-size:var(--stk--preset--font-size--large, 1.85rem) !important;}}@media screen and (max-width: 767px){.stk-b4e31be .stk-block-text__text{font-size:var(--stk--preset--font-size--medium, 1.05rem) !important;}}<\/style><p class=\"stk-block-text__text\">6<\/p><\/div>\n<\/div>\n\n\n\n<div class=\"wp-block-group has-global-padding is-layout-constrained wp-container-core-group-is-layout-4f9f0532 wp-block-group-is-layout-constrained\" data-block-type=\"core\">\n<div class=\"wp-block-stackable-text stk-block-text stk-block stk-5595053\" data-block-id=\"5595053\"><style>.stk-5595053 {z-index:0 !important;}.stk-5595053 .stk-block-text__text{font-size:var(--stk--preset--font-size--large, 1.85rem) !important;}@media screen and (max-width: 1023px){.stk-5595053 .stk-block-text__text{font-size:var(--stk--preset--font-size--large, 1.85rem) !important;}}@media screen and (max-width: 767px){.stk-5595053 .stk-block-text__text{font-size:var(--stk--preset--font-size--medium, 1.05rem) !important;}}<\/style><p class=\"stk-block-text__text\">7<\/p><\/div>\n<\/div>\n<\/div>\n<\/div>\n<\/div>\n<\/div>\n\n\n\n<div class=\"wp-block-group is-content-justification-left is-nowrap is-layout-flex wp-container-core-group-is-layout-7ccaaeed wp-block-group-is-layout-flex\" style=\"padding-top:0;padding-right:0;padding-bottom:0;padding-left:0\" data-block-type=\"core\">\n<div class=\"wp-block-columns wp-container-content-9cfa9a5a is-layout-flex wp-container-core-columns-is-layout-589445f9 wp-block-columns-is-layout-flex\" style=\"margin-top:0;margin-bottom:0\" data-block-type=\"core\">\n<div class=\"wp-block-column has-custom-color-1-background-color has-background is-layout-flow wp-container-core-column-is-layout-cb83a8db wp-block-column-is-layout-flow\" style=\"padding-top:8px;padding-right:10px;padding-bottom:8px;padding-left:10px;flex-basis:40%\" data-block-type=\"core\">\n<p class=\"has-accent-color has-text-color has-link-color has-small-font-size wp-elements-203ac6acde07c8323d1fb6ce4b0d02bc\" data-block-type=\"core\">Rating d\u2019apr\u00e8s Morningstar<\/p>\n\n\n\n<p style=\"font-size:clamp(0.875rem, 0.875rem + ((1vw - 0.2rem) * 0.469), 1.25rem);\" data-block-type=\"core\">Fonds de nouvelle cr\u00e9ation<\/p>\n<\/div>\n\n\n\n<div class=\"wp-block-column has-custom-color-1-background-color has-background is-layout-flow wp-container-core-column-is-layout-cb83a8db wp-block-column-is-layout-flow\" style=\"padding-top:8px;padding-right:10px;padding-bottom:8px;padding-left:10px;flex-basis:60%\" data-block-type=\"core\">\n<p class=\"has-accent-color has-text-color has-link-color has-small-font-size wp-elements-4dab090c948cd9f66909c36caecae487\" data-block-type=\"core\">Cat\u00e9gorie d\u2019apr\u00e8s Morningstar<\/p>\n\n\n\n<p style=\"font-size:clamp(0.875rem, 0.875rem + ((1vw - 0.2rem) * 0.469), 1.25rem);\" data-block-type=\"core\">Fonds de nouvelle cr\u00e9ation<\/p>\n<\/div>\n<\/div>\n<\/div>\n\n\n\n<div class=\"wp-block-group is-content-justification-left is-nowrap is-layout-flex wp-container-core-group-is-layout-ab609ff2 wp-block-group-is-layout-flex\" style=\"padding-top:0;padding-right:0;padding-bottom:0;padding-left:0\" data-block-type=\"core\">\n<div class=\"wp-block-columns wp-container-content-9cfa9a5a is-layout-flex wp-container-core-columns-is-layout-589445f9 wp-block-columns-is-layout-flex\" style=\"margin-top:0;margin-bottom:0\" data-block-type=\"core\">\n<div class=\"wp-block-column has-custom-color-1-background-color has-background is-layout-flow wp-container-core-column-is-layout-cb83a8db wp-block-column-is-layout-flow\" style=\"padding-top:8px;padding-right:10px;padding-bottom:8px;padding-left:10px;flex-basis:20%\" data-block-type=\"core\">\n<p class=\"has-accent-color has-text-color has-link-color has-small-font-size wp-elements-7575811de6b09fb296feabd4c783dc05\" data-block-type=\"core\">Insigne<\/p>\n\n\n\n<p style=\"font-size:clamp(0.875rem, 0.875rem + ((1vw - 0.2rem) * 0.469), 1.25rem);\" data-block-type=\"core\">EUR (\u20ac)<\/p>\n<\/div>\n\n\n\n<div class=\"wp-block-column has-custom-color-1-background-color has-background is-layout-flow wp-container-core-column-is-layout-cb83a8db wp-block-column-is-layout-flow\" style=\"padding-top:8px;padding-right:10px;padding-bottom:8px;padding-left:10px;flex-basis:45%\" data-block-type=\"core\">\n<p class=\"has-accent-color has-text-color has-link-color has-small-font-size wp-elements-cf9028e5c2192b58631077210c539540\" data-block-type=\"core\">ISIN &#8211; Classe A<\/p>\n\n\n\n<p style=\"font-size:clamp(0.875rem, 0.875rem + ((1vw - 0.2rem) * 0.469), 1.25rem);\" data-block-type=\"core\">LU3209575599<\/p>\n<\/div>\n\n\n\n<div class=\"wp-block-column has-custom-color-1-background-color has-background is-layout-flow wp-container-core-column-is-layout-cb83a8db wp-block-column-is-layout-flow\" style=\"padding-top:8px;padding-right:10px;padding-bottom:8px;padding-left:10px;flex-basis:45%\" data-block-type=\"core\">\n<p class=\"has-accent-color has-text-color has-link-color has-small-font-size wp-elements-00a55be65590bab36cb6cd70c9cbbcda\" data-block-type=\"core\">ISIN &#8211; Classe B<\/p>\n\n\n\n<p style=\"font-size:clamp(0.875rem, 0.875rem + ((1vw - 0.2rem) * 0.469), 1.25rem);\" data-block-type=\"core\">LU3209575672<\/p>\n<\/div>\n<\/div>\n<\/div>\n<\/div>\n\n\n\n<div class=\"wp-block-group has-global-padding is-layout-constrained wp-block-group-is-layout-constrained\" data-block-type=\"core\">\n<div class=\"wp-block-stackable-divider stk-block-divider stk-block stk-a4811ac\" data-block-id=\"a4811ac\"><style>.stk-a4811ac hr.stk-block-divider__hr{background:#00000000 !important;}.stk-a4811ac {margin-bottom:nullpx !important;z-index:0 !important;}<\/style><hr class=\"stk-block-divider__hr\"\/><\/div>\n\n\n\n<p class=\"has-base-2-color has-text-color has-link-color wp-elements-a0c64be55fd9589e69b9c22d918465c8\" style=\"font-size:clamp(0.957rem, 0.957rem + ((1vw - 0.2rem) * 0.616), 1.45rem);\" data-block-type=\"core\"><strong>Profil d\u2019investisseur type<\/strong><\/p>\n\n\n\n<p class=\"has-base-2-color has-text-color has-link-color wp-elements-2a1d441b2202ae46bbfd6ba006a64c29\" style=\"font-size:clamp(0.875rem, 0.875rem + ((1vw - 0.2rem) * 0.469), 1.25rem);\" data-block-type=\"core\">Le Fonds s&rsquo;adresse aux investisseurs ayant une tol\u00e9rance au risque haute et qui sont pr\u00eats \u00e0 conserver leur placement pendant une p\u00e9riode de plus de 5 ans dans le but de r\u00e9aliser une croissance du capital.<\/p>\n<\/div>\n\n\n\n<div class=\"wp-block-group has-global-padding is-layout-constrained wp-block-group-is-layout-constrained\" data-block-type=\"core\">\n<div class=\"wp-block-stackable-divider stk-block-divider stk-block stk-6d6752c\" data-block-id=\"6d6752c\"><style>.stk-6d6752c {z-index:0 !important;}<\/style><hr class=\"stk-block-divider__hr\"\/><\/div>\n\n\n\n<p class=\"has-base-2-color has-text-color has-link-color wp-elements-be697143d85b7a9b51cc729cdd627b62\" style=\"font-size:clamp(0.957rem, 0.957rem + ((1vw - 0.2rem) * 0.616), 1.45rem);\" data-block-type=\"core\"><strong>Objectif de gestion<\/strong><\/p>\n\n\n\n<p class=\"has-base-2-color has-text-color has-link-color wp-elements-38cf2eabd0e8a38ef02a837cce6cb076\" style=\"font-size:clamp(0.875rem, 0.875rem + ((1vw - 0.2rem) * 0.469), 1.25rem);\" data-block-type=\"core\">L&rsquo;allocation d&rsquo;actifs proactive pilote r\u00e9solument la construction du portefeuille. Cette allocation d&rsquo;actifs est guid\u00e9e par une logique propri\u00e9taire d\u2019Asymmetriqa qui vise \u00e0 maximiser l&rsquo;asym\u00e9trie positive des performances du Fonds. Ce processus d&rsquo;allocation d&rsquo;actifs \u00e9largi, principalement par le biais d&rsquo;une exposition faiblement contrainte aux actions et autres titres de participation ainsi qu&rsquo;\u00e0 d&rsquo;autres classes d&rsquo;actifs, cherchera \u00e0 maximiser les performances du portefeuille gr\u00e2ce \u00e0 une approche \u00e0 la prise de risques tr\u00e8s opportuniste, de sorte qu&rsquo;aucun objectif pour le niveau de risque agr\u00e9g\u00e9 sur la p\u00e9riode de d\u00e9tention recommand\u00e9e ne sera poursuivi. Le Fonds est g\u00e9r\u00e9 activement et ne suit pas un indicateur de r\u00e9f\u00e9rence.<\/p>\n\n\n<\/div>\n\n\n\n<div class=\"wp-block-group has-global-padding is-layout-constrained wp-block-group-is-layout-constrained\" data-block-type=\"core\">\n<div class=\"wp-block-stackable-divider stk-block-divider stk-block stk-6a5e236\" data-block-id=\"6a5e236\"><style>.stk-6a5e236 {z-index:0 !important;}<\/style><hr class=\"stk-block-divider__hr\"\/><\/div>\n\n\n\n<p class=\"has-base-2-color has-text-color has-link-color wp-elements-889271428f204e36ffde83ed494ffd06\" style=\"font-size:clamp(0.957rem, 0.957rem + ((1vw - 0.2rem) * 0.616), 1.45rem);\" data-block-type=\"core\"><strong><strong>Indicateur de risque<\/strong><\/strong><\/p>\n\n\n\n<p class=\"has-base-2-color has-text-color has-link-color wp-elements-51d2831ea0201663899ae8b0e41b122b\" style=\"font-size:clamp(0.875rem, 0.875rem + ((1vw - 0.2rem) * 0.469), 1.25rem);\" data-block-type=\"core\">L&rsquo;indicateur de risque repr\u00e9sente le profil de risque et de performance du Fonds. Un niveau de risque plus bas n&rsquo;implique pas l&rsquo;absence de risque. L&rsquo;indicateur de risque n&rsquo;est pas garanti et peut changer au fil du temps. L&rsquo;indicateur de risque suppose que vous conservez ce produit pendant au moins 5 ans. Vendre avant la fin de cette dur\u00e9e minimum de la p\u00e9riode de d\u00e9tention recommand\u00e9e augmente consid\u00e9rablement le risque de performances inf\u00e9rieures ou d&rsquo;une perte. <br><br>Des risques importants et mat\u00e9riellement pertinents pour le Fonds ne sont pas correctement captur\u00e9s par l&rsquo;indicateur de risque. Le risque de cr\u00e9dit repr\u00e9sente les risques associ\u00e9s \u00e0 une d\u00e9gradation soudaine de la qualit\u00e9 de cr\u00e9dit d&rsquo;un \u00e9metteur ou \u00e0 son d\u00e9faut.<\/p>\n<\/div>\n<\/div>\n\n\n\n<div class=\"wp-block-column is-layout-flow wp-block-column-is-layout-flow\" data-block-type=\"core\">\n<div class=\"wp-block-group is-vertical is-layout-flex wp-container-core-group-is-layout-fe9cc265 wp-block-group-is-layout-flex\" data-block-type=\"core\">\n<div class=\"wp-block-group has-global-padding is-layout-constrained wp-block-group-is-layout-constrained\" data-block-type=\"core\">\n<div class=\"wp-block-stackable-image stk-block-image stk--hide-tablet stk--hide-mobile has-text-align-left stk-block stk-595bdca\" data-block-id=\"595bdca\"><style>.stk-595bdca {z-index:0 !important;}.stk-595bdca .stk-img-wrapper{width:85% !important;}@media screen and (max-width: 1023px){.stk-595bdca .stk-img-wrapper{width:100% !important;}}@media screen and (max-width: 767px){.stk-595bdca .stk-img-wrapper{width:100% !important;}}<\/style><figure><span class=\"stk-img-wrapper stk-image--shape-stretch\"><img loading=\"lazy\" decoding=\"async\" class=\"stk-img wp-image-3738\" src=\"https:\/\/asymmetriqa.com\/wp-content\/uploads\/2025\/10\/Alternate-Allocation-Fund.jpg\" width=\"1130\" height=\"1250\" srcset=\"https:\/\/asymmetriqa.com\/wp-content\/uploads\/2025\/10\/Alternate-Allocation-Fund.jpg 1130w, https:\/\/asymmetriqa.com\/wp-content\/uploads\/2025\/10\/Alternate-Allocation-Fund-271x300.jpg 271w, https:\/\/asymmetriqa.com\/wp-content\/uploads\/2025\/10\/Alternate-Allocation-Fund-926x1024.jpg 926w, https:\/\/asymmetriqa.com\/wp-content\/uploads\/2025\/10\/Alternate-Allocation-Fund-768x850.jpg 768w\" sizes=\"auto, (max-width: 1130px) 100vw, 1130px\" \/><\/span><\/figure><\/div>\n\n\n\n<div class=\"wp-block-group has-global-padding is-layout-constrained wp-block-group-is-layout-constrained\" data-block-type=\"core\">\n<div class=\"wp-block-stackable-divider stk-block-divider stk-block stk-b4005df\" data-block-id=\"b4005df\"><style>.stk-b4005df hr.stk-block-divider__hr{background:#00000000 !important;}.stk-b4005df {margin-bottom:nullpx !important;z-index:0 !important;}<\/style><hr class=\"stk-block-divider__hr\"\/><\/div>\n<\/div>\n\n\n\n<p class=\"has-base-2-color has-text-color has-link-color wp-elements-ad7f12c5cf24d24b3cedbb11e83f31dd\" style=\"font-size:clamp(0.875rem, 0.875rem + ((1vw - 0.2rem) * 0.469), 1.25rem);\" data-block-type=\"core\">Le risque de liquidit\u00e9 appara\u00eet en cas de faible volume de transactions sur les march\u00e9s financiers, toute op\u00e9ration d&rsquo;achat ou de vente sur les march\u00e9s peut entra\u00eener d&rsquo;importantes variations ou fluctuations du march\u00e9 qui peuvent affecter l&rsquo;\u00e9valuation de votre Fonds. Le risque des march\u00e9s \u00e9mergents, certains des pays dans lesquels on investit peuvent comporter des risques politiques, juridiques, \u00e9conomiques et de liquidit\u00e9 plus \u00e9lev\u00e9s que les investissements dans des pays plus d\u00e9velopp\u00e9s.<\/p>\n\n\n\n<p class=\"has-base-2-color has-text-color has-link-color wp-elements-14244130b2e8f5a3c65d68e4478adfa2\" style=\"font-size:clamp(0.875rem, 0.875rem + ((1vw - 0.2rem) * 0.469), 1.25rem);\" data-block-type=\"core\">Tous les investissements comportent des risques. Chacun de ces risques pourrait amener le Fonds \u00e0 perdre de l&rsquo;argent, \u00e0 obtenir des performances inf\u00e9rieures \u00e0 celles d&rsquo;investissements similaires, \u00e0 conna\u00eetre une forte volatilit\u00e9 (hausses et baisses), ou \u00e0 ne pas atteindre son objectif sur une p\u00e9riode donn\u00e9e. Veuillez vous r\u00e9f\u00e9rer aux descriptions des risques dans le prospectus pour plus d&rsquo;informations sur les risques du Fonds.  <\/p>\n<\/div>\n\n\n\n<p class=\"has-base-2-color has-text-color has-link-color wp-elements-1d96429bed974a89cc36520351f2218f\" style=\"font-size:clamp(0.875rem, 0.875rem + ((1vw - 0.2rem) * 0.469), 1.25rem);\" data-block-type=\"core\"><a href=\"https:\/\/www.fundsquare.net\" data-type=\"link\" data-id=\"https:\/\/www.fundsquare.net\/security\/summary?idInstr=11758\" target=\"_blank\" rel=\"noreferrer noopener\">TOUS LES DOCUMENTS D&rsquo;INFORMATION SUR LES FONDS SONT DISPONIBLES SUR FUNDSQUARE.NET<\/a><\/p>\n\n\n\n<div class=\"wp-block-stackable-divider stk-block-divider stk-block stk-d6ff360\" data-block-id=\"d6ff360\"><style>.stk-d6ff360 {z-index:0 !important;}<\/style><hr class=\"stk-block-divider__hr\"\/><\/div>\n<\/div>\n<\/div>\n<\/div>\n\n\n\n<div class=\"wp-block-group has-global-padding is-layout-constrained wp-block-group-is-layout-constrained\" data-block-type=\"core\">\n<div class=\"wp-block-columns is-layout-flex wp-container-core-columns-is-layout-28f84493 wp-block-columns-is-layout-flex\" data-block-type=\"core\">\n<div class=\"wp-block-column is-layout-flow wp-block-column-is-layout-flow\" data-block-type=\"core\">\n<div class=\"wp-block-group has-global-padding is-layout-constrained wp-block-group-is-layout-constrained\" data-block-type=\"core\">\n<p class=\"has-base-2-color has-text-color has-link-color has-small-font-size wp-elements-0b4e47a363a2da78bab21ac9ea82d2e0\" data-block-type=\"core\"><strong>Avertissement important:<\/strong> Ces informations ne constituent pas une offre ni une recommandation pour l&rsquo;achat ou la vente, ou pour ex\u00e9cuter toute autre transaction. Aucune des informations contenues ici ne doit \u00eatre interpr\u00e9t\u00e9e comme un conseil ou une recommandation. Les d\u00e9cisions d&rsquo;investir ou de d\u00e9sinvestir dans le Fonds doivent \u00eatre prises par l&rsquo;investisseur conform\u00e9ment aux documents pr\u00e9vus dans la r\u00e9glementation applicable. Les investissements sont soumis aux fluctuations du march\u00e9 et aux risques inh\u00e9rents aux investissements en valeurs mobili\u00e8res et autres instruments financiers ; par cons\u00e9quent, la valeur nette des actions du Fonds et la performance r\u00e9alis\u00e9e peuvent varier, soit en augmentant, soit en diminuant, et il est possible qu&rsquo;un investisseur ne r\u00e9cup\u00e8re pas le montant initialement investi.<\/p>\n<\/div>\n<\/div>\n<\/div>\n<\/div>\n\n\n\n<div class=\"wp-block-stackable-divider stk-block-divider stk-block stk-f1c784c\" data-block-id=\"f1c784c\"><style>.stk-f1c784c hr.stk-block-divider__hr{background:#e0d9ce !important;height:100px !important;}.stk-f1c784c {z-index:0 !important;}<\/style><hr class=\"stk-block-divider__hr\"\/><\/div>\n<\/div>\n","protected":false},"excerpt":{"rendered":"<p>Asymmetriqa SICAV Expanded Allocation Fund Indicateur de risque 1 2 3 4 5 6 7 Rating d\u2019apr\u00e8s Morningstar Fonds de nouvelle cr\u00e9ation Cat\u00e9gorie d\u2019apr\u00e8s Morningstar Fonds de nouvelle cr\u00e9ation Insigne EUR (\u20ac) ISIN &#8211; Classe A LU3209575599 ISIN &#8211; Classe B LU3209575672 Profil d\u2019investisseur type Le Fonds s&rsquo;adresse aux investisseurs ayant une tol\u00e9rance au risque [&hellip;]<\/p>\n","protected":false},"author":1,"featured_media":0,"parent":0,"menu_order":0,"comment_status":"closed","ping_status":"closed","template":"","meta":{"footnotes":""},"class_list":["post-3859","page","type-page","status-publish","hentry"],"_links":{"self":[{"href":"https:\/\/asymmetriqa.com\/fr\/wp-json\/wp\/v2\/pages\/3859","targetHints":{"allow":["GET"]}}],"collection":[{"href":"https:\/\/asymmetriqa.com\/fr\/wp-json\/wp\/v2\/pages"}],"about":[{"href":"https:\/\/asymmetriqa.com\/fr\/wp-json\/wp\/v2\/types\/page"}],"author":[{"embeddable":true,"href":"https:\/\/asymmetriqa.com\/fr\/wp-json\/wp\/v2\/users\/1"}],"replies":[{"embeddable":true,"href":"https:\/\/asymmetriqa.com\/fr\/wp-json\/wp\/v2\/comments?post=3859"}],"version-history":[{"count":24,"href":"https:\/\/asymmetriqa.com\/fr\/wp-json\/wp\/v2\/pages\/3859\/revisions"}],"predecessor-version":[{"id":5644,"href":"https:\/\/asymmetriqa.com\/fr\/wp-json\/wp\/v2\/pages\/3859\/revisions\/5644"}],"wp:attachment":[{"href":"https:\/\/asymmetriqa.com\/fr\/wp-json\/wp\/v2\/media?parent=3859"}],"curies":[{"name":"wp","href":"https:\/\/api.w.org\/{rel}","templated":true}]}}