{"id":3872,"date":"2025-10-31T11:49:23","date_gmt":"2025-10-31T10:49:23","guid":{"rendered":"https:\/\/asymmetriqa.com\/une-solution-cle-en-main\/"},"modified":"2026-02-02T14:02:55","modified_gmt":"2026-02-02T13:02:55","slug":"une-solution-cle-en-main","status":"publish","type":"page","link":"https:\/\/asymmetriqa.com\/fr\/une-solution-cle-en-main\/","title":{"rendered":"Une solution cl\u00e9 en main"},"content":{"rendered":"\n<div class=\"wp-block-group has-base-2-background-color has-background has-global-padding is-layout-constrained wp-container-core-group-is-layout-ef0b3a73 wp-block-group-is-layout-constrained\" style=\"margin-top:-25px;margin-bottom:var(--wp--preset--spacing--20);padding-top:60px;padding-right:0vh;padding-bottom:60px;padding-left:0vh\" data-block-type=\"core\">\n<div class=\"wp-block-group is-layout-flex wp-block-group-is-layout-flex\" data-block-type=\"core\">\n<div class=\"wp-block-columns is-layout-flex wp-container-core-columns-is-layout-28f84493 wp-block-columns-is-layout-flex\" data-block-type=\"core\">\n<div class=\"wp-block-column is-layout-flow wp-block-column-is-layout-flow\" data-block-type=\"core\">\n<h1 class=\"wp-block-heading has-base-color has-base-2-background-color has-text-color has-background has-link-color wp-elements-3278a7a62df639c96444a786c2dcb33d\" style=\"margin-top:20px;margin-right:0px;margin-bottom:20px;margin-left:0px;padding-top:0px;padding-right:0px;padding-bottom:0px;padding-left:0px\" data-block-type=\"core\">Une solution cl\u00e9 en main<\/h1>\n<\/div>\n<\/div>\n<\/div>\n\n\n\n<div class=\"wp-block-group is-horizontal is-content-justification-left is-nowrap is-layout-flex wp-container-core-group-is-layout-34b1da41 wp-block-group-is-layout-flex\" style=\"padding-right:0;padding-left:0\" data-block-type=\"core\">\n<div class=\"wp-block-columns are-vertically-aligned-top wp-container-content-9cfa9a5a is-layout-flex wp-container-core-columns-is-layout-aae02c2e wp-block-columns-is-layout-flex\" style=\"border-style:none;border-width:0px;border-radius:0px;margin-top:var(--wp--preset--spacing--10);margin-bottom:var(--wp--preset--spacing--10)\" data-block-type=\"core\">\n<div class=\"wp-block-column is-vertically-aligned-top is-layout-flow wp-block-column-is-layout-flow\" style=\"flex-basis:100%\" data-block-type=\"core\">\n<p class=\"has-base-color has-text-color has-link-color wp-elements-8d6e691f09408ce64b451bf71acc8804\" style=\"margin-right:0px;margin-left:0px;font-size:clamp(0.875rem, 0.875rem + ((1vw - 0.2rem) * 0.469), 1.25rem);\" data-block-type=\"core\">Souscrire \u00e0 nos Fonds permet aux investisseurs d&rsquo;acc\u00e9der \u00e0 un portefeuille d&rsquo;investissement \u00e9quilibr\u00e9 et diversifi\u00e9, adapt\u00e9 \u00e0 leurs objectifs et \u00e0 leur profil de risque, pour un montant sur mesure.<\/p>\n<\/div>\n<\/div>\n<\/div>\n<\/div>\n\n\n\n<div class=\"wp-block-stackable-divider stk-block-divider stk-block stk-19facb9\" data-block-id=\"19facb9\"><style>.stk-19facb9 hr.stk-block-divider__hr{background:#e0dace00 !important;height:30px !important;}@media screen and (max-width: 1023px){.stk-19facb9 hr.stk-block-divider__hr{height:20px !important;}}@media screen and (max-width: 767px){.stk-19facb9 hr.stk-block-divider__hr{height:10px !important;}}<\/style><hr class=\"stk-block-divider__hr\"\/><\/div>\n\n\n\n<div class=\"wp-block-group has-global-padding is-layout-constrained wp-container-core-group-is-layout-08eaa1db wp-block-group-is-layout-constrained\" style=\"padding-top:0;padding-right:var(--wp--preset--spacing--10);padding-bottom:0;padding-left:var(--wp--preset--spacing--10)\" data-block-type=\"core\">\n<div class=\"wp-block-group has-custom-color-1-background-color has-background is-nowrap is-layout-flex wp-container-core-group-is-layout-de5fc3a3 wp-block-group-is-layout-flex\" style=\"border-top-left-radius:100px;min-height:244px;padding-top:var(--wp--preset--spacing--30);padding-right:var(--wp--preset--spacing--30);padding-bottom:var(--wp--preset--spacing--30);padding-left:var(--wp--preset--spacing--30)\" data-block-type=\"core\">\n<div class=\"wp-block-columns is-layout-flex wp-container-core-columns-is-layout-4677c676 wp-block-columns-is-layout-flex\" style=\"margin-top:0;margin-bottom:0;padding-top:var(--wp--preset--spacing--10);padding-right:var(--wp--preset--spacing--10);padding-bottom:var(--wp--preset--spacing--10);padding-left:var(--wp--preset--spacing--10)\" data-block-type=\"core\">\n<div class=\"wp-block-column is-vertically-aligned-top is-layout-flow wp-block-column-is-layout-flow\" style=\"padding-top:0;padding-right:0;padding-bottom:0;padding-left:0;flex-basis:40%\" data-block-type=\"core\">\n<div class=\"wp-block-stackable-divider stk-block-divider stk-block stk-5d94427\" data-block-id=\"5d94427\"><style>.stk-5d94427 hr.stk-block-divider__hr{background:#00000000 !important;height:1px !important;}@media screen and (max-width: 767px){.stk-5d94427 hr.stk-block-divider__hr{height:25px !important;}}<\/style><hr class=\"stk-block-divider__hr\"\/><\/div>\n\n\n\n<div class=\"wp-block-stackable-heading stk-block-heading stk-block-heading--v2 stk-block stk-3f9069e\" id=\"conjunto-ampliado-de-br-oportunidades-de-inversion\" data-block-id=\"3f9069e\"><style>.stk-3f9069e {z-index:0 !important;}.stk-3f9069e .stk-block-heading__text{font-size:30px !important;color:#1f3838 !important;}@media screen and (max-width: 1023px){.stk-3f9069e .stk-block-heading__text{font-size:30px !important;}}<\/style><h2 class=\"stk-block-heading__text has-text-color\">Un ensemble  <br>d\u00b4opportunit\u00e9s \u00e9largi<\/h2><\/div>\n<\/div>\n\n\n\n<div class=\"wp-block-column is-layout-flow wp-block-column-is-layout-flow\" style=\"flex-basis:10%\" data-block-type=\"core\"><\/div>\n\n\n\n<div class=\"wp-block-column is-layout-flow wp-block-column-is-layout-flow\" style=\"flex-basis:100%\" data-block-type=\"core\">\n<p class=\"has-base-2-color has-text-color has-link-color wp-elements-b692a44c5fff83108d1a9a11bf9e0766\" style=\"font-size:clamp(0.875rem, 0.875rem + ((1vw - 0.2rem) * 0.469), 1.25rem);\" data-block-type=\"core\">L\u2019objectif est de saisir les opportunit\u00e9s disponibles dans un univers d\u2019investissement enrichi, qui s\u2019\u00e9tend au-del\u00e0 des classes d\u2019actifs traditionnelles. La port\u00e9e de nos Fonds leur permet de mobiliser plusieurs moteurs de performance, notamment les obligations, les actions, les devises, les biens immobiliers et les mati\u00e8res premi\u00e8res. <\/p>\n<\/div>\n<\/div>\n<\/div>\n<\/div>\n\n\n\n<div class=\"wp-block-group has-global-padding is-layout-constrained wp-container-core-group-is-layout-08eaa1db wp-block-group-is-layout-constrained\" style=\"padding-top:0;padding-right:var(--wp--preset--spacing--10);padding-bottom:0;padding-left:var(--wp--preset--spacing--10)\" data-block-type=\"core\">\n<div class=\"wp-block-group has-custom-color-1-background-color has-background is-nowrap is-layout-flex wp-container-core-group-is-layout-de5fc3a3 wp-block-group-is-layout-flex\" style=\"border-top-left-radius:100px;min-height:244px;padding-top:var(--wp--preset--spacing--30);padding-right:var(--wp--preset--spacing--30);padding-bottom:var(--wp--preset--spacing--30);padding-left:var(--wp--preset--spacing--30)\" data-block-type=\"core\">\n<div class=\"wp-block-columns are-vertically-aligned-top is-layout-flex wp-container-core-columns-is-layout-4677c676 wp-block-columns-is-layout-flex\" style=\"margin-top:0;margin-bottom:0;padding-top:var(--wp--preset--spacing--10);padding-right:var(--wp--preset--spacing--10);padding-bottom:var(--wp--preset--spacing--10);padding-left:var(--wp--preset--spacing--10)\" data-block-type=\"core\">\n<div class=\"wp-block-column is-vertically-aligned-top is-layout-flow wp-block-column-is-layout-flow\" style=\"padding-top:0;padding-right:0;padding-bottom:0;padding-left:0;flex-basis:40%\" data-block-type=\"core\">\n<div class=\"wp-block-stackable-divider stk-block-divider stk-block stk-8b9004e\" data-block-id=\"8b9004e\"><style>.stk-8b9004e hr.stk-block-divider__hr{background:#00000000 !important;height:1px !important;}@media screen and (max-width: 767px){.stk-8b9004e hr.stk-block-divider__hr{height:25px !important;}}<\/style><hr class=\"stk-block-divider__hr\"\/><\/div>\n\n\n\n<div class=\"wp-block-stackable-heading stk-block-heading stk-block-heading--v2 stk-block stk-051ab46\" id=\"gestion-dinamica-br-y-flexible\" data-block-id=\"051ab46\"><style>.stk-051ab46 {z-index:0 !important;}.stk-051ab46 .stk-block-heading__text{font-size:30px !important;color:#1f3838 !important;}@media screen and (max-width: 1023px){.stk-051ab46 .stk-block-heading__text{font-size:30px !important;}}<\/style><h2 class=\"stk-block-heading__text has-text-color\">Une gestion dynamique et flexible<\/h2><\/div>\n<\/div>\n\n\n\n<div class=\"wp-block-column is-layout-flow wp-block-column-is-layout-flow\" style=\"flex-basis:10%\" data-block-type=\"core\"><\/div>\n\n\n\n<div class=\"wp-block-column is-vertically-aligned-top is-layout-flow wp-block-column-is-layout-flow\" style=\"flex-basis:100%\" data-block-type=\"core\">\n<p class=\"has-base-2-color has-text-color has-link-color wp-elements-2a4001da1a7afab0caced04353eb9632\" style=\"font-size:clamp(0.875rem, 0.875rem + ((1vw - 0.2rem) * 0.469), 1.25rem);\" data-block-type=\"core\">Une gestion active des expositions offre la flexibilit\u00e9 n\u00e9cessaire pour adapter les choix d\u2019investissement aux diff\u00e9rents contextes de march\u00e9.<\/p>\n<\/div>\n<\/div>\n<\/div>\n<\/div>\n\n\n\n<div class=\"wp-block-group has-global-padding is-layout-constrained wp-container-core-group-is-layout-08eaa1db wp-block-group-is-layout-constrained\" style=\"padding-top:0;padding-right:var(--wp--preset--spacing--10);padding-bottom:0;padding-left:var(--wp--preset--spacing--10)\" data-block-type=\"core\">\n<div class=\"wp-block-group has-custom-color-1-background-color has-background is-nowrap is-layout-flex wp-container-core-group-is-layout-de5fc3a3 wp-block-group-is-layout-flex\" style=\"border-top-left-radius:100px;min-height:244px;padding-top:var(--wp--preset--spacing--30);padding-right:var(--wp--preset--spacing--30);padding-bottom:var(--wp--preset--spacing--30);padding-left:var(--wp--preset--spacing--30)\" data-block-type=\"core\">\n<div class=\"wp-block-columns are-vertically-aligned-top is-layout-flex wp-container-core-columns-is-layout-4677c676 wp-block-columns-is-layout-flex\" style=\"margin-top:0;margin-bottom:0;padding-top:var(--wp--preset--spacing--10);padding-right:var(--wp--preset--spacing--10);padding-bottom:var(--wp--preset--spacing--10);padding-left:var(--wp--preset--spacing--10)\" data-block-type=\"core\">\n<div class=\"wp-block-column is-vertically-aligned-top is-layout-flow wp-block-column-is-layout-flow\" style=\"padding-top:0;padding-right:0;padding-bottom:0;padding-left:0;flex-basis:40%\" data-block-type=\"core\">\n<div class=\"wp-block-stackable-divider stk-block-divider stk-block stk-61f3e43\" data-block-id=\"61f3e43\"><style>.stk-61f3e43 hr.stk-block-divider__hr{background:#00000000 !important;height:1px !important;}@media screen and (max-width: 767px){.stk-61f3e43 hr.stk-block-divider__hr{height:25px !important;}}<\/style><hr class=\"stk-block-divider__hr\"\/><\/div>\n\n\n\n<div class=\"wp-block-stackable-heading stk-block-heading stk-block-heading--v2 stk-block stk-2c78161\" id=\"estrategia-de-inversion-br-equilibrada-y-diversificada\" data-block-id=\"2c78161\"><style>.stk-2c78161 {z-index:0 !important;}.stk-2c78161 .stk-block-heading__text{font-size:30px !important;color:#1f3838 !important;}@media screen and (max-width: 1023px){.stk-2c78161 .stk-block-heading__text{font-size:30px !important;}}<\/style><h2 class=\"stk-block-heading__text has-text-color\">Strat\u00e9gie d\u2019investissement \u00e9quilibr\u00e9e et diversifi\u00e9e<\/h2><\/div>\n<\/div>\n\n\n\n<div class=\"wp-block-column is-layout-flow wp-block-column-is-layout-flow\" style=\"flex-basis:10%\" data-block-type=\"core\"><\/div>\n\n\n\n<div class=\"wp-block-column is-vertically-aligned-top is-layout-flow wp-block-column-is-layout-flow\" style=\"flex-basis:100%\" data-block-type=\"core\">\n<p class=\"has-base-2-color has-text-color has-link-color wp-elements-dd674485f3af4831c3ea999c537d00eb\" style=\"font-size:clamp(0.875rem, 0.875rem + ((1vw - 0.2rem) * 0.469), 1.25rem);\" data-block-type=\"core\">Les strat\u00e9gies traditionnelles de gestion d\u2019un portefeuille \u00e9quilibr\u00e9 et diversifi\u00e9 pr\u00e9sentent souvent une distribution des performances qui affiche une asym\u00e9trie n\u00e9gative. En effet, les principaux march\u00e9s actions et obligataires produisent fr\u00e9quemment des performances modestes, ponctu\u00e9es occasionnellement par des pertes importantes. Cette volatilit\u00e9 des performances s\u2019est manifest\u00e9e lors de divers \u00e9v\u00e9nements majeurs, notamment la crise du march\u00e9 obligataire de 1994, \u00e9galement appel\u00e9e la Grande D\u00e9b\u00e2cle Obligataire, les attaques terroristes du 11 septembre 2001, l&rsquo;\u00e9clatement de la bulle immobili\u00e8re suivi de la crise financi\u00e8re, ainsi qu\u2019au moment o\u00f9 les politiques d\u2019assouplissement quantitatif ont pris fin.  <\/p>\n<\/div>\n<\/div>\n<\/div>\n<\/div>\n\n\n\n<div class=\"wp-block-group has-global-padding is-layout-constrained wp-container-core-group-is-layout-08eaa1db wp-block-group-is-layout-constrained\" style=\"padding-top:0;padding-right:var(--wp--preset--spacing--10);padding-bottom:0;padding-left:var(--wp--preset--spacing--10)\" data-block-type=\"core\">\n<div class=\"wp-block-group has-custom-color-1-background-color has-background is-nowrap is-layout-flex wp-container-core-group-is-layout-de5fc3a3 wp-block-group-is-layout-flex\" style=\"border-top-left-radius:100px;min-height:244px;padding-top:var(--wp--preset--spacing--30);padding-right:var(--wp--preset--spacing--30);padding-bottom:var(--wp--preset--spacing--30);padding-left:var(--wp--preset--spacing--30)\" data-block-type=\"core\">\n<div class=\"wp-block-columns are-vertically-aligned-top is-layout-flex wp-container-core-columns-is-layout-4677c676 wp-block-columns-is-layout-flex\" style=\"margin-top:0;margin-bottom:0;padding-top:var(--wp--preset--spacing--10);padding-right:var(--wp--preset--spacing--10);padding-bottom:var(--wp--preset--spacing--10);padding-left:var(--wp--preset--spacing--10)\" data-block-type=\"core\">\n<div class=\"wp-block-column is-vertically-aligned-top is-layout-flow wp-block-column-is-layout-flow\" style=\"padding-top:0;padding-right:0;padding-bottom:0;padding-left:0;flex-basis:40%\" data-block-type=\"core\">\n<div class=\"wp-block-stackable-divider stk-block-divider stk-block stk-d45ca63\" data-block-id=\"d45ca63\"><style>.stk-d45ca63 hr.stk-block-divider__hr{background:#00000000 !important;height:1px !important;}@media screen and (max-width: 767px){.stk-d45ca63 hr.stk-block-divider__hr{height:25px !important;}}<\/style><hr class=\"stk-block-divider__hr\"\/><\/div>\n\n\n\n<div class=\"wp-block-stackable-heading stk-block-heading stk-block-heading--v2 stk-block stk-acc3c08\" id=\"integracion-explicita-de-la-br-asimetria-en-la-gestion-de-riesgos-br-y-el-analisis-de-la-rentabilidad-br-esperada\" data-block-id=\"acc3c08\"><style>.stk-acc3c08 {z-index:0 !important;}.stk-acc3c08 .stk-block-heading__text{font-size:30px !important;color:#1f3838 !important;}@media screen and (max-width: 1023px){.stk-acc3c08 .stk-block-heading__text{font-size:30px !important;}}<\/style><h2 class=\"stk-block-heading__text has-text-color\">Int\u00e9gration de l&rsquo;asym\u00e9trie dans la gestion des risques et l\u2019analyse des performances attendues<\/h2><\/div>\n<\/div>\n\n\n\n<div class=\"wp-block-column is-layout-flow wp-block-column-is-layout-flow\" style=\"flex-basis:10%\" data-block-type=\"core\"><\/div>\n\n\n\n<div class=\"wp-block-column is-vertically-aligned-top is-layout-flow wp-block-column-is-layout-flow\" style=\"flex-basis:100%\" data-block-type=\"core\">\n<p class=\"has-base-2-color has-text-color has-link-color wp-elements-b736be943b5099542f0be24d03211065\" style=\"font-size:clamp(0.875rem, 0.875rem + ((1vw - 0.2rem) * 0.469), 1.25rem);\" data-block-type=\"core\">L\u2019int\u00e9gration explicite de l&rsquo;asym\u00e9trie dans l\u2019analyse des rendements constitue une approche technique jug\u00e9e plus pertinente pour anticiper les performances attendues d\u2019un portefeuille. Cette m\u00e9thode ne se limite pas \u00e0 la moyenne des rendements : elle prend \u00e9galement en consid\u00e9ration les valeurs extr\u00eames, c\u2019est-\u00e0-dire les gains ou pertes exceptionnels qui peuvent survenir. Ainsi, l\u2019\u00e9valuation ne s\u2019appuie pas uniquement sur le rendement moyen attendu, mais int\u00e8gre l\u2019ensemble de la distribution des r\u00e9sultats potentiels, ce qui permet une vision plus compl\u00e8te du risque et du potentiel de performance.  <\/p>\n<\/div>\n<\/div>\n<\/div>\n<\/div>\n\n\n\n<div class=\"wp-block-group has-global-padding is-layout-constrained wp-container-core-group-is-layout-08eaa1db wp-block-group-is-layout-constrained\" style=\"padding-top:0;padding-right:var(--wp--preset--spacing--10);padding-bottom:0;padding-left:var(--wp--preset--spacing--10)\" data-block-type=\"core\">\n<div class=\"wp-block-group has-custom-color-1-background-color has-background is-nowrap is-layout-flex wp-container-core-group-is-layout-de5fc3a3 wp-block-group-is-layout-flex\" style=\"border-top-left-radius:100px;min-height:244px;padding-top:var(--wp--preset--spacing--30);padding-right:var(--wp--preset--spacing--30);padding-bottom:var(--wp--preset--spacing--30);padding-left:var(--wp--preset--spacing--30)\" data-block-type=\"core\">\n<div class=\"wp-block-columns are-vertically-aligned-top is-layout-flex wp-container-core-columns-is-layout-4677c676 wp-block-columns-is-layout-flex\" style=\"margin-top:0;margin-bottom:0;padding-top:var(--wp--preset--spacing--10);padding-right:var(--wp--preset--spacing--10);padding-bottom:var(--wp--preset--spacing--10);padding-left:var(--wp--preset--spacing--10)\" data-block-type=\"core\">\n<div class=\"wp-block-column is-vertically-aligned-top is-layout-flow wp-block-column-is-layout-flow\" style=\"padding-top:0;padding-right:0;padding-bottom:0;padding-left:0;flex-basis:40%\" data-block-type=\"core\">\n<div class=\"wp-block-stackable-divider stk-block-divider stk-block stk-d388bba\" data-block-id=\"d388bba\"><style>.stk-d388bba hr.stk-block-divider__hr{background:#00000000 !important;height:1px !important;}@media screen and (max-width: 767px){.stk-d388bba hr.stk-block-divider__hr{height:25px !important;}}<\/style><hr class=\"stk-block-divider__hr\"\/><\/div>\n\n\n\n<div class=\"wp-block-stackable-heading stk-block-heading stk-block-heading--v2 stk-block stk-d59218e\" id=\"asignacion-de-activos-eficaz\" data-block-id=\"d59218e\"><style>.stk-d59218e {z-index:0 !important;}.stk-d59218e .stk-block-heading__text{font-size:30px !important;color:#1f3838 !important;}@media screen and (max-width: 1023px){.stk-d59218e .stk-block-heading__text{font-size:30px !important;}}<\/style><h3 class=\"stk-block-heading__text has-text-color\">Une allocation efficace des actifs<\/h3><\/div>\n<\/div>\n\n\n\n<div class=\"wp-block-column is-layout-flow wp-block-column-is-layout-flow\" style=\"flex-basis:10%\" data-block-type=\"core\"><\/div>\n\n\n\n<div class=\"wp-block-column is-vertically-aligned-top is-layout-flow wp-block-column-is-layout-flow\" style=\"flex-basis:100%\" data-block-type=\"core\">\n<p class=\"has-base-2-color has-text-color has-link-color wp-elements-2b9beaee5afd29a72c9e741ba8d3c512\" style=\"font-size:clamp(0.875rem, 0.875rem + ((1vw - 0.2rem) * 0.469), 1.25rem);\" data-block-type=\"core\">Cette prise en compte des extr\u00eames est essentielle pour les investisseurs, dans la mesure o\u00f9 ils sont rarement en position de conserver leurs placements suffisamment longtemps pour que la performance moyenne esp\u00e9r\u00e9e se r\u00e9alise naturellement. En cons\u00e9quence, la capacit\u00e9 \u00e0 anticiper et \u00e0 int\u00e9grer les sc\u00e9narios extr\u00eames dans la gestion du portefeuille devient un atout d\u00e9terminant pour une allocation d\u2019actifs efficace. L&rsquo;approche d&rsquo;allocation d&rsquo;actifs d\u2019Asymmetriqa vise \u00e0 maximiser l&rsquo;asym\u00e9trie positive des performances.  <\/p>\n<\/div>\n<\/div>\n<\/div>\n<\/div>\n\n\n\n<div class=\"wp-block-stackable-divider stk-block-divider stk-block stk-324ae2c\" data-block-id=\"324ae2c\"><style>.stk-324ae2c hr.stk-block-divider__hr{background:#00000000 !important;height:100px !important;}@media screen and (max-width: 1023px){.stk-324ae2c hr.stk-block-divider__hr{height:1px !important;}}@media screen and (max-width: 767px){.stk-324ae2c hr.stk-block-divider__hr{height:10px !important;}}<\/style><hr class=\"stk-block-divider__hr\"\/><\/div>\n\n\n\n<div class=\"wp-block-group has-global-padding is-layout-constrained wp-block-group-is-layout-constrained has-background\" style=\"min-height:525px;background-image:url(&apos;https:\/\/asymmetriqa.com\/wp-content\/uploads\/2025\/10\/IMG-INTRO-FONDOS-scaled.jpg&apos;);background-position:33% 40%;background-size:cover;\" data-block-type=\"core\"><\/div>\n","protected":false},"excerpt":{"rendered":"<p>Une solution cl\u00e9 en main Souscrire \u00e0 nos Fonds permet aux investisseurs d&rsquo;acc\u00e9der \u00e0 un portefeuille d&rsquo;investissement \u00e9quilibr\u00e9 et diversifi\u00e9, adapt\u00e9 \u00e0 leurs objectifs et \u00e0 leur profil de risque, pour un montant sur mesure. Un ensemble d\u00b4opportunit\u00e9s \u00e9largi L\u2019objectif est de saisir les opportunit\u00e9s disponibles dans un univers d\u2019investissement enrichi, qui s\u2019\u00e9tend au-del\u00e0 des [&hellip;]<\/p>\n","protected":false},"author":1,"featured_media":0,"parent":0,"menu_order":0,"comment_status":"closed","ping_status":"closed","template":"","meta":{"footnotes":""},"class_list":["post-3872","page","type-page","status-publish","hentry"],"_links":{"self":[{"href":"https:\/\/asymmetriqa.com\/fr\/wp-json\/wp\/v2\/pages\/3872","targetHints":{"allow":["GET"]}}],"collection":[{"href":"https:\/\/asymmetriqa.com\/fr\/wp-json\/wp\/v2\/pages"}],"about":[{"href":"https:\/\/asymmetriqa.com\/fr\/wp-json\/wp\/v2\/types\/page"}],"author":[{"embeddable":true,"href":"https:\/\/asymmetriqa.com\/fr\/wp-json\/wp\/v2\/users\/1"}],"replies":[{"embeddable":true,"href":"https:\/\/asymmetriqa.com\/fr\/wp-json\/wp\/v2\/comments?post=3872"}],"version-history":[{"count":13,"href":"https:\/\/asymmetriqa.com\/fr\/wp-json\/wp\/v2\/pages\/3872\/revisions"}],"predecessor-version":[{"id":5327,"href":"https:\/\/asymmetriqa.com\/fr\/wp-json\/wp\/v2\/pages\/3872\/revisions\/5327"}],"wp:attachment":[{"href":"https:\/\/asymmetriqa.com\/fr\/wp-json\/wp\/v2\/media?parent=3872"}],"curies":[{"name":"wp","href":"https:\/\/api.w.org\/{rel}","templated":true}]}}